{"id":476,"date":"2024-08-28T09:43:50","date_gmt":"2024-08-28T09:43:50","guid":{"rendered":"https:\/\/obuda.hu\/aldozatsegites\/?page_id=476"},"modified":"2025-07-16T17:01:12","modified_gmt":"2025-07-16T17:01:12","slug":"szepsegipari-dolgozok-kepzese","status":"publish","type":"page","link":"https:\/\/obuda.hu\/aldozatsegites\/szepsegipari-dolgozok-kepzese\/","title":{"rendered":"Sz\u00e9ps\u00e9gipari dolgoz\u00f3k k\u00e9pz\u00e9se"},"content":{"rendered":"\t\t<div data-elementor-type=\"wp-page\" data-elementor-id=\"476\" class=\"elementor elementor-476\">\n\t\t\t\t\t\t\t\t\t<section class=\"elementor-section elementor-top-section elementor-element elementor-element-e00942f elementor-section-boxed elementor-section-height-default elementor-section-height-default\" data-id=\"e00942f\" data-element_type=\"section\" data-settings=\"{&quot;background_background&quot;:&quot;classic&quot;}\">\n\t\t\t\t\t\t<div class=\"elementor-container elementor-column-gap-default\">\n\t\t\t\t\t<div class=\"elementor-column elementor-col-100 elementor-top-column elementor-element elementor-element-c15a56a\" data-id=\"c15a56a\" data-element_type=\"column\">\n\t\t\t<div class=\"elementor-widget-wrap elementor-element-populated\">\n\t\t\t\t\t\t\t\t<div class=\"elementor-element elementor-element-5f8c3fd elementor-widget elementor-widget-heading\" data-id=\"5f8c3fd\" data-element_type=\"widget\" data-widget_type=\"heading.default\">\n\t\t\t\t<div class=\"elementor-widget-container\">\n\t\t\t<style>\/*! elementor - v3.7.8 - 02-10-2022 *\/\n.elementor-heading-title{padding:0;margin:0;line-height:1}.elementor-widget-heading .elementor-heading-title[class*=elementor-size-]>a{color:inherit;font-size:inherit;line-height:inherit}.elementor-widget-heading .elementor-heading-title.elementor-size-small{font-size:15px}.elementor-widget-heading .elementor-heading-title.elementor-size-medium{font-size:19px}.elementor-widget-heading .elementor-heading-title.elementor-size-large{font-size:29px}.elementor-widget-heading .elementor-heading-title.elementor-size-xl{font-size:39px}.elementor-widget-heading .elementor-heading-title.elementor-size-xxl{font-size:59px}<\/style><h2 class=\"elementor-heading-title elementor-size-default\"><b>\u00d3BUDA-B\u00c9K\u00c1SMEGYER \u00d6NKORM\u00c1NYZAT \u00c9S A NANE EGYES\u00dcLET <\/b><br><b>INGYENES K\u00c9PZ\u00c9SE SZ\u00c9PS\u00c9GIPARI SZAKEMBEREK SZ\u00c1M\u00c1RA<\/b>\n<\/h2>\t\t<\/div>\n\t\t\t\t<\/div>\n\t\t\t\t<div class=\"elementor-element elementor-element-c7ac8db elementor-widget elementor-widget-text-editor\" data-id=\"c7ac8db\" data-element_type=\"widget\" data-widget_type=\"text-editor.default\">\n\t\t\t\t<div class=\"elementor-widget-container\">\n\t\t\t<style>\/*! elementor - v3.7.8 - 02-10-2022 *\/\n.elementor-widget-text-editor.elementor-drop-cap-view-stacked .elementor-drop-cap{background-color:#818a91;color:#fff}.elementor-widget-text-editor.elementor-drop-cap-view-framed .elementor-drop-cap{color:#818a91;border:3px solid;background-color:transparent}.elementor-widget-text-editor:not(.elementor-drop-cap-view-default) .elementor-drop-cap{margin-top:8px}.elementor-widget-text-editor:not(.elementor-drop-cap-view-default) .elementor-drop-cap-letter{width:1em;height:1em}.elementor-widget-text-editor .elementor-drop-cap{float:left;text-align:center;line-height:1;font-size:50px}.elementor-widget-text-editor .elementor-drop-cap-letter{display:inline-block}<\/style>\t\t\t\t<p><span style=\"color: #d34a2e;\"><b>A statisztik\u00e1k szerint Magyarorsz\u00e1gon megk\u00f6zel\u00edt\u0151leg minden m\u00e1sodik n\u0151 v\u00e1lik \u00e9lete sor\u00e1n p\u00e1rkapcsolati er\u0151szak \u00e1ldozat\u00e1v\u00e1,&nbsp;<\/b><\/span>\u00e9s jelenleg is t\u00f6bb, mint 280 ezer magyar n\u0151 \u00e9l b\u00e1ntalmaz\u00f3 kapcsolatban.<\/p>\n<p><span style=\"color: #d34a2e;\"><b>A p\u00e1rkapcsolaton bel\u00fcli er\u0151szak nem az els\u0151 pofonnal kezd\u0151dik. <\/b><\/span>A lelki, gazdas\u00e1gi, szexu\u00e1lis er\u0151szak mind-mind megel\u0151zheti a konkr\u00e9t fizikai er\u0151szakot, \u00e9s mindezek egy\u00fcttesen is jelen lehetnek.<\/p>\n<p>A sz\u00e9ps\u00e9giparban dolgoz\u00f3k \u00e9s a vend\u00e9geik k\u00f6z\u00f6tti bizalmi viszonynak k\u00f6sz\u00f6nhet\u0151en a sz\u00e9ps\u00e9gipari szakemberek (fodr\u00e1sz, kozmetikus, k\u00f6rm\u00f6s, stb.) a kezel\u00e9s, frizura k\u00e9sz\u00edt\u00e9s sor\u00e1n olyan besz\u00e9lget\u00e9sekbe is mer\u00fclhetnek a vend\u00e9geikkel, melyek sor\u00e1n<span style=\"font-size: 1rem;\">&nbsp;k\u00f6nnyen megny\u00edlhatnak olyannyira, hogy szavaikb\u00f3l kit\u0171nhet: elnyom\u00f3, b\u00e1ntalmaz\u00f3 kapcsolatban \u00e9lnek.&nbsp;<\/span><\/p>\n<p>K\u00fclf\u00f6ldi j\u00f3 p\u00e9ld\u00e1k mutatj\u00e1k, \u00e9s m\u00e1r saj\u00e1t tapasztalataink is meger\u0151s\u00edtik, hogy <span style=\"color: #d34a2e;\"><b>amennyiben a sz\u00e9ps\u00e9gipari dolgoz\u00f3k szakszer\u0171 felk\u00e9sz\u00edt\u00e9st kapnak<\/b><\/span> a csal\u00e1don bel\u00fcli \u00e9s p\u00e1rkapcsolati er\u0151szak jelens\u00e9g\u00e9vel \u00e9s az \u00e9rintettek t\u00e1mogat\u00e1s\u00e1val kapcsolatban, akkor <span style=\"color: #d34a2e;\"><b>hozz\u00e1\u00e9rt\u0151 \u00e9s biztons\u00e1gos m\u00f3don tudnak jelen lenni az \u00e9rintett vend\u00e9geik sz\u00e1m\u00e1ra.&nbsp;<\/b><\/span><\/p>\n<p>Megfelel\u0151 tud\u00e1s h\u00edj\u00e1n a szakemberek tehetetlennek, eszk\u00f6ztelennek \u00e9rezhetik magukat azzal kapcsolatban, hogy mit mondjanak vagy ne mondjanak, mi az, ami t\u00e1mogathatja az \u00e9rintett n\u0151ket, \u00e9s mi lehet az, ami ink\u00e1bb nehez\u00edti a helyzet\u00fcket. Nincsenek k\u00f6nny\u0171 szitu\u00e1ci\u00f3ban, mert az emp\u00e1tia, a tenni akar\u00e1s \u00f6nmag\u00e1ban ezekben a helyzetekben nem el\u00e9g.&nbsp;<\/p>\n<p>A sz\u00e9les k\u00f6rben elterjedt sztereot\u00edpi\u00e1k, el\u0151\u00edt\u00e9letek, a jelens\u00e9ggel kapcsolatos pontos inform\u00e1ci\u00f3k, a b\u00e1ntalmaz\u00f3 kapcsolatok m\u0171k\u00f6d\u00e9s\u00e9r\u0151l, dinamik\u00e1j\u00e1r\u00f3l sz\u00f3l\u00f3 ismeretek hi\u00e1nya is megnehez\u00edtheti, hogy a sz\u00e9ps\u00e9gipari szakember val\u00f3ban hat\u00e9konyan t\u00e1mogathassa, \u00e9s hasznos inform\u00e1ci\u00f3kkal l\u00e1ssa el az \u00e9rintetteket.<\/p>\n<p><span style=\"color: #d34a2e;\"><b>A III. ker\u00fcleti \u00d6nkorm\u00e1nyzat \u00e9s a NANE Egyes\u00fclet az\u00e9rt k\u00edn\u00e1l gyakorlat-orient\u00e1lt, ingyenes k\u00e9pz\u00e9st e ter\u00fclet dolgoz\u00f3inak, hogy a jelens\u00e9ggel \u00e9s az \u00e9rintettekkel kapcsolatba ker\u00fcl\u0151 III. ker\u00fcleti sz\u00e9ps\u00e9gipari szakemberek min\u00e9l felk\u00e9sz\u00fcltebbek legyenek az ilyen helyzetekben.<\/b><\/span><\/p>\t\t\t\t\t\t<\/div>\n\t\t\t\t<\/div>\n\t\t\t\t<div class=\"elementor-element elementor-element-267e31d elementor-widget elementor-widget-text-editor\" data-id=\"267e31d\" data-element_type=\"widget\" data-widget_type=\"text-editor.default\">\n\t\t\t\t<div class=\"elementor-widget-container\">\n\t\t\t\t\t\t\t<h3 style=\"text-align: center;\" data-elementor-setting-key=\"title\" data-pen-placeholder=\"Ide \u00edrj...\">\u00d3buda-B\u00e9k\u00e1smegyer \u00d6nkorm\u00e1nyzat \u00c1ldozatseg\u00edt\u0151 Programj\u00e1r\u00f3l<\/h3><p><span style=\"font-family: Montserrat; font-size: 10.5pt;\">\u00d3buda-B\u00e9k\u00e1smegyer \u00d6nkorm\u00e1nyzata 2022-ben h\u00edvta \u00e9letre \u00c1ldozatseg\u00edt\u0151 Programj\u00e1t, azzal a c\u00e9llal, hogy ker\u00fclet\u00fcnkben a p\u00e1rkapcsolati \u00e9s a csal\u00e1don bel\u00fcli er\u0151szak \u00e1ldozatai min\u00e9l gyorsabb \u00e9s szakszer\u0171bb t\u00e1mogat\u00e1sban r\u00e9szes\u00fcljenek, azoknak pedig, akik az \u00e1ldozatokkal kapcsolatba ker\u00fclnek, min\u00e9l naprak\u00e9szebb \u00e9s sz\u00e9lesebb k\u00f6r\u0171 ismereteik legyenek, a seg\u00edts\u00e9gny\u00fajt\u00e1s pedig a lehet\u0151 leghat\u00e9konyabb legyen.<\/span><\/p><p style=\"margin: 0cm 0cm 6pt; font-size: 12pt; font-family: 'Times New Roman', serif; color: #000000; font-weight: 400; text-align: start;\"><span style=\"font-size: 10.5pt; font-family: Montserrat; color: #f1dcbc;\">Az orsz\u00e1gos szinten is el\u0151remutat\u00f3 kezdem\u00e9nyez\u00e9s a NANE, valamint a Patent Egyes\u00fclet szakmai seg\u00edts\u00e9ge \u00e9s tan\u00e1csad\u00e1sa mellett val\u00f3sul meg, az \u00f6nkorm\u00e1nyzatunkkal k\u00f6t\u00f6tt hossz\u00fa t\u00e1v\u00fa meg\u00e1llapod\u00e1s \u00e9rtelm\u00e9ben.<\/span><\/p><p style=\"margin: 0cm 0cm 6pt; font-size: 12pt; font-family: 'Times New Roman', serif; color: #000000; font-weight: 400; text-align: start;\"><span style=\"font-size: 10.5pt; font-family: Montserrat; color: #f1dcbc;\">A ker\u00fcleti szoci\u00e1lis \u00e9s rendv\u00e9delmi dolgoz\u00f3k, \u00f3vodai \u00e9s b\u00f6lcs\u0151dei dolgoz\u00f3k, valamint a v\u00e9d\u0151n\u0151k k\u00e9pz\u00e9s\u00e9t k\u00f6vet\u0151en c\u00e9lunk a ker\u00fcleti sz\u00e9ps\u00e9gipari szakemberek r\u00e9sz\u00e9re is eszk\u00f6zk\u00e9szletet biztos\u00edtani a b\u00e1ntalmazottak eredm\u00e9nyes seg\u00edt\u00e9s\u00e9hez.<\/span><\/p><p style=\"margin: 0cm 0cm 6pt; font-size: 12pt; font-family: 'Times New Roman', serif; color: #000000; font-weight: 400; text-align: start;\"><span style=\"font-size: 10.5pt; font-family: Montserrat; color: #f1dcbc;\">A programr\u00f3l b\u0151vebben <a href=\"https:\/\/obuda.hu\/aldozatsegites\/\">ITT<\/a><\/span><span style=\"font-size: 10.5pt; font-family: Montserrat; color: #f1dcbc;\">\u00a0tudnak olvasni.<\/span><\/p>\t\t\t\t\t\t<\/div>\n\t\t\t\t<\/div>\n\t\t\t\t<div class=\"elementor-element elementor-element-302bbbb elementor-widget elementor-widget-heading\" data-id=\"302bbbb\" data-element_type=\"widget\" data-widget_type=\"heading.default\">\n\t\t\t\t<div class=\"elementor-widget-container\">\n\t\t\t<h2 class=\"elementor-heading-title elementor-size-default\"><b>K\u00c9PZ\u00c9SI R\u00c9SZLETEK\n<\/b>\n<\/h2>\t\t<\/div>\n\t\t\t\t<\/div>\n\t\t\t\t<div class=\"elementor-element elementor-element-1c31b77 elementor-widget elementor-widget-text-editor\" data-id=\"1c31b77\" data-element_type=\"widget\" data-widget_type=\"text-editor.default\">\n\t\t\t\t<div class=\"elementor-widget-container\">\n\t\t\t\t\t\t\t<p>Az \u00d6nkorm\u00e1nyzat \u00e1ltal biztos\u00edtott ingyenes k\u00e9pz\u00e9st a n\u0151k elleni er\u0151szak t\u00e9mak\u00f6r\u00e9re specializ\u00e1l\u00f3dott NANE Egyes\u00fclet tapasztalt munkat\u00e1rsai v\u00e9gzik. A k\u00e9pz\u00e9s elv\u00e9gz\u00e9s\u00e9r\u0151l a r\u00e9sztvev\u0151knek tan\u00fas\u00edtv\u00e1nyt biztos\u00edtunk.<\/p><h3>KIKNEK SZ\u00d3L A K\u00c9PZ\u00c9S?<\/h3><p>Szeretettel v\u00e1runk minden a harmadik ker\u00fcletben \u00e9l\u0151 vagy dolgoz\u00f3 szakembert, akik munk\u00e1juk sor\u00e1n k\u00f6zelebbi kapcsolatba ker\u00fclhetnek csal\u00e1don bel\u00fcli \u00e9s p\u00e1rkapcsolati er\u0151szak \u00e1ldozataival, \u00e9s tudni szeretn\u00e9k, hogyan t\u00e1mogathatj\u00e1k \u0151ket a leghat\u00e9konyabban.<\/p><p>A k\u00e9pz\u00e9s anyaga sz\u00e9ps\u00e9gipari szakemberek r\u00e9sz\u00e9re lett \u00f6ssze\u00e1ll\u00edtva, \u00edgy els\u0151sorban a k\u00f6vetkez\u0151 szakm\u00e1kb\u00f3l v\u00e1rjuk a jelentkez\u0151ket: kozmetikus, fodr\u00e1sz, m\u0171k\u00f6rm\u00f6s, pedik\u0171r\u00f6s, pill\u00e1s, massz\u0151r, sminktetov\u00e1l\u00f3, tetov\u00e1l\u00f3.<br \/><span style=\"font-size: 1rem;\">Akkor is nyugodtan jelentkezzen azonban, ha a szakm\u00e1j\u00e1t nem l\u00e1tja a list\u00e1n, de \u00fagy \u00e9rzi, \u00f6nnek \u00e9s vend\u00e9geinek is haszn\u00e1ra lehetne a k\u00e9pz\u00e9s, \u00e9s felvessz\u00fck \u00f6nnel a kapcsolatot.<\/span><\/p><h3>HELYSZ\u00cdN \u00c9S ID\u0150PONT<\/h3><p style=\"padding-left: 40px;\"><b style=\"font-size: 1rem;\">Helysz\u00edn:<\/b><span style=\"font-size: 1rem;\">\u00a0\u00d3budai Rehabilit\u00e1ci\u00f3s \u00e9s Foglalkoztat\u00e1si K\u00f6zpont,\u00a0<a href=\"https:\/\/maps.app.goo.gl\/sDbg8xasDN6NjCo18\">1033 Budapest, Benedek Elek utca 1<span style=\"color: #e15026;\">\u20133.<\/span><\/a><br \/><\/span><b style=\"font-size: 1rem;\">Id\u0151pont: <\/b><span style=\"font-size: 1rem;\">2025. szeptember 15.,\u00a0h\u00e9tf\u0151, 9:00<\/span><span style=\"font-size: 1rem;\">\u2013<\/span><span style=\"font-size: 1rem;\">17:00<br \/><\/span><b style=\"font-size: 1rem;\">Jelentkez\u00e9s hat\u00e1rideje:\u00a0<\/b>2025. augusztus 31., vas\u00e1rnap<\/p><h3>JELENTKEZ\u00c9S<\/h3><p>Jelentkez\u00e9s\u00e9t a NANE Egyes\u00fclet \u0171rlapj\u00e1n adhatja le\u00a0<a href=\"https:\/\/forms.gle\/nGYfWSx1KnwuopMi7\">itt<\/a>.<\/p><p><i>A jelentkez\u00e9s sor\u00e1n megadott e-mail c\u00edm\u00e9n legk\u00e9s\u0151bb szeptember els\u0151 het\u00e9ben keress\u00fck a tov\u00e1bbi r\u00e9szletekkel.<\/i><\/p>\t\t\t\t\t\t<\/div>\n\t\t\t\t<\/div>\n\t\t\t\t<div class=\"elementor-element elementor-element-58f69e8 elementor-widget elementor-widget-image\" data-id=\"58f69e8\" data-element_type=\"widget\" data-widget_type=\"image.default\">\n\t\t\t\t<div class=\"elementor-widget-container\">\n\t\t\t<style>\/*! elementor - v3.7.8 - 02-10-2022 *\/\n.elementor-widget-image{text-align:center}.elementor-widget-image a{display:inline-block}.elementor-widget-image a img[src$=\".svg\"]{width:48px}.elementor-widget-image img{vertical-align:middle;display:inline-block}<\/style>\t\t\t\t\t\t\t\t\t\t\t\t<img loading=\"lazy\" decoding=\"async\" width=\"276\" height=\"308\" src=\"https:\/\/obuda.hu\/aldozatsegites\/wp-content\/uploads\/2022\/10\/obuda_cimer.png\" class=\"attachment-large size-large\" alt=\"\" srcset=\"https:\/\/obuda.hu\/aldozatsegites\/wp-content\/uploads\/2022\/10\/obuda_cimer.png 276w, https:\/\/obuda.hu\/aldozatsegites\/wp-content\/uploads\/2022\/10\/obuda_cimer-269x300.png 269w\" sizes=\"auto, (max-width: 276px) 100vw, 276px\" \/>\t\t\t\t\t\t\t\t\t\t\t\t\t\t\t<\/div>\n\t\t\t\t<\/div>\n\t\t\t\t\t<\/div>\n\t\t<\/div>\n\t\t\t\t\t\t\t<\/div>\n\t\t<\/section>\n\t\t\t\t\t\t\t<\/div>\n\t\t","protected":false},"excerpt":{"rendered":"<p>\u00d3BUDA-B\u00c9K\u00c1SMEGYER \u00d6NKORM\u00c1NYZAT \u00c9S A NANE EGYES\u00dcLET INGYENES K\u00c9PZ\u00c9SE SZ\u00c9PS\u00c9GIPARI SZAKEMBEREK SZ\u00c1M\u00c1RA A statisztik\u00e1k szerint Magyarorsz\u00e1gon megk\u00f6zel\u00edt\u0151leg minden m\u00e1sodik n\u0151 v\u00e1lik \u00e9lete sor\u00e1n p\u00e1rkapcsolati er\u0151szak \u00e1ldozat\u00e1v\u00e1,&nbsp;\u00e9s jelenleg is t\u00f6bb, mint 280 ezer magyar n\u0151 \u00e9l b\u00e1ntalmaz\u00f3 kapcsolatban. A p\u00e1rkapcsolaton bel\u00fcli er\u0151szak nem az els\u0151 pofonnal kezd\u0151dik. A lelki, gazdas\u00e1gi, szexu\u00e1lis er\u0151szak mind-mind megel\u0151zheti a konkr\u00e9t fizikai [&hellip;]<\/p>\n","protected":false},"author":1,"featured_media":0,"parent":0,"menu_order":0,"comment_status":"closed","ping_status":"closed","template":"elementor_canvas","meta":{"footnotes":""},"class_list":["post-476","page","type-page","status-publish","hentry"],"yoast_head":"<!-- This site is optimized with the Yoast SEO plugin v21.6 - https:\/\/yoast.com\/wordpress\/plugins\/seo\/ -->\n<title>Sz\u00e9ps\u00e9gipari dolgoz\u00f3k k\u00e9pz\u00e9se - \u00d3buda-B\u00e9k\u00e1smegyer \u00d6nkorm\u00e1nyzat \u00c1ldozatseg\u00edt\u0151 Programja<\/title>\n<meta name=\"robots\" content=\"index, follow, max-snippet:-1, max-image-preview:large, max-video-preview:-1\" \/>\n<link rel=\"canonical\" href=\"https:\/\/obuda.hu\/aldozatsegites\/szepsegipari-dolgozok-kepzese\/\" \/>\n<meta property=\"og:locale\" content=\"hu_HU\" \/>\n<meta property=\"og:type\" content=\"article\" \/>\n<meta property=\"og:title\" content=\"Sz\u00e9ps\u00e9gipari dolgoz\u00f3k k\u00e9pz\u00e9se - \u00d3buda-B\u00e9k\u00e1smegyer \u00d6nkorm\u00e1nyzat \u00c1ldozatseg\u00edt\u0151 Programja\" \/>\n<meta property=\"og:description\" content=\"\u00d3BUDA-B\u00c9K\u00c1SMEGYER \u00d6NKORM\u00c1NYZAT \u00c9S A NANE EGYES\u00dcLET INGYENES K\u00c9PZ\u00c9SE SZ\u00c9PS\u00c9GIPARI SZAKEMBEREK SZ\u00c1M\u00c1RA A statisztik\u00e1k szerint Magyarorsz\u00e1gon megk\u00f6zel\u00edt\u0151leg minden m\u00e1sodik n\u0151 v\u00e1lik \u00e9lete sor\u00e1n p\u00e1rkapcsolati er\u0151szak \u00e1ldozat\u00e1v\u00e1,&nbsp;\u00e9s jelenleg is t\u00f6bb, mint 280 ezer magyar n\u0151 \u00e9l b\u00e1ntalmaz\u00f3 kapcsolatban. A p\u00e1rkapcsolaton bel\u00fcli er\u0151szak nem az els\u0151 pofonnal kezd\u0151dik. A lelki, gazdas\u00e1gi, szexu\u00e1lis er\u0151szak mind-mind megel\u0151zheti a konkr\u00e9t fizikai [&hellip;]\" \/>\n<meta property=\"og:url\" content=\"https:\/\/obuda.hu\/aldozatsegites\/szepsegipari-dolgozok-kepzese\/\" \/>\n<meta property=\"og:site_name\" content=\"\u00d3buda-B\u00e9k\u00e1smegyer \u00d6nkorm\u00e1nyzat \u00c1ldozatseg\u00edt\u0151 Programja\" \/>\n<meta property=\"article:modified_time\" content=\"2025-07-16T17:01:12+00:00\" \/>\n<meta property=\"og:image\" content=\"https:\/\/obuda.hu\/aldozatsegites\/wp-content\/uploads\/2022\/10\/obuda_cimer.png\" \/>\n<meta name=\"twitter:card\" content=\"summary_large_image\" \/>\n<meta name=\"twitter:label1\" content=\"Becs\u00fclt olvas\u00e1si id\u0151\" \/>\n\t<meta name=\"twitter:data1\" content=\"4 perc\" \/>\n<script type=\"application\/ld+json\" class=\"yoast-schema-graph\">{\"@context\":\"https:\/\/schema.org\",\"@graph\":[{\"@type\":\"WebPage\",\"@id\":\"https:\/\/obuda.hu\/aldozatsegites\/szepsegipari-dolgozok-kepzese\/\",\"url\":\"https:\/\/obuda.hu\/aldozatsegites\/szepsegipari-dolgozok-kepzese\/\",\"name\":\"Sz\u00e9ps\u00e9gipari dolgoz\u00f3k k\u00e9pz\u00e9se - \u00d3buda-B\u00e9k\u00e1smegyer \u00d6nkorm\u00e1nyzat \u00c1ldozatseg\u00edt\u0151 Programja\",\"isPartOf\":{\"@id\":\"https:\/\/obuda.hu\/aldozatsegites\/#website\"},\"datePublished\":\"2024-08-28T09:43:50+00:00\",\"dateModified\":\"2025-07-16T17:01:12+00:00\",\"breadcrumb\":{\"@id\":\"https:\/\/obuda.hu\/aldozatsegites\/szepsegipari-dolgozok-kepzese\/#breadcrumb\"},\"inLanguage\":\"hu\",\"potentialAction\":[{\"@type\":\"ReadAction\",\"target\":[\"https:\/\/obuda.hu\/aldozatsegites\/szepsegipari-dolgozok-kepzese\/\"]}]},{\"@type\":\"BreadcrumbList\",\"@id\":\"https:\/\/obuda.hu\/aldozatsegites\/szepsegipari-dolgozok-kepzese\/#breadcrumb\",\"itemListElement\":[{\"@type\":\"ListItem\",\"position\":1,\"name\":\"Kezd\u0151lap\",\"item\":\"https:\/\/obuda.hu\/aldozatsegites\/\"},{\"@type\":\"ListItem\",\"position\":2,\"name\":\"Sz\u00e9ps\u00e9gipari dolgoz\u00f3k k\u00e9pz\u00e9se\"}]},{\"@type\":\"WebSite\",\"@id\":\"https:\/\/obuda.hu\/aldozatsegites\/#website\",\"url\":\"https:\/\/obuda.hu\/aldozatsegites\/\",\"name\":\"\u00d3buda-B\u00e9k\u00e1smegyer \u00d6nkorm\u00e1nyzat \u00c1ldozatseg\u00edt\u0151 Programja\",\"description\":\"\",\"potentialAction\":[{\"@type\":\"SearchAction\",\"target\":{\"@type\":\"EntryPoint\",\"urlTemplate\":\"https:\/\/obuda.hu\/aldozatsegites\/?s={search_term_string}\"},\"query-input\":\"required name=search_term_string\"}],\"inLanguage\":\"hu\"}]}<\/script>\n<!-- \/ Yoast SEO plugin. -->","yoast_head_json":{"title":"Sz\u00e9ps\u00e9gipari dolgoz\u00f3k k\u00e9pz\u00e9se - \u00d3buda-B\u00e9k\u00e1smegyer \u00d6nkorm\u00e1nyzat \u00c1ldozatseg\u00edt\u0151 Programja","robots":{"index":"index","follow":"follow","max-snippet":"max-snippet:-1","max-image-preview":"max-image-preview:large","max-video-preview":"max-video-preview:-1"},"canonical":"https:\/\/obuda.hu\/aldozatsegites\/szepsegipari-dolgozok-kepzese\/","og_locale":"hu_HU","og_type":"article","og_title":"Sz\u00e9ps\u00e9gipari dolgoz\u00f3k k\u00e9pz\u00e9se - \u00d3buda-B\u00e9k\u00e1smegyer \u00d6nkorm\u00e1nyzat \u00c1ldozatseg\u00edt\u0151 Programja","og_description":"\u00d3BUDA-B\u00c9K\u00c1SMEGYER \u00d6NKORM\u00c1NYZAT \u00c9S A NANE EGYES\u00dcLET INGYENES K\u00c9PZ\u00c9SE SZ\u00c9PS\u00c9GIPARI SZAKEMBEREK SZ\u00c1M\u00c1RA A statisztik\u00e1k szerint Magyarorsz\u00e1gon megk\u00f6zel\u00edt\u0151leg minden m\u00e1sodik n\u0151 v\u00e1lik \u00e9lete sor\u00e1n p\u00e1rkapcsolati er\u0151szak \u00e1ldozat\u00e1v\u00e1,&nbsp;\u00e9s jelenleg is t\u00f6bb, mint 280 ezer magyar n\u0151 \u00e9l b\u00e1ntalmaz\u00f3 kapcsolatban. A p\u00e1rkapcsolaton bel\u00fcli er\u0151szak nem az els\u0151 pofonnal kezd\u0151dik. A lelki, gazdas\u00e1gi, szexu\u00e1lis er\u0151szak mind-mind megel\u0151zheti a konkr\u00e9t fizikai [&hellip;]","og_url":"https:\/\/obuda.hu\/aldozatsegites\/szepsegipari-dolgozok-kepzese\/","og_site_name":"\u00d3buda-B\u00e9k\u00e1smegyer \u00d6nkorm\u00e1nyzat \u00c1ldozatseg\u00edt\u0151 Programja","article_modified_time":"2025-07-16T17:01:12+00:00","og_image":[{"url":"https:\/\/obuda.hu\/aldozatsegites\/wp-content\/uploads\/2022\/10\/obuda_cimer.png"}],"twitter_card":"summary_large_image","twitter_misc":{"Becs\u00fclt olvas\u00e1si id\u0151":"4 perc"},"schema":{"@context":"https:\/\/schema.org","@graph":[{"@type":"WebPage","@id":"https:\/\/obuda.hu\/aldozatsegites\/szepsegipari-dolgozok-kepzese\/","url":"https:\/\/obuda.hu\/aldozatsegites\/szepsegipari-dolgozok-kepzese\/","name":"Sz\u00e9ps\u00e9gipari dolgoz\u00f3k k\u00e9pz\u00e9se - \u00d3buda-B\u00e9k\u00e1smegyer \u00d6nkorm\u00e1nyzat \u00c1ldozatseg\u00edt\u0151 Programja","isPartOf":{"@id":"https:\/\/obuda.hu\/aldozatsegites\/#website"},"datePublished":"2024-08-28T09:43:50+00:00","dateModified":"2025-07-16T17:01:12+00:00","breadcrumb":{"@id":"https:\/\/obuda.hu\/aldozatsegites\/szepsegipari-dolgozok-kepzese\/#breadcrumb"},"inLanguage":"hu","potentialAction":[{"@type":"ReadAction","target":["https:\/\/obuda.hu\/aldozatsegites\/szepsegipari-dolgozok-kepzese\/"]}]},{"@type":"BreadcrumbList","@id":"https:\/\/obuda.hu\/aldozatsegites\/szepsegipari-dolgozok-kepzese\/#breadcrumb","itemListElement":[{"@type":"ListItem","position":1,"name":"Kezd\u0151lap","item":"https:\/\/obuda.hu\/aldozatsegites\/"},{"@type":"ListItem","position":2,"name":"Sz\u00e9ps\u00e9gipari dolgoz\u00f3k k\u00e9pz\u00e9se"}]},{"@type":"WebSite","@id":"https:\/\/obuda.hu\/aldozatsegites\/#website","url":"https:\/\/obuda.hu\/aldozatsegites\/","name":"\u00d3buda-B\u00e9k\u00e1smegyer \u00d6nkorm\u00e1nyzat \u00c1ldozatseg\u00edt\u0151 Programja","description":"","potentialAction":[{"@type":"SearchAction","target":{"@type":"EntryPoint","urlTemplate":"https:\/\/obuda.hu\/aldozatsegites\/?s={search_term_string}"},"query-input":"required name=search_term_string"}],"inLanguage":"hu"}]}},"_links":{"self":[{"href":"https:\/\/obuda.hu\/aldozatsegites\/wp-json\/wp\/v2\/pages\/476","targetHints":{"allow":["GET"]}}],"collection":[{"href":"https:\/\/obuda.hu\/aldozatsegites\/wp-json\/wp\/v2\/pages"}],"about":[{"href":"https:\/\/obuda.hu\/aldozatsegites\/wp-json\/wp\/v2\/types\/page"}],"author":[{"embeddable":true,"href":"https:\/\/obuda.hu\/aldozatsegites\/wp-json\/wp\/v2\/users\/1"}],"replies":[{"embeddable":true,"href":"https:\/\/obuda.hu\/aldozatsegites\/wp-json\/wp\/v2\/comments?post=476"}],"version-history":[{"count":98,"href":"https:\/\/obuda.hu\/aldozatsegites\/wp-json\/wp\/v2\/pages\/476\/revisions"}],"predecessor-version":[{"id":698,"href":"https:\/\/obuda.hu\/aldozatsegites\/wp-json\/wp\/v2\/pages\/476\/revisions\/698"}],"wp:attachment":[{"href":"https:\/\/obuda.hu\/aldozatsegites\/wp-json\/wp\/v2\/media?parent=476"}],"curies":[{"name":"wp","href":"https:\/\/api.w.org\/{rel}","templated":true}]}}