{"id":20,"date":"2020-09-30T09:52:41","date_gmt":"2020-09-30T09:52:41","guid":{"rendered":"http:\/\/obuda.hu\/gyermekvedelem\/?page_id=20"},"modified":"2023-12-04T11:25:02","modified_gmt":"2023-12-04T11:25:02","slug":"hirlevel","status":"publish","type":"page","link":"https:\/\/obuda.hu\/gyermekvedelem\/hirlevel\/","title":{"rendered":"H\u00edrlev\u00e9l"},"content":{"rendered":"\t\t<div data-elementor-type=\"wp-page\" data-elementor-id=\"20\" class=\"elementor elementor-20\" data-elementor-post-type=\"page\">\n\t\t\t\t\t\t\t\t\t<section class=\"elementor-section elementor-top-section elementor-element elementor-element-b378bd3 elementor-section-boxed elementor-section-height-default elementor-section-height-default\" data-id=\"b378bd3\" data-element_type=\"section\" data-settings=\"{&quot;background_background&quot;:&quot;classic&quot;}\">\n\t\t\t\t\t\t<div class=\"elementor-container elementor-column-gap-default\">\n\t\t\t\t\t<div class=\"elementor-column elementor-col-50 elementor-top-column elementor-element elementor-element-7984f83\" data-id=\"7984f83\" data-element_type=\"column\">\n\t\t\t<div class=\"elementor-widget-wrap\">\n\t\t\t\t\t\t\t\t\t<\/div>\n\t\t<\/div>\n\t\t\t\t<div class=\"elementor-column elementor-col-50 elementor-top-column elementor-element elementor-element-2486146\" data-id=\"2486146\" data-element_type=\"column\">\n\t\t\t<div class=\"elementor-widget-wrap elementor-element-populated\">\n\t\t\t\t\t\t\t\t<div class=\"elementor-element elementor-element-86bcf41 elementor-widget elementor-widget-spacer\" data-id=\"86bcf41\" data-element_type=\"widget\" data-widget_type=\"spacer.default\">\n\t\t\t\t<div class=\"elementor-widget-container\">\n\t\t\t\t\t<div class=\"elementor-spacer\">\n\t\t\t<div class=\"elementor-spacer-inner\"><\/div>\n\t\t<\/div>\n\t\t\t\t<\/div>\n\t\t\t\t<\/div>\n\t\t\t\t<div class=\"elementor-element elementor-element-91c7110 elementor-widget elementor-widget-heading\" data-id=\"91c7110\" data-element_type=\"widget\" data-widget_type=\"heading.default\">\n\t\t\t\t<div class=\"elementor-widget-container\">\n\t\t\t<h2 class=\"elementor-heading-title elementor-size-default\">E-mail-kurzus<\/h2>\t\t<\/div>\n\t\t\t\t<\/div>\n\t\t\t\t<div class=\"elementor-element elementor-element-b49fe92 elementor-widget elementor-widget-spacer\" data-id=\"b49fe92\" data-element_type=\"widget\" data-widget_type=\"spacer.default\">\n\t\t\t\t<div class=\"elementor-widget-container\">\n\t\t\t\t\t<div class=\"elementor-spacer\">\n\t\t\t<div class=\"elementor-spacer-inner\"><\/div>\n\t\t<\/div>\n\t\t\t\t<\/div>\n\t\t\t\t<\/div>\n\t\t\t\t\t<\/div>\n\t\t<\/div>\n\t\t\t\t\t\t\t<\/div>\n\t\t<\/section>\n\t\t\t\t<section class=\"elementor-section elementor-top-section elementor-element elementor-element-9248274 elementor-section-boxed elementor-section-height-default elementor-section-height-default\" data-id=\"9248274\" data-element_type=\"section\" data-settings=\"{&quot;background_background&quot;:&quot;classic&quot;}\">\n\t\t\t\t\t\t<div class=\"elementor-container elementor-column-gap-default\">\n\t\t\t\t\t<div class=\"elementor-column elementor-col-100 elementor-top-column elementor-element elementor-element-df11f7d\" data-id=\"df11f7d\" data-element_type=\"column\">\n\t\t\t<div class=\"elementor-widget-wrap elementor-element-populated\">\n\t\t\t\t\t\t\t\t<div class=\"elementor-element elementor-element-a9caaf2 elementor-widget elementor-widget-text-editor\" data-id=\"a9caaf2\" data-element_type=\"widget\" data-widget_type=\"text-editor.default\">\n\t\t\t\t<div class=\"elementor-widget-container\">\n\t\t\t\t\t\t\t<p style=\"text-align: center;\">Iratkozzon fel az \u00d3buda-B\u00e9k\u00e1smegyer \u00d6nkorm\u00e1nyzat \u00e9s a Hintalovon Gyermekjogi Alap\u00edtv\u00e1ny a harmadik ker\u00fcletben, a <strong>gyermekv\u00e9delemben dolgoz\u00f3 szakembereknek<\/strong> sz\u00f3l\u00f3 k\u00f6z\u00f6s e-mail-kurzus\u00e1ra! A kurzusban sorra vessz\u00fck a gyermekv\u00e9delem legfontosabb t\u00e9m\u00e1it, igyeksz\u00fcnk a leg\u00e9get\u0151bb k\u00e9rd\u00e9sekre \u00e9s probl\u00e9m\u00e1kra v\u00e1laszt tal\u00e1lni, seg\u00edteni.<span style=\"color: #d5dade;\"><br \/><\/span><\/p>\t\t\t\t\t\t<\/div>\n\t\t\t\t<\/div>\n\t\t\t\t<div class=\"elementor-element elementor-element-f4dc42b elementor-align-center elementor-widget elementor-widget-button\" data-id=\"f4dc42b\" data-element_type=\"widget\" data-widget_type=\"button.default\">\n\t\t\t\t<div class=\"elementor-widget-container\">\n\t\t\t\t\t<div class=\"elementor-button-wrapper\">\n\t\t\t<a class=\"elementor-button elementor-button-link elementor-size-sm\" href=\"https:\/\/mailchi.mp\/hintalovon\/avalodigyerekreszvetelrol\">\n\t\t\t\t\t\t<span class=\"elementor-button-content-wrapper\">\n\t\t\t\t\t\t<span class=\"elementor-button-icon elementor-align-icon-right\">\n\t\t\t\t<i aria-hidden=\"true\" class=\"fas fa-arrow-right\"><\/i>\t\t\t<\/span>\n\t\t\t\t\t\t<span class=\"elementor-button-text\">Feliratkozom a szakmai kurzusra<\/span>\n\t\t<\/span>\n\t\t\t\t\t<\/a>\n\t\t<\/div>\n\t\t\t\t<\/div>\n\t\t\t\t<\/div>\n\t\t\t\t<div class=\"elementor-element elementor-element-0e40e46 elementor-widget elementor-widget-text-editor\" data-id=\"0e40e46\" data-element_type=\"widget\" data-widget_type=\"text-editor.default\">\n\t\t\t\t<div class=\"elementor-widget-container\">\n\t\t\t\t\t\t\t<p style=\"text-align: center;\">Amennyiben szeretne feliratkozni <strong>civil \u00e9rdekl\u0151d\u0151knek<\/strong> k\u00e9sz\u00fclt e-mail-kurzusunkra, k\u00e9rj\u00fck, \u00edrjon nek\u00fcnk a <a href=\"mailto:hirlevel@obuda.hu\" data-wplink-edit=\"true\">hirlevel@obuda.hu<\/a> c\u00edmre, a lev\u00e9l t\u00e1rgy\u00e1ban felt\u00fcntetve, a \u201eFeliratkoz\u00e1s gyermekv\u00e9delmi e-mail-kurzusra\u201d sz\u00f6veget. K\u00f6sz\u00f6nj\u00fck.<\/p>\t\t\t\t\t\t<\/div>\n\t\t\t\t<\/div>\n\t\t\t\t<div class=\"elementor-element elementor-element-1f5451a elementor-align-center elementor-widget elementor-widget-button\" data-id=\"1f5451a\" data-element_type=\"widget\" data-widget_type=\"button.default\">\n\t\t\t\t<div class=\"elementor-widget-container\">\n\t\t\t\t\t<div class=\"elementor-button-wrapper\">\n\t\t\t<a class=\"elementor-button elementor-button-link elementor-size-sm\" href=\"mailto:hirlevel@obuda.hu\">\n\t\t\t\t\t\t<span class=\"elementor-button-content-wrapper\">\n\t\t\t\t\t\t<span class=\"elementor-button-icon elementor-align-icon-right\">\n\t\t\t\t<i aria-hidden=\"true\" class=\"fas fa-arrow-right\"><\/i>\t\t\t<\/span>\n\t\t\t\t\t\t<span class=\"elementor-button-text\">\u00cdrjon nek\u00fcnk<\/span>\n\t\t<\/span>\n\t\t\t\t\t<\/a>\n\t\t<\/div>\n\t\t\t\t<\/div>\n\t\t\t\t<\/div>\n\t\t\t\t\t<\/div>\n\t\t<\/div>\n\t\t\t\t\t\t\t<\/div>\n\t\t<\/section>\n\t\t\t\t\t\t\t<\/div>\n\t\t","protected":false},"excerpt":{"rendered":"<p>E-mail-kurzus Iratkozzon fel az \u00d3buda-B\u00e9k\u00e1smegyer \u00d6nkorm\u00e1nyzat \u00e9s a Hintalovon Gyermekjogi Alap\u00edtv\u00e1ny a harmadik ker\u00fcletben, a gyermekv\u00e9delemben dolgoz\u00f3 szakembereknek sz\u00f3l\u00f3 k\u00f6z\u00f6s e-mail-kurzus\u00e1ra! A kurzusban sorra vessz\u00fck a gyermekv\u00e9delem legfontosabb t\u00e9m\u00e1it, igyeksz\u00fcnk a leg\u00e9get\u0151bb k\u00e9rd\u00e9sekre \u00e9s probl\u00e9m\u00e1kra v\u00e1laszt tal\u00e1lni, seg\u00edteni. Feliratkozom a szakmai kurzusra Amennyiben szeretne feliratkozni civil \u00e9rdekl\u0151d\u0151knek k\u00e9sz\u00fclt e-mail-kurzusunkra, k\u00e9rj\u00fck, \u00edrjon nek\u00fcnk a hirlevel@obuda.hu c\u00edmre, [&hellip;]<\/p>\n","protected":false},"author":1,"featured_media":0,"parent":0,"menu_order":0,"comment_status":"closed","ping_status":"closed","template":"elementor_header_footer","meta":{"footnotes":""},"yoast_head":"<!-- This site is optimized with the Yoast SEO plugin v21.5 - https:\/\/yoast.com\/wordpress\/plugins\/seo\/ -->\n<title>H\u00edrlev\u00e9l - \u00d3buda<\/title>\n<meta name=\"robots\" content=\"index, follow, max-snippet:-1, max-image-preview:large, max-video-preview:-1\" \/>\n<link rel=\"canonical\" href=\"https:\/\/obuda.hu\/gyermekvedelem\/hirlevel\/\" \/>\n<meta property=\"og:locale\" content=\"en_US\" \/>\n<meta property=\"og:type\" content=\"article\" \/>\n<meta property=\"og:title\" content=\"H\u00edrlev\u00e9l - \u00d3buda\" \/>\n<meta property=\"og:description\" content=\"E-mail-kurzus Iratkozzon fel az \u00d3buda-B\u00e9k\u00e1smegyer \u00d6nkorm\u00e1nyzat \u00e9s a Hintalovon Gyermekjogi Alap\u00edtv\u00e1ny a harmadik ker\u00fcletben, a gyermekv\u00e9delemben dolgoz\u00f3 szakembereknek sz\u00f3l\u00f3 k\u00f6z\u00f6s e-mail-kurzus\u00e1ra! A kurzusban sorra vessz\u00fck a gyermekv\u00e9delem legfontosabb t\u00e9m\u00e1it, igyeksz\u00fcnk a leg\u00e9get\u0151bb k\u00e9rd\u00e9sekre \u00e9s probl\u00e9m\u00e1kra v\u00e1laszt tal\u00e1lni, seg\u00edteni. Feliratkozom a szakmai kurzusra Amennyiben szeretne feliratkozni civil \u00e9rdekl\u0151d\u0151knek k\u00e9sz\u00fclt e-mail-kurzusunkra, k\u00e9rj\u00fck, \u00edrjon nek\u00fcnk a hirlevel@obuda.hu c\u00edmre, [&hellip;]\" \/>\n<meta property=\"og:url\" content=\"https:\/\/obuda.hu\/gyermekvedelem\/hirlevel\/\" \/>\n<meta property=\"og:site_name\" content=\"\u00d3buda\" \/>\n<meta property=\"article:modified_time\" content=\"2023-12-04T11:25:02+00:00\" \/>\n<meta property=\"og:image\" content=\"https:\/\/obuda.hu\/gyermekvedelem\/wp-content\/uploads\/2020\/10\/gyermekvedelem_meta_fb.jpg\" \/>\n\t<meta property=\"og:image:width\" content=\"1200\" \/>\n\t<meta property=\"og:image:height\" content=\"630\" \/>\n\t<meta property=\"og:image:type\" content=\"image\/jpeg\" \/>\n<meta name=\"twitter:card\" content=\"summary_large_image\" \/>\n<meta name=\"twitter:label1\" content=\"Est. reading time\" \/>\n\t<meta name=\"twitter:data1\" content=\"1 minute\" \/>\n<script type=\"application\/ld+json\" class=\"yoast-schema-graph\">{\"@context\":\"https:\/\/schema.org\",\"@graph\":[{\"@type\":\"WebPage\",\"@id\":\"https:\/\/obuda.hu\/gyermekvedelem\/hirlevel\/\",\"url\":\"https:\/\/obuda.hu\/gyermekvedelem\/hirlevel\/\",\"name\":\"H\u00edrlev\u00e9l - \u00d3buda\",\"isPartOf\":{\"@id\":\"https:\/\/obuda.hu\/gyermekvedelem\/#website\"},\"datePublished\":\"2020-09-30T09:52:41+00:00\",\"dateModified\":\"2023-12-04T11:25:02+00:00\",\"breadcrumb\":{\"@id\":\"https:\/\/obuda.hu\/gyermekvedelem\/hirlevel\/#breadcrumb\"},\"inLanguage\":\"en-US\",\"potentialAction\":[{\"@type\":\"ReadAction\",\"target\":[\"https:\/\/obuda.hu\/gyermekvedelem\/hirlevel\/\"]}]},{\"@type\":\"BreadcrumbList\",\"@id\":\"https:\/\/obuda.hu\/gyermekvedelem\/hirlevel\/#breadcrumb\",\"itemListElement\":[{\"@type\":\"ListItem\",\"position\":1,\"name\":\"Kezd\u0151lap\",\"item\":\"https:\/\/obuda.hu\/gyermekvedelem\/\"},{\"@type\":\"ListItem\",\"position\":2,\"name\":\"H\u00edrlev\u00e9l\"}]},{\"@type\":\"WebSite\",\"@id\":\"https:\/\/obuda.hu\/gyermekvedelem\/#website\",\"url\":\"https:\/\/obuda.hu\/gyermekvedelem\/\",\"name\":\"\u00d3buda\",\"description\":\"Gyermekv\u00e9delem\",\"potentialAction\":[{\"@type\":\"SearchAction\",\"target\":{\"@type\":\"EntryPoint\",\"urlTemplate\":\"https:\/\/obuda.hu\/gyermekvedelem\/?s={search_term_string}\"},\"query-input\":\"required name=search_term_string\"}],\"inLanguage\":\"en-US\"}]}<\/script>\n<!-- \/ Yoast SEO plugin. -->","yoast_head_json":{"title":"H\u00edrlev\u00e9l - \u00d3buda","robots":{"index":"index","follow":"follow","max-snippet":"max-snippet:-1","max-image-preview":"max-image-preview:large","max-video-preview":"max-video-preview:-1"},"canonical":"https:\/\/obuda.hu\/gyermekvedelem\/hirlevel\/","og_locale":"en_US","og_type":"article","og_title":"H\u00edrlev\u00e9l - \u00d3buda","og_description":"E-mail-kurzus Iratkozzon fel az \u00d3buda-B\u00e9k\u00e1smegyer \u00d6nkorm\u00e1nyzat \u00e9s a Hintalovon Gyermekjogi Alap\u00edtv\u00e1ny a harmadik ker\u00fcletben, a gyermekv\u00e9delemben dolgoz\u00f3 szakembereknek sz\u00f3l\u00f3 k\u00f6z\u00f6s e-mail-kurzus\u00e1ra! A kurzusban sorra vessz\u00fck a gyermekv\u00e9delem legfontosabb t\u00e9m\u00e1it, igyeksz\u00fcnk a leg\u00e9get\u0151bb k\u00e9rd\u00e9sekre \u00e9s probl\u00e9m\u00e1kra v\u00e1laszt tal\u00e1lni, seg\u00edteni. Feliratkozom a szakmai kurzusra Amennyiben szeretne feliratkozni civil \u00e9rdekl\u0151d\u0151knek k\u00e9sz\u00fclt e-mail-kurzusunkra, k\u00e9rj\u00fck, \u00edrjon nek\u00fcnk a hirlevel@obuda.hu c\u00edmre, [&hellip;]","og_url":"https:\/\/obuda.hu\/gyermekvedelem\/hirlevel\/","og_site_name":"\u00d3buda","article_modified_time":"2023-12-04T11:25:02+00:00","og_image":[{"width":1200,"height":630,"url":"https:\/\/obuda.hu\/gyermekvedelem\/wp-content\/uploads\/2020\/10\/gyermekvedelem_meta_fb.jpg","type":"image\/jpeg"}],"twitter_card":"summary_large_image","twitter_misc":{"Est. reading time":"1 minute"},"schema":{"@context":"https:\/\/schema.org","@graph":[{"@type":"WebPage","@id":"https:\/\/obuda.hu\/gyermekvedelem\/hirlevel\/","url":"https:\/\/obuda.hu\/gyermekvedelem\/hirlevel\/","name":"H\u00edrlev\u00e9l - \u00d3buda","isPartOf":{"@id":"https:\/\/obuda.hu\/gyermekvedelem\/#website"},"datePublished":"2020-09-30T09:52:41+00:00","dateModified":"2023-12-04T11:25:02+00:00","breadcrumb":{"@id":"https:\/\/obuda.hu\/gyermekvedelem\/hirlevel\/#breadcrumb"},"inLanguage":"en-US","potentialAction":[{"@type":"ReadAction","target":["https:\/\/obuda.hu\/gyermekvedelem\/hirlevel\/"]}]},{"@type":"BreadcrumbList","@id":"https:\/\/obuda.hu\/gyermekvedelem\/hirlevel\/#breadcrumb","itemListElement":[{"@type":"ListItem","position":1,"name":"Kezd\u0151lap","item":"https:\/\/obuda.hu\/gyermekvedelem\/"},{"@type":"ListItem","position":2,"name":"H\u00edrlev\u00e9l"}]},{"@type":"WebSite","@id":"https:\/\/obuda.hu\/gyermekvedelem\/#website","url":"https:\/\/obuda.hu\/gyermekvedelem\/","name":"\u00d3buda","description":"Gyermekv\u00e9delem","potentialAction":[{"@type":"SearchAction","target":{"@type":"EntryPoint","urlTemplate":"https:\/\/obuda.hu\/gyermekvedelem\/?s={search_term_string}"},"query-input":"required name=search_term_string"}],"inLanguage":"en-US"}]}},"_links":{"self":[{"href":"https:\/\/obuda.hu\/gyermekvedelem\/wp-json\/wp\/v2\/pages\/20"}],"collection":[{"href":"https:\/\/obuda.hu\/gyermekvedelem\/wp-json\/wp\/v2\/pages"}],"about":[{"href":"https:\/\/obuda.hu\/gyermekvedelem\/wp-json\/wp\/v2\/types\/page"}],"author":[{"embeddable":true,"href":"https:\/\/obuda.hu\/gyermekvedelem\/wp-json\/wp\/v2\/users\/1"}],"replies":[{"embeddable":true,"href":"https:\/\/obuda.hu\/gyermekvedelem\/wp-json\/wp\/v2\/comments?post=20"}],"version-history":[{"count":17,"href":"https:\/\/obuda.hu\/gyermekvedelem\/wp-json\/wp\/v2\/pages\/20\/revisions"}],"predecessor-version":[{"id":238,"href":"https:\/\/obuda.hu\/gyermekvedelem\/wp-json\/wp\/v2\/pages\/20\/revisions\/238"}],"wp:attachment":[{"href":"https:\/\/obuda.hu\/gyermekvedelem\/wp-json\/wp\/v2\/media?parent=20"}],"curies":[{"name":"wp","href":"https:\/\/api.w.org\/{rel}","templated":true}]}}