{"id":223,"date":"2023-09-29T11:57:19","date_gmt":"2023-09-29T11:57:19","guid":{"rendered":"https:\/\/obuda.hu\/gyermekvedelem\/?page_id=223"},"modified":"2025-12-18T10:46:54","modified_gmt":"2025-12-18T10:46:54","slug":"jogsegely","status":"publish","type":"page","link":"https:\/\/obuda.hu\/gyermekvedelem\/jogsegely\/","title":{"rendered":"Jogseg\u00e9ly"},"content":{"rendered":"\t\t<div data-elementor-type=\"wp-page\" data-elementor-id=\"223\" class=\"elementor elementor-223\" data-elementor-post-type=\"page\">\n\t\t\t\t\t\t\t\t\t<section class=\"elementor-section elementor-top-section elementor-element elementor-element-a48028e elementor-section-height-min-height elementor-section-boxed elementor-section-height-default elementor-section-items-middle\" data-id=\"a48028e\" data-element_type=\"section\" data-settings=\"{&quot;background_background&quot;:&quot;classic&quot;}\">\n\t\t\t\t\t\t<div class=\"elementor-container elementor-column-gap-default\">\n\t\t\t\t\t<div class=\"elementor-column elementor-col-50 elementor-top-column elementor-element elementor-element-8db12b9\" data-id=\"8db12b9\" data-element_type=\"column\">\n\t\t\t<div class=\"elementor-widget-wrap\">\n\t\t\t\t\t\t\t\t\t<\/div>\n\t\t<\/div>\n\t\t\t\t<div class=\"elementor-column elementor-col-50 elementor-top-column elementor-element elementor-element-5aea72e\" data-id=\"5aea72e\" data-element_type=\"column\">\n\t\t\t<div class=\"elementor-widget-wrap elementor-element-populated\">\n\t\t\t\t\t\t\t\t<div class=\"elementor-element elementor-element-fc7a263 elementor-widget elementor-widget-spacer\" data-id=\"fc7a263\" data-element_type=\"widget\" data-widget_type=\"spacer.default\">\n\t\t\t\t<div class=\"elementor-widget-container\">\n\t\t\t\t\t<div class=\"elementor-spacer\">\n\t\t\t<div class=\"elementor-spacer-inner\"><\/div>\n\t\t<\/div>\n\t\t\t\t<\/div>\n\t\t\t\t<\/div>\n\t\t\t\t<div class=\"elementor-element elementor-element-2b4f6e5 elementor-widget elementor-widget-heading\" data-id=\"2b4f6e5\" data-element_type=\"widget\" data-widget_type=\"heading.default\">\n\t\t\t\t<div class=\"elementor-widget-container\">\n\t\t\t<h2 class=\"elementor-heading-title elementor-size-default\">Jogseg\u00e9ly<\/h2>\t\t<\/div>\n\t\t\t\t<\/div>\n\t\t\t\t<div class=\"elementor-element elementor-element-0ff5279 elementor-widget elementor-widget-text-editor\" data-id=\"0ff5279\" data-element_type=\"widget\" data-widget_type=\"text-editor.default\">\n\t\t\t\t<div class=\"elementor-widget-container\">\n\t\t\t\t\t\t\t\t\t\t\t\t\t<\/div>\n\t\t\t\t<\/div>\n\t\t\t\t<div class=\"elementor-element elementor-element-190ce8c elementor-widget elementor-widget-spacer\" data-id=\"190ce8c\" data-element_type=\"widget\" data-widget_type=\"spacer.default\">\n\t\t\t\t<div class=\"elementor-widget-container\">\n\t\t\t\t\t<div class=\"elementor-spacer\">\n\t\t\t<div class=\"elementor-spacer-inner\"><\/div>\n\t\t<\/div>\n\t\t\t\t<\/div>\n\t\t\t\t<\/div>\n\t\t\t\t\t<\/div>\n\t\t<\/div>\n\t\t\t\t\t\t\t<\/div>\n\t\t<\/section>\n\t\t\t\t<section class=\"elementor-section elementor-top-section elementor-element elementor-element-c2d5968 elementor-section-boxed elementor-section-height-default elementor-section-height-default\" data-id=\"c2d5968\" data-element_type=\"section\" data-settings=\"{&quot;background_background&quot;:&quot;classic&quot;}\">\n\t\t\t\t\t\t<div class=\"elementor-container elementor-column-gap-default\">\n\t\t\t\t\t<div class=\"elementor-column elementor-col-100 elementor-top-column elementor-element elementor-element-682a1cb\" data-id=\"682a1cb\" data-element_type=\"column\">\n\t\t\t<div class=\"elementor-widget-wrap elementor-element-populated\">\n\t\t\t\t\t\t\t\t<div class=\"elementor-element elementor-element-593ebd0 elementor-widget elementor-widget-heading\" data-id=\"593ebd0\" data-element_type=\"widget\" data-widget_type=\"heading.default\">\n\t\t\t\t<div class=\"elementor-widget-container\">\n\t\t\t<h2 class=\"elementor-heading-title elementor-size-default\">INGYENES JOGSEG\u00c9LY\n<br><br>\n\u00d3buda-B\u00e9k\u00e1smegyer \u00d6nkorm\u00e1nyzata \u00e9s a Hintalovon Gyermekjogi Alap\u00edtv\u00e1ny egy\u00fcttm\u0171k\u00f6d\u00e9s\u00e9ben<\/h2>\t\t<\/div>\n\t\t\t\t<\/div>\n\t\t\t\t<div class=\"elementor-element elementor-element-cbe04fa elementor-widget elementor-widget-text-editor\" data-id=\"cbe04fa\" data-element_type=\"widget\" data-widget_type=\"text-editor.default\">\n\t\t\t\t<div class=\"elementor-widget-container\">\n\t\t\t\t\t\t\t<p><strong>INGYENES JOGSEG\u00c9LY<\/strong><\/p><p><strong>\u00d3buda-B\u00e9k\u00e1smegyer \u00d6nkorm\u00e1nyzata \u00e9s a Hintalovon Gyermekjogi Alap\u00edtv\u00e1ny egy\u00fcttm\u0171k\u00f6d\u00e9s\u00e9ben<\/strong><\/p><p><strong>Tudnival\u00f3k a tan\u00e1csad\u00e1sr\u00f3l:<\/strong><\/p><p>Mindig havonta egy alkalommal tartjuk, \u00e9s mindig h\u00e1rom\u00f3r\u00e1s.<\/p><p>Jog\u00e1sz \u00e9s pszichol\u00f3gus van jelen \u2013 musz\u00e1j ugyanakkor hangs\u00falyozni, hogy \u0151k gyermekjogi, gyermekv\u00e9delmi k\u00e9rd\u00e9sekben \u00e1llnak rendelkez\u00e9sre ennek az egy\u00fcttm\u0171k\u00f6d\u00e9snek a keret\u00e9ben, m\u00e1s t\u00edpus\u00fa probl\u00e9m\u00e1val, panasszal ezeken az alkalmakon nem tudnak hozz\u00e1juk fordulni az \u00e9rdekl\u0151d\u0151k.<\/p><p>A tan\u00e1csad\u00e1sra mindenkit szeretettel v\u00e1runk, szakembereket, laikusokat egyar\u00e1nt. V\u00e1rjuk mindenki jelentkez\u00e9s\u00e9t, akinek k\u00e9rd\u00e9se, probl\u00e9m\u00e1ja van gyermekv\u00e9delmi, gyermekjogi k\u00e9rd\u00e9sekben.<\/p><p>Van m\u00f3d arra, hogy t\u00f6bben kezdem\u00e9nyezzenek besz\u00e9lget\u00e9st (ha t\u00f6bben ugyanazokat a k\u00e9rd\u00e9seket, probl\u00e9m\u00e1kat szeretn\u00e9k felvetni), ezt, k\u00e9rj\u00fck, minden esetben jelezz\u00e9k el\u0151re az e-mailben. Ide\u00e1lis, ha \u00f6tn\u00e9l t\u00f6bben nem jelentkeznek egyszerre, hogy val\u00f3ban hasznos tudjon lenni a besz\u00e9lget\u00e9s.<\/p><p><a href=\"https:\/\/docs.google.com\/forms\/d\/e\/1FAIpQLSdM1dsVbqsz-UvQgioRl9RlTPQ7oNNfLKtoegtmi1xaeLAX5A\/viewform\">ITT tudnak regisztr\u00e1lni.<\/a><\/p><p>A tan\u00e1csad\u00e1son a Hintalovon Gyermekjogi Alap\u00edtv\u00e1ny jog\u00e1sza \u00e9s pszichol\u00f3gusa vesz r\u00e9szt, csatlakozni ezen a linken lehet:<\/p><p><a href=\"http:\/\/meet.google.com\/bze-txvc-tkd\">meet.google.com\/bze-txvc-tkd<\/a><\/p><p>Minden \u00fcgyre, esetre 40 perc jut. Teh\u00e1t ez alatt az id\u0151 alatt a jog\u00e1sz \u00e9s a pszichol\u00f3gus kiz\u00e1r\u00f3lag az adott k\u00e9rd\u00e9sre \u00e9s probl\u00e9m\u00e1ra koncentr\u00e1l.<\/p><p><b>Az ingyenes jogseg\u00e9ly tervezett id\u0151pontjai 2026-ban:<\/b><\/p><p>Janu\u00e1r 22. cs\u00fct\u00f6rt\u00f6k 13.00-16.00 online<br \/>Febru\u00e1r 18. szerda 13.00-16.00 szem\u00e9lyes<br \/>M\u00e1rcius 18. szerda 13.00-16.00 online<br \/>\u00c1prilis 15. szerda 13.00-16.00 szem\u00e9lyes<br \/>M\u00e1jus 13. szerda 13.00-16.00 online<br \/>J\u00fanius 17. szerda 13.00-16.00 szem\u00e9lyes<br \/>J\u00falius 15. szerda 13.00-16.00 online<br \/>Augusztus 26. szerda 13.00-16.00 szem\u00e9lyes<br \/>Szeptember 16. szerda 13.00-16.00 online<br \/>Okt\u00f3ber 14. szerda 13.00-16.00 szem\u00e9lyes<br \/>November 18. szerda 13.00-16.00 online<br \/>December 16. szerda 13.00-16.00 szem\u00e9lyes<\/p><p>Tartsanak vel\u00fcnk, k\u00e9rdezzenek b\u00e1tran!<\/p>\t\t\t\t\t\t<\/div>\n\t\t\t\t<\/div>\n\t\t\t\t\t<\/div>\n\t\t<\/div>\n\t\t\t\t\t\t\t<\/div>\n\t\t<\/section>\n\t\t\t\t\t\t\t<\/div>\n\t\t","protected":false},"excerpt":{"rendered":"<p>Jogseg\u00e9ly INGYENES JOGSEG\u00c9LY \u00d3buda-B\u00e9k\u00e1smegyer \u00d6nkorm\u00e1nyzata \u00e9s a Hintalovon Gyermekjogi Alap\u00edtv\u00e1ny egy\u00fcttm\u0171k\u00f6d\u00e9s\u00e9ben INGYENES JOGSEG\u00c9LY \u00d3buda-B\u00e9k\u00e1smegyer \u00d6nkorm\u00e1nyzata \u00e9s a Hintalovon Gyermekjogi Alap\u00edtv\u00e1ny egy\u00fcttm\u0171k\u00f6d\u00e9s\u00e9ben Tudnival\u00f3k a tan\u00e1csad\u00e1sr\u00f3l: Mindig havonta egy alkalommal tartjuk, \u00e9s mindig h\u00e1rom\u00f3r\u00e1s. Jog\u00e1sz \u00e9s pszichol\u00f3gus van jelen \u2013 musz\u00e1j ugyanakkor hangs\u00falyozni, hogy \u0151k gyermekjogi, gyermekv\u00e9delmi k\u00e9rd\u00e9sekben \u00e1llnak rendelkez\u00e9sre ennek az egy\u00fcttm\u0171k\u00f6d\u00e9snek a keret\u00e9ben, m\u00e1s t\u00edpus\u00fa [&hellip;]<\/p>\n","protected":false},"author":1,"featured_media":0,"parent":0,"menu_order":0,"comment_status":"closed","ping_status":"closed","template":"elementor_header_footer","meta":{"footnotes":""},"yoast_head":"<!-- This site is optimized with the Yoast SEO plugin v21.5 - https:\/\/yoast.com\/wordpress\/plugins\/seo\/ -->\n<title>Jogseg\u00e9ly - \u00d3buda<\/title>\n<meta name=\"robots\" content=\"index, follow, max-snippet:-1, max-image-preview:large, max-video-preview:-1\" \/>\n<link rel=\"canonical\" href=\"https:\/\/obuda.hu\/gyermekvedelem\/jogsegely\/\" \/>\n<meta property=\"og:locale\" content=\"en_US\" \/>\n<meta property=\"og:type\" content=\"article\" \/>\n<meta property=\"og:title\" content=\"Jogseg\u00e9ly - \u00d3buda\" \/>\n<meta property=\"og:description\" content=\"Jogseg\u00e9ly INGYENES JOGSEG\u00c9LY \u00d3buda-B\u00e9k\u00e1smegyer \u00d6nkorm\u00e1nyzata \u00e9s a Hintalovon Gyermekjogi Alap\u00edtv\u00e1ny egy\u00fcttm\u0171k\u00f6d\u00e9s\u00e9ben INGYENES JOGSEG\u00c9LY \u00d3buda-B\u00e9k\u00e1smegyer \u00d6nkorm\u00e1nyzata \u00e9s a Hintalovon Gyermekjogi Alap\u00edtv\u00e1ny egy\u00fcttm\u0171k\u00f6d\u00e9s\u00e9ben Tudnival\u00f3k a tan\u00e1csad\u00e1sr\u00f3l: Mindig havonta egy alkalommal tartjuk, \u00e9s mindig h\u00e1rom\u00f3r\u00e1s. Jog\u00e1sz \u00e9s pszichol\u00f3gus van jelen \u2013 musz\u00e1j ugyanakkor hangs\u00falyozni, hogy \u0151k gyermekjogi, gyermekv\u00e9delmi k\u00e9rd\u00e9sekben \u00e1llnak rendelkez\u00e9sre ennek az egy\u00fcttm\u0171k\u00f6d\u00e9snek a keret\u00e9ben, m\u00e1s t\u00edpus\u00fa [&hellip;]\" \/>\n<meta property=\"og:url\" content=\"https:\/\/obuda.hu\/gyermekvedelem\/jogsegely\/\" \/>\n<meta property=\"og:site_name\" content=\"\u00d3buda\" \/>\n<meta property=\"article:modified_time\" content=\"2025-12-18T10:46:54+00:00\" \/>\n<meta property=\"og:image\" content=\"https:\/\/obuda.hu\/gyermekvedelem\/wp-content\/uploads\/2020\/10\/gyermekvedelem_meta_fb.jpg\" \/>\n\t<meta property=\"og:image:width\" content=\"1200\" \/>\n\t<meta property=\"og:image:height\" content=\"630\" \/>\n\t<meta property=\"og:image:type\" content=\"image\/jpeg\" \/>\n<meta name=\"twitter:card\" content=\"summary_large_image\" \/>\n<meta name=\"twitter:label1\" content=\"Est. reading time\" \/>\n\t<meta name=\"twitter:data1\" content=\"2 minutes\" \/>\n<script type=\"application\/ld+json\" class=\"yoast-schema-graph\">{\"@context\":\"https:\/\/schema.org\",\"@graph\":[{\"@type\":\"WebPage\",\"@id\":\"https:\/\/obuda.hu\/gyermekvedelem\/jogsegely\/\",\"url\":\"https:\/\/obuda.hu\/gyermekvedelem\/jogsegely\/\",\"name\":\"Jogseg\u00e9ly - \u00d3buda\",\"isPartOf\":{\"@id\":\"https:\/\/obuda.hu\/gyermekvedelem\/#website\"},\"datePublished\":\"2023-09-29T11:57:19+00:00\",\"dateModified\":\"2025-12-18T10:46:54+00:00\",\"breadcrumb\":{\"@id\":\"https:\/\/obuda.hu\/gyermekvedelem\/jogsegely\/#breadcrumb\"},\"inLanguage\":\"en-US\",\"potentialAction\":[{\"@type\":\"ReadAction\",\"target\":[\"https:\/\/obuda.hu\/gyermekvedelem\/jogsegely\/\"]}]},{\"@type\":\"BreadcrumbList\",\"@id\":\"https:\/\/obuda.hu\/gyermekvedelem\/jogsegely\/#breadcrumb\",\"itemListElement\":[{\"@type\":\"ListItem\",\"position\":1,\"name\":\"Kezd\u0151lap\",\"item\":\"https:\/\/obuda.hu\/gyermekvedelem\/\"},{\"@type\":\"ListItem\",\"position\":2,\"name\":\"Jogseg\u00e9ly\"}]},{\"@type\":\"WebSite\",\"@id\":\"https:\/\/obuda.hu\/gyermekvedelem\/#website\",\"url\":\"https:\/\/obuda.hu\/gyermekvedelem\/\",\"name\":\"\u00d3buda\",\"description\":\"Gyermekv\u00e9delem\",\"potentialAction\":[{\"@type\":\"SearchAction\",\"target\":{\"@type\":\"EntryPoint\",\"urlTemplate\":\"https:\/\/obuda.hu\/gyermekvedelem\/?s={search_term_string}\"},\"query-input\":\"required name=search_term_string\"}],\"inLanguage\":\"en-US\"}]}<\/script>\n<!-- \/ Yoast SEO plugin. -->","yoast_head_json":{"title":"Jogseg\u00e9ly - \u00d3buda","robots":{"index":"index","follow":"follow","max-snippet":"max-snippet:-1","max-image-preview":"max-image-preview:large","max-video-preview":"max-video-preview:-1"},"canonical":"https:\/\/obuda.hu\/gyermekvedelem\/jogsegely\/","og_locale":"en_US","og_type":"article","og_title":"Jogseg\u00e9ly - \u00d3buda","og_description":"Jogseg\u00e9ly INGYENES JOGSEG\u00c9LY \u00d3buda-B\u00e9k\u00e1smegyer \u00d6nkorm\u00e1nyzata \u00e9s a Hintalovon Gyermekjogi Alap\u00edtv\u00e1ny egy\u00fcttm\u0171k\u00f6d\u00e9s\u00e9ben INGYENES JOGSEG\u00c9LY \u00d3buda-B\u00e9k\u00e1smegyer \u00d6nkorm\u00e1nyzata \u00e9s a Hintalovon Gyermekjogi Alap\u00edtv\u00e1ny egy\u00fcttm\u0171k\u00f6d\u00e9s\u00e9ben Tudnival\u00f3k a tan\u00e1csad\u00e1sr\u00f3l: Mindig havonta egy alkalommal tartjuk, \u00e9s mindig h\u00e1rom\u00f3r\u00e1s. Jog\u00e1sz \u00e9s pszichol\u00f3gus van jelen \u2013 musz\u00e1j ugyanakkor hangs\u00falyozni, hogy \u0151k gyermekjogi, gyermekv\u00e9delmi k\u00e9rd\u00e9sekben \u00e1llnak rendelkez\u00e9sre ennek az egy\u00fcttm\u0171k\u00f6d\u00e9snek a keret\u00e9ben, m\u00e1s t\u00edpus\u00fa [&hellip;]","og_url":"https:\/\/obuda.hu\/gyermekvedelem\/jogsegely\/","og_site_name":"\u00d3buda","article_modified_time":"2025-12-18T10:46:54+00:00","og_image":[{"width":1200,"height":630,"url":"https:\/\/obuda.hu\/gyermekvedelem\/wp-content\/uploads\/2020\/10\/gyermekvedelem_meta_fb.jpg","type":"image\/jpeg"}],"twitter_card":"summary_large_image","twitter_misc":{"Est. reading time":"2 minutes"},"schema":{"@context":"https:\/\/schema.org","@graph":[{"@type":"WebPage","@id":"https:\/\/obuda.hu\/gyermekvedelem\/jogsegely\/","url":"https:\/\/obuda.hu\/gyermekvedelem\/jogsegely\/","name":"Jogseg\u00e9ly - \u00d3buda","isPartOf":{"@id":"https:\/\/obuda.hu\/gyermekvedelem\/#website"},"datePublished":"2023-09-29T11:57:19+00:00","dateModified":"2025-12-18T10:46:54+00:00","breadcrumb":{"@id":"https:\/\/obuda.hu\/gyermekvedelem\/jogsegely\/#breadcrumb"},"inLanguage":"en-US","potentialAction":[{"@type":"ReadAction","target":["https:\/\/obuda.hu\/gyermekvedelem\/jogsegely\/"]}]},{"@type":"BreadcrumbList","@id":"https:\/\/obuda.hu\/gyermekvedelem\/jogsegely\/#breadcrumb","itemListElement":[{"@type":"ListItem","position":1,"name":"Kezd\u0151lap","item":"https:\/\/obuda.hu\/gyermekvedelem\/"},{"@type":"ListItem","position":2,"name":"Jogseg\u00e9ly"}]},{"@type":"WebSite","@id":"https:\/\/obuda.hu\/gyermekvedelem\/#website","url":"https:\/\/obuda.hu\/gyermekvedelem\/","name":"\u00d3buda","description":"Gyermekv\u00e9delem","potentialAction":[{"@type":"SearchAction","target":{"@type":"EntryPoint","urlTemplate":"https:\/\/obuda.hu\/gyermekvedelem\/?s={search_term_string}"},"query-input":"required name=search_term_string"}],"inLanguage":"en-US"}]}},"_links":{"self":[{"href":"https:\/\/obuda.hu\/gyermekvedelem\/wp-json\/wp\/v2\/pages\/223"}],"collection":[{"href":"https:\/\/obuda.hu\/gyermekvedelem\/wp-json\/wp\/v2\/pages"}],"about":[{"href":"https:\/\/obuda.hu\/gyermekvedelem\/wp-json\/wp\/v2\/types\/page"}],"author":[{"embeddable":true,"href":"https:\/\/obuda.hu\/gyermekvedelem\/wp-json\/wp\/v2\/users\/1"}],"replies":[{"embeddable":true,"href":"https:\/\/obuda.hu\/gyermekvedelem\/wp-json\/wp\/v2\/comments?post=223"}],"version-history":[{"count":59,"href":"https:\/\/obuda.hu\/gyermekvedelem\/wp-json\/wp\/v2\/pages\/223\/revisions"}],"predecessor-version":[{"id":542,"href":"https:\/\/obuda.hu\/gyermekvedelem\/wp-json\/wp\/v2\/pages\/223\/revisions\/542"}],"wp:attachment":[{"href":"https:\/\/obuda.hu\/gyermekvedelem\/wp-json\/wp\/v2\/media?parent=223"}],"curies":[{"name":"wp","href":"https:\/\/api.w.org\/{rel}","templated":true}]}}