{"id":292,"date":"2025-01-13T08:51:46","date_gmt":"2025-01-13T08:51:46","guid":{"rendered":"https:\/\/obuda.hu\/gyermekvedelem\/?page_id=292"},"modified":"2025-08-25T09:38:41","modified_gmt":"2025-08-25T09:38:41","slug":"e-learning","status":"publish","type":"page","link":"https:\/\/obuda.hu\/gyermekvedelem\/e-learning\/","title":{"rendered":"E-learning"},"content":{"rendered":"\t\t<div data-elementor-type=\"wp-page\" data-elementor-id=\"292\" class=\"elementor elementor-292\" data-elementor-post-type=\"page\">\n\t\t\t\t\t\t\t\t\t<section class=\"elementor-section elementor-top-section elementor-element elementor-element-05a1380 elementor-section-height-min-height elementor-section-boxed elementor-section-height-default elementor-section-items-middle\" data-id=\"05a1380\" data-element_type=\"section\" data-settings=\"{&quot;background_background&quot;:&quot;classic&quot;}\">\n\t\t\t\t\t\t<div class=\"elementor-container elementor-column-gap-default\">\n\t\t\t\t\t<div class=\"elementor-column elementor-col-50 elementor-top-column elementor-element elementor-element-7b1a59b\" data-id=\"7b1a59b\" data-element_type=\"column\">\n\t\t\t<div class=\"elementor-widget-wrap\">\n\t\t\t\t\t\t\t\t\t<\/div>\n\t\t<\/div>\n\t\t\t\t<div class=\"elementor-column elementor-col-50 elementor-top-column elementor-element elementor-element-7991a62\" data-id=\"7991a62\" data-element_type=\"column\">\n\t\t\t<div class=\"elementor-widget-wrap elementor-element-populated\">\n\t\t\t\t\t\t\t\t<div class=\"elementor-element elementor-element-15ada3f elementor-widget elementor-widget-spacer\" data-id=\"15ada3f\" data-element_type=\"widget\" data-widget_type=\"spacer.default\">\n\t\t\t\t<div class=\"elementor-widget-container\">\n\t\t\t\t\t<div class=\"elementor-spacer\">\n\t\t\t<div class=\"elementor-spacer-inner\"><\/div>\n\t\t<\/div>\n\t\t\t\t<\/div>\n\t\t\t\t<\/div>\n\t\t\t\t<div class=\"elementor-element elementor-element-32fb426 elementor-widget elementor-widget-heading\" data-id=\"32fb426\" data-element_type=\"widget\" data-widget_type=\"heading.default\">\n\t\t\t\t<div class=\"elementor-widget-container\">\n\t\t\t<h2 class=\"elementor-heading-title elementor-size-default\">E-learning<\/h2>\t\t<\/div>\n\t\t\t\t<\/div>\n\t\t\t\t<div class=\"elementor-element elementor-element-165b7c8 elementor-widget elementor-widget-spacer\" data-id=\"165b7c8\" data-element_type=\"widget\" data-widget_type=\"spacer.default\">\n\t\t\t\t<div class=\"elementor-widget-container\">\n\t\t\t\t\t<div class=\"elementor-spacer\">\n\t\t\t<div class=\"elementor-spacer-inner\"><\/div>\n\t\t<\/div>\n\t\t\t\t<\/div>\n\t\t\t\t<\/div>\n\t\t\t\t\t<\/div>\n\t\t<\/div>\n\t\t\t\t\t\t\t<\/div>\n\t\t<\/section>\n\t\t\t\t<section class=\"elementor-section elementor-top-section elementor-element elementor-element-ddbe34e elementor-section-boxed elementor-section-height-default elementor-section-height-default\" data-id=\"ddbe34e\" data-element_type=\"section\" data-settings=\"{&quot;background_background&quot;:&quot;classic&quot;}\">\n\t\t\t\t\t\t<div class=\"elementor-container elementor-column-gap-default\">\n\t\t\t\t\t<div class=\"elementor-column elementor-col-100 elementor-top-column elementor-element elementor-element-87e1147\" data-id=\"87e1147\" data-element_type=\"column\">\n\t\t\t<div class=\"elementor-widget-wrap elementor-element-populated\">\n\t\t\t\t\t\t\t\t<div class=\"elementor-element elementor-element-13ead49 elementor-widget elementor-widget-text-editor\" data-id=\"13ead49\" data-element_type=\"widget\" data-widget_type=\"text-editor.default\">\n\t\t\t\t<div class=\"elementor-widget-container\">\n\t\t\t\t\t\t\t<p style=\"text-align: center;\">A kor\u00e1bbi \u00e9vekben <a title=\"\" href=\"https:\/\/obuda.hu\/gyermekvedelem\/index.php\/hirlevel\/\"><span style=\"color: #1155cc;\">sz\u00e1mos e-mail kurzust k\u00e9sz\u00edtett\u00fcnk<\/span><\/a> a 3. ker\u00fcleti lakosok \u00e9s szakemberek sz\u00e1m\u00e1ra, annak \u00e9rdek\u00e9ben, hogy meger\u0151s\u00edts\u00fck a helyi gyermekv\u00e9delmi rendszert \u00e9s biztons\u00e1gosabb\u00e1 tegy\u00fck a k\u00f6rnyezetet a gyerekek sz\u00e1m\u00e1ra. Id\u00e9n meg\u00fajult, interakt\u00edvabb e-learning form\u00e1ban jelentkez\u00fcnk leg\u00fajabb szakmai anyagunkkal.<br \/><br \/>Minden felel\u0151s feln\u0151ttnek, sz\u00fcl\u0151nek sz\u00e1mos tapasztalata van arr\u00f3l, hogy milyen sz\u00fcks\u00e9gletei lehetnek a gyerekeknek, ugyanakkor sokunkban felmer\u00fclhetnek k\u00e9rd\u00e9sek azzal kapcsolatban, hogy mit jelent a gyerekb\u00e1ntalmaz\u00e1s, az iskolai b\u00e1ntalmaz\u00e1s, hova kell \u00e9s hova lehet seg\u00edts\u00e9g\u00e9rt fordulni ezekben az esetekben. A t\u00e9m\u00e1t sok t\u00e9vhit, bizonytalans\u00e1g \u00f6vez, azonban ha nem tesz\u00fcnk semmit a megel\u0151z\u00e9s\u00e9rt, kezel\u00e9s\u00e9rt, annak nagyon s\u00falyos hossz\u00fat\u00e1v\u00fa hat\u00e1sai lehetnek. Az iskolai b\u00e1ntalmaz\u00e1s megel\u0151z\u00e9sben \u00e9s a kezel\u00e9s\u00e9ben is fontos szerepe van a gyerekek k\u00f6r\u00fcl \u00e9l\u0151 felel\u0151s feln\u0151tteknek.<br \/><br \/>Az al\u00e1bb el\u00e9rhet\u0151 kurzusban sorra vessz\u00fck a t\u00e9mak\u00f6r legfontosabb szempontjait, igyeksz\u00fcnk a leg\u00e9get\u0151bb k\u00e9rd\u00e9sekre \u00e9s probl\u00e9m\u00e1kra v\u00e1laszt tal\u00e1lni, seg\u00edteni.<\/p>\t\t\t\t\t\t<\/div>\n\t\t\t\t<\/div>\n\t\t\t\t<div class=\"elementor-element elementor-element-4840e2f elementor-align-center elementor-widget elementor-widget-button\" data-id=\"4840e2f\" data-element_type=\"widget\" data-widget_type=\"button.default\">\n\t\t\t\t<div class=\"elementor-widget-container\">\n\t\t\t\t\t<div class=\"elementor-button-wrapper\">\n\t\t\t<a class=\"elementor-button elementor-button-link elementor-size-sm\" href=\"https:\/\/hintalovon.thinkific.com\/courses\/iskolaibantalmazas_obuda\" target=\"_blank\">\n\t\t\t\t\t\t<span class=\"elementor-button-content-wrapper\">\n\t\t\t\t\t\t<span class=\"elementor-button-icon elementor-align-icon-right\">\n\t\t\t\t<i aria-hidden=\"true\" class=\"fas fa-arrow-right\"><\/i>\t\t\t<\/span>\n\t\t\t\t\t\t<span class=\"elementor-button-text\">E-learning<\/span>\n\t\t<\/span>\n\t\t\t\t\t<\/a>\n\t\t<\/div>\n\t\t\t\t<\/div>\n\t\t\t\t<\/div>\n\t\t\t\t\t<\/div>\n\t\t<\/div>\n\t\t\t\t\t\t\t<\/div>\n\t\t<\/section>\n\t\t\t\t\t\t\t<\/div>\n\t\t","protected":false},"excerpt":{"rendered":"<p>E-learning A kor\u00e1bbi \u00e9vekben sz\u00e1mos e-mail kurzust k\u00e9sz\u00edtett\u00fcnk a 3. ker\u00fcleti lakosok \u00e9s szakemberek sz\u00e1m\u00e1ra, annak \u00e9rdek\u00e9ben, hogy meger\u0151s\u00edts\u00fck a helyi gyermekv\u00e9delmi rendszert \u00e9s biztons\u00e1gosabb\u00e1 tegy\u00fck a k\u00f6rnyezetet a gyerekek sz\u00e1m\u00e1ra. Id\u00e9n meg\u00fajult, interakt\u00edvabb e-learning form\u00e1ban jelentkez\u00fcnk leg\u00fajabb szakmai anyagunkkal. Minden felel\u0151s feln\u0151ttnek, sz\u00fcl\u0151nek sz\u00e1mos tapasztalata van arr\u00f3l, hogy milyen sz\u00fcks\u00e9gletei lehetnek a gyerekeknek, ugyanakkor [&hellip;]<\/p>\n","protected":false},"author":1,"featured_media":0,"parent":0,"menu_order":0,"comment_status":"closed","ping_status":"closed","template":"elementor_header_footer","meta":{"footnotes":""},"yoast_head":"<!-- This site is optimized with the Yoast SEO plugin v21.5 - https:\/\/yoast.com\/wordpress\/plugins\/seo\/ -->\n<title>E-learning - \u00d3buda<\/title>\n<meta name=\"robots\" content=\"index, follow, max-snippet:-1, max-image-preview:large, max-video-preview:-1\" \/>\n<link rel=\"canonical\" href=\"https:\/\/obuda.hu\/gyermekvedelem\/e-learning\/\" \/>\n<meta property=\"og:locale\" content=\"en_US\" \/>\n<meta property=\"og:type\" content=\"article\" \/>\n<meta property=\"og:title\" content=\"E-learning - \u00d3buda\" \/>\n<meta property=\"og:description\" content=\"E-learning A kor\u00e1bbi \u00e9vekben sz\u00e1mos e-mail kurzust k\u00e9sz\u00edtett\u00fcnk a 3. ker\u00fcleti lakosok \u00e9s szakemberek sz\u00e1m\u00e1ra, annak \u00e9rdek\u00e9ben, hogy meger\u0151s\u00edts\u00fck a helyi gyermekv\u00e9delmi rendszert \u00e9s biztons\u00e1gosabb\u00e1 tegy\u00fck a k\u00f6rnyezetet a gyerekek sz\u00e1m\u00e1ra. Id\u00e9n meg\u00fajult, interakt\u00edvabb e-learning form\u00e1ban jelentkez\u00fcnk leg\u00fajabb szakmai anyagunkkal. Minden felel\u0151s feln\u0151ttnek, sz\u00fcl\u0151nek sz\u00e1mos tapasztalata van arr\u00f3l, hogy milyen sz\u00fcks\u00e9gletei lehetnek a gyerekeknek, ugyanakkor [&hellip;]\" \/>\n<meta property=\"og:url\" content=\"https:\/\/obuda.hu\/gyermekvedelem\/e-learning\/\" \/>\n<meta property=\"og:site_name\" content=\"\u00d3buda\" \/>\n<meta property=\"article:modified_time\" content=\"2025-08-25T09:38:41+00:00\" \/>\n<meta property=\"og:image\" content=\"https:\/\/obuda.hu\/gyermekvedelem\/wp-content\/uploads\/2020\/10\/gyermekvedelem_meta_fb.jpg\" \/>\n\t<meta property=\"og:image:width\" content=\"1200\" \/>\n\t<meta property=\"og:image:height\" content=\"630\" \/>\n\t<meta property=\"og:image:type\" content=\"image\/jpeg\" \/>\n<meta name=\"twitter:card\" content=\"summary_large_image\" \/>\n<meta name=\"twitter:label1\" content=\"Est. reading time\" \/>\n\t<meta name=\"twitter:data1\" content=\"1 minute\" \/>\n<script type=\"application\/ld+json\" class=\"yoast-schema-graph\">{\"@context\":\"https:\/\/schema.org\",\"@graph\":[{\"@type\":\"WebPage\",\"@id\":\"https:\/\/obuda.hu\/gyermekvedelem\/e-learning\/\",\"url\":\"https:\/\/obuda.hu\/gyermekvedelem\/e-learning\/\",\"name\":\"E-learning - \u00d3buda\",\"isPartOf\":{\"@id\":\"https:\/\/obuda.hu\/gyermekvedelem\/#website\"},\"datePublished\":\"2025-01-13T08:51:46+00:00\",\"dateModified\":\"2025-08-25T09:38:41+00:00\",\"breadcrumb\":{\"@id\":\"https:\/\/obuda.hu\/gyermekvedelem\/e-learning\/#breadcrumb\"},\"inLanguage\":\"en-US\",\"potentialAction\":[{\"@type\":\"ReadAction\",\"target\":[\"https:\/\/obuda.hu\/gyermekvedelem\/e-learning\/\"]}]},{\"@type\":\"BreadcrumbList\",\"@id\":\"https:\/\/obuda.hu\/gyermekvedelem\/e-learning\/#breadcrumb\",\"itemListElement\":[{\"@type\":\"ListItem\",\"position\":1,\"name\":\"Kezd\u0151lap\",\"item\":\"https:\/\/obuda.hu\/gyermekvedelem\/\"},{\"@type\":\"ListItem\",\"position\":2,\"name\":\"E-learning\"}]},{\"@type\":\"WebSite\",\"@id\":\"https:\/\/obuda.hu\/gyermekvedelem\/#website\",\"url\":\"https:\/\/obuda.hu\/gyermekvedelem\/\",\"name\":\"\u00d3buda\",\"description\":\"Gyermekv\u00e9delem\",\"potentialAction\":[{\"@type\":\"SearchAction\",\"target\":{\"@type\":\"EntryPoint\",\"urlTemplate\":\"https:\/\/obuda.hu\/gyermekvedelem\/?s={search_term_string}\"},\"query-input\":\"required name=search_term_string\"}],\"inLanguage\":\"en-US\"}]}<\/script>\n<!-- \/ Yoast SEO plugin. -->","yoast_head_json":{"title":"E-learning - \u00d3buda","robots":{"index":"index","follow":"follow","max-snippet":"max-snippet:-1","max-image-preview":"max-image-preview:large","max-video-preview":"max-video-preview:-1"},"canonical":"https:\/\/obuda.hu\/gyermekvedelem\/e-learning\/","og_locale":"en_US","og_type":"article","og_title":"E-learning - \u00d3buda","og_description":"E-learning A kor\u00e1bbi \u00e9vekben sz\u00e1mos e-mail kurzust k\u00e9sz\u00edtett\u00fcnk a 3. ker\u00fcleti lakosok \u00e9s szakemberek sz\u00e1m\u00e1ra, annak \u00e9rdek\u00e9ben, hogy meger\u0151s\u00edts\u00fck a helyi gyermekv\u00e9delmi rendszert \u00e9s biztons\u00e1gosabb\u00e1 tegy\u00fck a k\u00f6rnyezetet a gyerekek sz\u00e1m\u00e1ra. Id\u00e9n meg\u00fajult, interakt\u00edvabb e-learning form\u00e1ban jelentkez\u00fcnk leg\u00fajabb szakmai anyagunkkal. Minden felel\u0151s feln\u0151ttnek, sz\u00fcl\u0151nek sz\u00e1mos tapasztalata van arr\u00f3l, hogy milyen sz\u00fcks\u00e9gletei lehetnek a gyerekeknek, ugyanakkor [&hellip;]","og_url":"https:\/\/obuda.hu\/gyermekvedelem\/e-learning\/","og_site_name":"\u00d3buda","article_modified_time":"2025-08-25T09:38:41+00:00","og_image":[{"width":1200,"height":630,"url":"https:\/\/obuda.hu\/gyermekvedelem\/wp-content\/uploads\/2020\/10\/gyermekvedelem_meta_fb.jpg","type":"image\/jpeg"}],"twitter_card":"summary_large_image","twitter_misc":{"Est. reading time":"1 minute"},"schema":{"@context":"https:\/\/schema.org","@graph":[{"@type":"WebPage","@id":"https:\/\/obuda.hu\/gyermekvedelem\/e-learning\/","url":"https:\/\/obuda.hu\/gyermekvedelem\/e-learning\/","name":"E-learning - \u00d3buda","isPartOf":{"@id":"https:\/\/obuda.hu\/gyermekvedelem\/#website"},"datePublished":"2025-01-13T08:51:46+00:00","dateModified":"2025-08-25T09:38:41+00:00","breadcrumb":{"@id":"https:\/\/obuda.hu\/gyermekvedelem\/e-learning\/#breadcrumb"},"inLanguage":"en-US","potentialAction":[{"@type":"ReadAction","target":["https:\/\/obuda.hu\/gyermekvedelem\/e-learning\/"]}]},{"@type":"BreadcrumbList","@id":"https:\/\/obuda.hu\/gyermekvedelem\/e-learning\/#breadcrumb","itemListElement":[{"@type":"ListItem","position":1,"name":"Kezd\u0151lap","item":"https:\/\/obuda.hu\/gyermekvedelem\/"},{"@type":"ListItem","position":2,"name":"E-learning"}]},{"@type":"WebSite","@id":"https:\/\/obuda.hu\/gyermekvedelem\/#website","url":"https:\/\/obuda.hu\/gyermekvedelem\/","name":"\u00d3buda","description":"Gyermekv\u00e9delem","potentialAction":[{"@type":"SearchAction","target":{"@type":"EntryPoint","urlTemplate":"https:\/\/obuda.hu\/gyermekvedelem\/?s={search_term_string}"},"query-input":"required name=search_term_string"}],"inLanguage":"en-US"}]}},"_links":{"self":[{"href":"https:\/\/obuda.hu\/gyermekvedelem\/wp-json\/wp\/v2\/pages\/292"}],"collection":[{"href":"https:\/\/obuda.hu\/gyermekvedelem\/wp-json\/wp\/v2\/pages"}],"about":[{"href":"https:\/\/obuda.hu\/gyermekvedelem\/wp-json\/wp\/v2\/types\/page"}],"author":[{"embeddable":true,"href":"https:\/\/obuda.hu\/gyermekvedelem\/wp-json\/wp\/v2\/users\/1"}],"replies":[{"embeddable":true,"href":"https:\/\/obuda.hu\/gyermekvedelem\/wp-json\/wp\/v2\/comments?post=292"}],"version-history":[{"count":13,"href":"https:\/\/obuda.hu\/gyermekvedelem\/wp-json\/wp\/v2\/pages\/292\/revisions"}],"predecessor-version":[{"id":367,"href":"https:\/\/obuda.hu\/gyermekvedelem\/wp-json\/wp\/v2\/pages\/292\/revisions\/367"}],"wp:attachment":[{"href":"https:\/\/obuda.hu\/gyermekvedelem\/wp-json\/wp\/v2\/media?parent=292"}],"curies":[{"name":"wp","href":"https:\/\/api.w.org\/{rel}","templated":true}]}}