{"id":351,"date":"2025-08-25T09:35:03","date_gmt":"2025-08-25T09:35:03","guid":{"rendered":"https:\/\/obuda.hu\/gyermekvedelem\/?page_id=351"},"modified":"2026-01-27T08:40:51","modified_gmt":"2026-01-27T08:40:51","slug":"informacios-anyagok","status":"publish","type":"page","link":"https:\/\/obuda.hu\/gyermekvedelem\/informacios-anyagok\/","title":{"rendered":"Inform\u00e1ci\u00f3s anyagok"},"content":{"rendered":"\t\t<div data-elementor-type=\"wp-page\" data-elementor-id=\"351\" class=\"elementor elementor-351\" data-elementor-post-type=\"page\">\n\t\t\t\t\t\t\t\t\t<section class=\"elementor-section elementor-top-section elementor-element elementor-element-5019266 elementor-section-height-min-height elementor-section-boxed elementor-section-height-default elementor-section-items-middle\" data-id=\"5019266\" data-element_type=\"section\" data-settings=\"{&quot;background_background&quot;:&quot;classic&quot;}\">\n\t\t\t\t\t\t<div class=\"elementor-container elementor-column-gap-default\">\n\t\t\t\t\t<div class=\"elementor-column elementor-col-50 elementor-top-column elementor-element elementor-element-b62cb17\" data-id=\"b62cb17\" data-element_type=\"column\">\n\t\t\t<div class=\"elementor-widget-wrap\">\n\t\t\t\t\t\t\t\t\t<\/div>\n\t\t<\/div>\n\t\t\t\t<div class=\"elementor-column elementor-col-50 elementor-top-column elementor-element elementor-element-175eee0\" data-id=\"175eee0\" data-element_type=\"column\">\n\t\t\t<div class=\"elementor-widget-wrap elementor-element-populated\">\n\t\t\t\t\t\t\t\t<div class=\"elementor-element elementor-element-a53084d elementor-widget elementor-widget-spacer\" data-id=\"a53084d\" data-element_type=\"widget\" data-widget_type=\"spacer.default\">\n\t\t\t\t<div class=\"elementor-widget-container\">\n\t\t\t\t\t<div class=\"elementor-spacer\">\n\t\t\t<div class=\"elementor-spacer-inner\"><\/div>\n\t\t<\/div>\n\t\t\t\t<\/div>\n\t\t\t\t<\/div>\n\t\t\t\t<div class=\"elementor-element elementor-element-c43fef2 elementor-widget elementor-widget-heading\" data-id=\"c43fef2\" data-element_type=\"widget\" data-widget_type=\"heading.default\">\n\t\t\t\t<div class=\"elementor-widget-container\">\n\t\t\t<h2 class=\"elementor-heading-title elementor-size-default\">Inform\u00e1ci\u00f3s anyagok<\/h2>\t\t<\/div>\n\t\t\t\t<\/div>\n\t\t\t\t\t<\/div>\n\t\t<\/div>\n\t\t\t\t\t\t\t<\/div>\n\t\t<\/section>\n\t\t\t\t<section class=\"elementor-section elementor-top-section elementor-element elementor-element-660a653 elementor-section-boxed elementor-section-height-default elementor-section-height-default\" data-id=\"660a653\" data-element_type=\"section\" data-settings=\"{&quot;background_background&quot;:&quot;classic&quot;}\">\n\t\t\t\t\t\t<div class=\"elementor-container elementor-column-gap-default\">\n\t\t\t\t\t<div class=\"elementor-column elementor-col-100 elementor-top-column elementor-element elementor-element-07b43f8\" data-id=\"07b43f8\" data-element_type=\"column\">\n\t\t\t<div class=\"elementor-widget-wrap elementor-element-populated\">\n\t\t\t\t\t\t\t\t<div class=\"elementor-element elementor-element-13b9290 elementor-icon-list--layout-traditional elementor-list-item-link-full_width elementor-widget elementor-widget-icon-list\" data-id=\"13b9290\" data-element_type=\"widget\" data-widget_type=\"icon-list.default\">\n\t\t\t\t<div class=\"elementor-widget-container\">\n\t\t\t\t\t<ul class=\"elementor-icon-list-items\">\n\t\t\t\t\t\t\t<li class=\"elementor-icon-list-item\">\n\t\t\t\t\t\t\t\t\t\t\t<a href=\"https:\/\/obuda.hu\/gyermekvedelem\/wp-content\/uploads\/2025\/08\/2023_Gyerekreszvetel_e-mailkurzus.pdf\">\n\n\t\t\t\t\t\t\t\t\t\t\t\t<span class=\"elementor-icon-list-icon\">\n\t\t\t\t\t\t\t<i aria-hidden=\"true\" class=\"fas fa-file-pdf\"><\/i>\t\t\t\t\t\t<\/span>\n\t\t\t\t\t\t\t\t\t\t<span class=\"elementor-icon-list-text\">2023 Gyerekre\u0301szve\u0301tel e-mailkurzus<\/span>\n\t\t\t\t\t\t\t\t\t\t\t<\/a>\n\t\t\t\t\t\t\t\t\t<\/li>\n\t\t\t\t\t\t\t\t<li class=\"elementor-icon-list-item\">\n\t\t\t\t\t\t\t\t\t\t\t<a href=\"https:\/\/obuda.hu\/gyermekvedelem\/wp-content\/uploads\/2025\/08\/2022_Online-biztonsag_e-mailkurzus.pdf\">\n\n\t\t\t\t\t\t\t\t\t\t\t\t<span class=\"elementor-icon-list-icon\">\n\t\t\t\t\t\t\t<i aria-hidden=\"true\" class=\"fas fa-file-pdf\"><\/i>\t\t\t\t\t\t<\/span>\n\t\t\t\t\t\t\t\t\t\t<span class=\"elementor-icon-list-text\">2022 Online biztonsa\u0301g e-mailkurzus<\/span>\n\t\t\t\t\t\t\t\t\t\t\t<\/a>\n\t\t\t\t\t\t\t\t\t<\/li>\n\t\t\t\t\t\t\t\t<li class=\"elementor-icon-list-item\">\n\t\t\t\t\t\t\t\t\t\t\t<a href=\"https:\/\/obuda.hu\/gyermekvedelem\/wp-content\/uploads\/2025\/08\/2021_Gyermekvedelemben-dolgozo-szakembereknek-_e-mailkurzus.pdf\">\n\n\t\t\t\t\t\t\t\t\t\t\t\t<span class=\"elementor-icon-list-icon\">\n\t\t\t\t\t\t\t<i aria-hidden=\"true\" class=\"fas fa-file-pdf\"><\/i>\t\t\t\t\t\t<\/span>\n\t\t\t\t\t\t\t\t\t\t<span class=\"elementor-icon-list-text\">2021_Gyermekve\u0301delemben dolgozo\u0301 szakembereknek _e-mailkurzus<\/span>\n\t\t\t\t\t\t\t\t\t\t\t<\/a>\n\t\t\t\t\t\t\t\t\t<\/li>\n\t\t\t\t\t\t\t\t<li class=\"elementor-icon-list-item\">\n\t\t\t\t\t\t\t\t\t\t\t<a href=\"https:\/\/obuda.hu\/gyermekvedelem\/wp-content\/uploads\/2025\/09\/Digitalis-gyerekvedelem-92-x-132-mm_2025.pdf\">\n\n\t\t\t\t\t\t\t\t\t\t\t\t<span class=\"elementor-icon-list-icon\">\n\t\t\t\t\t\t\t<i aria-hidden=\"true\" class=\"fas fa-file-pdf\"><\/i>\t\t\t\t\t\t<\/span>\n\t\t\t\t\t\t\t\t\t\t<span class=\"elementor-icon-list-text\">Digita\u0301lis gyerekve\u0301delem 3 \u00e9ves kor alatt<\/span>\n\t\t\t\t\t\t\t\t\t\t\t<\/a>\n\t\t\t\t\t\t\t\t\t<\/li>\n\t\t\t\t\t\t\t\t<li class=\"elementor-icon-list-item\">\n\t\t\t\t\t\t\t\t\t\t\t<a href=\"https:\/\/obuda.hu\/gyermekvedelem\/wp-content\/uploads\/2025\/11\/Digitalis-biztonsag-ovodaskorban.pdf\">\n\n\t\t\t\t\t\t\t\t\t\t\t\t<span class=\"elementor-icon-list-icon\">\n\t\t\t\t\t\t\t<i aria-hidden=\"true\" class=\"fas fa-file-pdf\"><\/i>\t\t\t\t\t\t<\/span>\n\t\t\t\t\t\t\t\t\t\t<span class=\"elementor-icon-list-text\">Digit\u00e1lis biztons\u00e1g \u00f3vod\u00e1skorban<\/span>\n\t\t\t\t\t\t\t\t\t\t\t<\/a>\n\t\t\t\t\t\t\t\t\t<\/li>\n\t\t\t\t\t\t\t\t<li class=\"elementor-icon-list-item\">\n\t\t\t\t\t\t\t\t\t\t\t<a href=\"https:\/\/obuda.hu\/gyermekvedelem\/wp-content\/uploads\/2025\/11\/Digitalis-biztonsag-ovodaskorban-hasznos-tudnivalok.pdf\">\n\n\t\t\t\t\t\t\t\t\t\t\t\t<span class=\"elementor-icon-list-icon\">\n\t\t\t\t\t\t\t<i aria-hidden=\"true\" class=\"fas fa-file-pdf\"><\/i>\t\t\t\t\t\t<\/span>\n\t\t\t\t\t\t\t\t\t\t<span class=\"elementor-icon-list-text\">Digit\u00e1lis biztons\u00e1g \u00f3vod\u00e1skorban hasznos tudnival\u00f3k<\/span>\n\t\t\t\t\t\t\t\t\t\t\t<\/a>\n\t\t\t\t\t\t\t\t\t<\/li>\n\t\t\t\t\t\t\t\t<li class=\"elementor-icon-list-item\">\n\t\t\t\t\t\t\t\t\t\t\t<a href=\"https:\/\/obuda.hu\/gyermekvedelem\/wp-content\/uploads\/2025\/11\/Obuda-Bekasmegyer-Egyesitett-Bolcsodek-Gyermekvedelmi-utmutatoja.pdf\">\n\n\t\t\t\t\t\t\t\t\t\t\t\t<span class=\"elementor-icon-list-icon\">\n\t\t\t\t\t\t\t<i aria-hidden=\"true\" class=\"fas fa-file-pdf\"><\/i>\t\t\t\t\t\t<\/span>\n\t\t\t\t\t\t\t\t\t\t<span class=\"elementor-icon-list-text\">\u00d3buda-B\u00e9k\u00e1smegyer Egyes\u00edtett B\u00f6lcs\u0151d\u00e9k Gyermekv\u00e9delmi \u00fatmutat\u00f3ja<\/span>\n\t\t\t\t\t\t\t\t\t\t\t<\/a>\n\t\t\t\t\t\t\t\t\t<\/li>\n\t\t\t\t\t\t\t\t<li class=\"elementor-icon-list-item\">\n\t\t\t\t\t\t\t\t\t\t\t<a href=\"https:\/\/obuda.hu\/gyermekvedelem\/wp-content\/uploads\/2026\/01\/Obudai-Ovodak_Gyermekvedelmi-utmutato-2025.pdf\">\n\n\t\t\t\t\t\t\t\t\t\t\t\t<span class=\"elementor-icon-list-icon\">\n\t\t\t\t\t\t\t<i aria-hidden=\"true\" class=\"fas fa-file-pdf\"><\/i>\t\t\t\t\t\t<\/span>\n\t\t\t\t\t\t\t\t\t\t<span class=\"elementor-icon-list-text\">O\u0301buda O\u0301voda Gyermekve\u0301delmi u\u0301tmutato\u0301 2025<\/span>\n\t\t\t\t\t\t\t\t\t\t\t<\/a>\n\t\t\t\t\t\t\t\t\t<\/li>\n\t\t\t\t\t\t\t\t<li class=\"elementor-icon-list-item\">\n\t\t\t\t\t\t\t\t\t\t\t<a href=\"https:\/\/obuda.hu\/gyermekvedelem\/wp-content\/uploads\/2025\/12\/Obuda-Ovodai-Gyermekvedelmi-utmutato_roviditett-valtozat_szuloknek.pdf\">\n\n\t\t\t\t\t\t\t\t\t\t\t\t<span class=\"elementor-icon-list-icon\">\n\t\t\t\t\t\t\t<i aria-hidden=\"true\" class=\"fas fa-file-pdf\"><\/i>\t\t\t\t\t\t<\/span>\n\t\t\t\t\t\t\t\t\t\t<span class=\"elementor-icon-list-text\">O\u0301buda O\u0301vodai Gyermekve\u0301delmi u\u0301tmutato\u0301 ro\u0308vidi\u0301tett va\u0301ltozat szu\u0308lo\u030bknek<\/span>\n\t\t\t\t\t\t\t\t\t\t\t<\/a>\n\t\t\t\t\t\t\t\t\t<\/li>\n\t\t\t\t\t\t<\/ul>\n\t\t\t\t<\/div>\n\t\t\t\t<\/div>\n\t\t\t\t\t<\/div>\n\t\t<\/div>\n\t\t\t\t\t\t\t<\/div>\n\t\t<\/section>\n\t\t\t\t\t\t\t<\/div>\n\t\t","protected":false},"excerpt":{"rendered":"<p>Inform\u00e1ci\u00f3s anyagok 2023 Gyerekre\u0301szve\u0301tel e-mailkurzus 2022 Online biztonsa\u0301g e-mailkurzus 2021_Gyermekve\u0301delemben dolgozo\u0301 szakembereknek _e-mailkurzus Digita\u0301lis gyerekve\u0301delem 3 \u00e9ves kor alatt Digit\u00e1lis biztons\u00e1g \u00f3vod\u00e1skorban Digit\u00e1lis biztons\u00e1g \u00f3vod\u00e1skorban hasznos tudnival\u00f3k \u00d3buda-B\u00e9k\u00e1smegyer Egyes\u00edtett B\u00f6lcs\u0151d\u00e9k Gyermekv\u00e9delmi \u00fatmutat\u00f3ja O\u0301buda O\u0301voda Gyermekve\u0301delmi u\u0301tmutato\u0301 2025 O\u0301buda O\u0301vodai Gyermekve\u0301delmi u\u0301tmutato\u0301 ro\u0308vidi\u0301tett va\u0301ltozat szu\u0308lo\u030bknek<\/p>\n","protected":false},"author":1,"featured_media":0,"parent":0,"menu_order":0,"comment_status":"closed","ping_status":"closed","template":"elementor_header_footer","meta":{"footnotes":""},"yoast_head":"<!-- This site is optimized with the Yoast SEO plugin v21.5 - https:\/\/yoast.com\/wordpress\/plugins\/seo\/ -->\n<title>Inform\u00e1ci\u00f3s anyagok - \u00d3buda<\/title>\n<meta name=\"robots\" content=\"index, follow, max-snippet:-1, max-image-preview:large, max-video-preview:-1\" \/>\n<link rel=\"canonical\" href=\"https:\/\/obuda.hu\/gyermekvedelem\/informacios-anyagok\/\" \/>\n<meta property=\"og:locale\" content=\"en_US\" \/>\n<meta property=\"og:type\" content=\"article\" \/>\n<meta property=\"og:title\" content=\"Inform\u00e1ci\u00f3s anyagok - \u00d3buda\" \/>\n<meta property=\"og:description\" content=\"Inform\u00e1ci\u00f3s anyagok 2023 Gyerekre\u0301szve\u0301tel e-mailkurzus 2022 Online biztonsa\u0301g e-mailkurzus 2021_Gyermekve\u0301delemben dolgozo\u0301 szakembereknek _e-mailkurzus Digita\u0301lis gyerekve\u0301delem 3 \u00e9ves kor alatt Digit\u00e1lis biztons\u00e1g \u00f3vod\u00e1skorban Digit\u00e1lis biztons\u00e1g \u00f3vod\u00e1skorban hasznos tudnival\u00f3k \u00d3buda-B\u00e9k\u00e1smegyer Egyes\u00edtett B\u00f6lcs\u0151d\u00e9k Gyermekv\u00e9delmi \u00fatmutat\u00f3ja O\u0301buda O\u0301voda Gyermekve\u0301delmi u\u0301tmutato\u0301 2025 O\u0301buda O\u0301vodai Gyermekve\u0301delmi u\u0301tmutato\u0301 ro\u0308vidi\u0301tett va\u0301ltozat szu\u0308lo\u030bknek\" \/>\n<meta property=\"og:url\" content=\"https:\/\/obuda.hu\/gyermekvedelem\/informacios-anyagok\/\" \/>\n<meta property=\"og:site_name\" content=\"\u00d3buda\" \/>\n<meta property=\"article:modified_time\" content=\"2026-01-27T08:40:51+00:00\" \/>\n<meta property=\"og:image\" content=\"https:\/\/obuda.hu\/gyermekvedelem\/wp-content\/uploads\/2020\/10\/gyermekvedelem_meta_fb.jpg\" \/>\n\t<meta property=\"og:image:width\" content=\"1200\" \/>\n\t<meta property=\"og:image:height\" content=\"630\" \/>\n\t<meta property=\"og:image:type\" content=\"image\/jpeg\" \/>\n<meta name=\"twitter:card\" content=\"summary_large_image\" \/>\n<meta name=\"twitter:label1\" content=\"Est. reading time\" \/>\n\t<meta name=\"twitter:data1\" content=\"1 minute\" \/>\n<script type=\"application\/ld+json\" class=\"yoast-schema-graph\">{\"@context\":\"https:\/\/schema.org\",\"@graph\":[{\"@type\":\"WebPage\",\"@id\":\"https:\/\/obuda.hu\/gyermekvedelem\/informacios-anyagok\/\",\"url\":\"https:\/\/obuda.hu\/gyermekvedelem\/informacios-anyagok\/\",\"name\":\"Inform\u00e1ci\u00f3s anyagok - \u00d3buda\",\"isPartOf\":{\"@id\":\"https:\/\/obuda.hu\/gyermekvedelem\/#website\"},\"datePublished\":\"2025-08-25T09:35:03+00:00\",\"dateModified\":\"2026-01-27T08:40:51+00:00\",\"breadcrumb\":{\"@id\":\"https:\/\/obuda.hu\/gyermekvedelem\/informacios-anyagok\/#breadcrumb\"},\"inLanguage\":\"en-US\",\"potentialAction\":[{\"@type\":\"ReadAction\",\"target\":[\"https:\/\/obuda.hu\/gyermekvedelem\/informacios-anyagok\/\"]}]},{\"@type\":\"BreadcrumbList\",\"@id\":\"https:\/\/obuda.hu\/gyermekvedelem\/informacios-anyagok\/#breadcrumb\",\"itemListElement\":[{\"@type\":\"ListItem\",\"position\":1,\"name\":\"Kezd\u0151lap\",\"item\":\"https:\/\/obuda.hu\/gyermekvedelem\/\"},{\"@type\":\"ListItem\",\"position\":2,\"name\":\"Inform\u00e1ci\u00f3s anyagok\"}]},{\"@type\":\"WebSite\",\"@id\":\"https:\/\/obuda.hu\/gyermekvedelem\/#website\",\"url\":\"https:\/\/obuda.hu\/gyermekvedelem\/\",\"name\":\"\u00d3buda\",\"description\":\"Gyermekv\u00e9delem\",\"potentialAction\":[{\"@type\":\"SearchAction\",\"target\":{\"@type\":\"EntryPoint\",\"urlTemplate\":\"https:\/\/obuda.hu\/gyermekvedelem\/?s={search_term_string}\"},\"query-input\":\"required name=search_term_string\"}],\"inLanguage\":\"en-US\"}]}<\/script>\n<!-- \/ Yoast SEO plugin. -->","yoast_head_json":{"title":"Inform\u00e1ci\u00f3s anyagok - \u00d3buda","robots":{"index":"index","follow":"follow","max-snippet":"max-snippet:-1","max-image-preview":"max-image-preview:large","max-video-preview":"max-video-preview:-1"},"canonical":"https:\/\/obuda.hu\/gyermekvedelem\/informacios-anyagok\/","og_locale":"en_US","og_type":"article","og_title":"Inform\u00e1ci\u00f3s anyagok - \u00d3buda","og_description":"Inform\u00e1ci\u00f3s anyagok 2023 Gyerekre\u0301szve\u0301tel e-mailkurzus 2022 Online biztonsa\u0301g e-mailkurzus 2021_Gyermekve\u0301delemben dolgozo\u0301 szakembereknek _e-mailkurzus Digita\u0301lis gyerekve\u0301delem 3 \u00e9ves kor alatt Digit\u00e1lis biztons\u00e1g \u00f3vod\u00e1skorban Digit\u00e1lis biztons\u00e1g \u00f3vod\u00e1skorban hasznos tudnival\u00f3k \u00d3buda-B\u00e9k\u00e1smegyer Egyes\u00edtett B\u00f6lcs\u0151d\u00e9k Gyermekv\u00e9delmi \u00fatmutat\u00f3ja O\u0301buda O\u0301voda Gyermekve\u0301delmi u\u0301tmutato\u0301 2025 O\u0301buda O\u0301vodai Gyermekve\u0301delmi u\u0301tmutato\u0301 ro\u0308vidi\u0301tett va\u0301ltozat szu\u0308lo\u030bknek","og_url":"https:\/\/obuda.hu\/gyermekvedelem\/informacios-anyagok\/","og_site_name":"\u00d3buda","article_modified_time":"2026-01-27T08:40:51+00:00","og_image":[{"width":1200,"height":630,"url":"https:\/\/obuda.hu\/gyermekvedelem\/wp-content\/uploads\/2020\/10\/gyermekvedelem_meta_fb.jpg","type":"image\/jpeg"}],"twitter_card":"summary_large_image","twitter_misc":{"Est. reading time":"1 minute"},"schema":{"@context":"https:\/\/schema.org","@graph":[{"@type":"WebPage","@id":"https:\/\/obuda.hu\/gyermekvedelem\/informacios-anyagok\/","url":"https:\/\/obuda.hu\/gyermekvedelem\/informacios-anyagok\/","name":"Inform\u00e1ci\u00f3s anyagok - \u00d3buda","isPartOf":{"@id":"https:\/\/obuda.hu\/gyermekvedelem\/#website"},"datePublished":"2025-08-25T09:35:03+00:00","dateModified":"2026-01-27T08:40:51+00:00","breadcrumb":{"@id":"https:\/\/obuda.hu\/gyermekvedelem\/informacios-anyagok\/#breadcrumb"},"inLanguage":"en-US","potentialAction":[{"@type":"ReadAction","target":["https:\/\/obuda.hu\/gyermekvedelem\/informacios-anyagok\/"]}]},{"@type":"BreadcrumbList","@id":"https:\/\/obuda.hu\/gyermekvedelem\/informacios-anyagok\/#breadcrumb","itemListElement":[{"@type":"ListItem","position":1,"name":"Kezd\u0151lap","item":"https:\/\/obuda.hu\/gyermekvedelem\/"},{"@type":"ListItem","position":2,"name":"Inform\u00e1ci\u00f3s anyagok"}]},{"@type":"WebSite","@id":"https:\/\/obuda.hu\/gyermekvedelem\/#website","url":"https:\/\/obuda.hu\/gyermekvedelem\/","name":"\u00d3buda","description":"Gyermekv\u00e9delem","potentialAction":[{"@type":"SearchAction","target":{"@type":"EntryPoint","urlTemplate":"https:\/\/obuda.hu\/gyermekvedelem\/?s={search_term_string}"},"query-input":"required name=search_term_string"}],"inLanguage":"en-US"}]}},"_links":{"self":[{"href":"https:\/\/obuda.hu\/gyermekvedelem\/wp-json\/wp\/v2\/pages\/351"}],"collection":[{"href":"https:\/\/obuda.hu\/gyermekvedelem\/wp-json\/wp\/v2\/pages"}],"about":[{"href":"https:\/\/obuda.hu\/gyermekvedelem\/wp-json\/wp\/v2\/types\/page"}],"author":[{"embeddable":true,"href":"https:\/\/obuda.hu\/gyermekvedelem\/wp-json\/wp\/v2\/users\/1"}],"replies":[{"embeddable":true,"href":"https:\/\/obuda.hu\/gyermekvedelem\/wp-json\/wp\/v2\/comments?post=351"}],"version-history":[{"count":34,"href":"https:\/\/obuda.hu\/gyermekvedelem\/wp-json\/wp\/v2\/pages\/351\/revisions"}],"predecessor-version":[{"id":547,"href":"https:\/\/obuda.hu\/gyermekvedelem\/wp-json\/wp\/v2\/pages\/351\/revisions\/547"}],"wp:attachment":[{"href":"https:\/\/obuda.hu\/gyermekvedelem\/wp-json\/wp\/v2\/media?parent=351"}],"curies":[{"name":"wp","href":"https:\/\/api.w.org\/{rel}","templated":true}]}}