{"id":384,"date":"2025-08-25T09:44:15","date_gmt":"2025-08-25T09:44:15","guid":{"rendered":"https:\/\/obuda.hu\/gyermekvedelem\/?page_id=384"},"modified":"2025-11-10T13:48:36","modified_gmt":"2025-11-10T13:48:36","slug":"hirek-aktualitasok","status":"publish","type":"page","link":"https:\/\/obuda.hu\/gyermekvedelem\/hirek-aktualitasok\/","title":{"rendered":"H\u00edrek, aktualit\u00e1sok"},"content":{"rendered":"\t\t<div data-elementor-type=\"wp-page\" data-elementor-id=\"384\" class=\"elementor elementor-384\" data-elementor-post-type=\"page\">\n\t\t\t\t\t\t\t\t\t<section class=\"elementor-section elementor-top-section elementor-element elementor-element-a01f00f elementor-section-height-min-height elementor-section-boxed elementor-section-height-default elementor-section-items-middle\" data-id=\"a01f00f\" data-element_type=\"section\" data-settings=\"{&quot;background_background&quot;:&quot;classic&quot;}\">\n\t\t\t\t\t\t<div class=\"elementor-container elementor-column-gap-default\">\n\t\t\t\t\t<div class=\"elementor-column elementor-col-50 elementor-top-column elementor-element elementor-element-207631f\" data-id=\"207631f\" data-element_type=\"column\">\n\t\t\t<div class=\"elementor-widget-wrap\">\n\t\t\t\t\t\t\t\t\t<\/div>\n\t\t<\/div>\n\t\t\t\t<div class=\"elementor-column elementor-col-50 elementor-top-column elementor-element elementor-element-c64bc73\" data-id=\"c64bc73\" data-element_type=\"column\">\n\t\t\t<div class=\"elementor-widget-wrap elementor-element-populated\">\n\t\t\t\t\t\t\t\t<div class=\"elementor-element elementor-element-a595354 elementor-widget elementor-widget-spacer\" data-id=\"a595354\" data-element_type=\"widget\" data-widget_type=\"spacer.default\">\n\t\t\t\t<div class=\"elementor-widget-container\">\n\t\t\t\t\t<div class=\"elementor-spacer\">\n\t\t\t<div class=\"elementor-spacer-inner\"><\/div>\n\t\t<\/div>\n\t\t\t\t<\/div>\n\t\t\t\t<\/div>\n\t\t\t\t<div class=\"elementor-element elementor-element-3298083 elementor-widget elementor-widget-heading\" data-id=\"3298083\" data-element_type=\"widget\" data-widget_type=\"heading.default\">\n\t\t\t\t<div class=\"elementor-widget-container\">\n\t\t\t<h2 class=\"elementor-heading-title elementor-size-default\">H\u00edrek, aktualit\u00e1sok<\/h2>\t\t<\/div>\n\t\t\t\t<\/div>\n\t\t\t\t\t<\/div>\n\t\t<\/div>\n\t\t\t\t\t\t\t<\/div>\n\t\t<\/section>\n\t\t\t\t<section class=\"elementor-section elementor-top-section elementor-element elementor-element-1dc7fde elementor-section-boxed elementor-section-height-default elementor-section-height-default\" data-id=\"1dc7fde\" data-element_type=\"section\" data-settings=\"{&quot;background_background&quot;:&quot;classic&quot;}\">\n\t\t\t\t\t\t<div class=\"elementor-container elementor-column-gap-default\">\n\t\t\t\t\t<div class=\"elementor-column elementor-col-100 elementor-top-column elementor-element elementor-element-2a5f104\" data-id=\"2a5f104\" data-element_type=\"column\">\n\t\t\t<div class=\"elementor-widget-wrap elementor-element-populated\">\n\t\t\t\t\t\t\t\t<div class=\"elementor-element elementor-element-4a51971 elementor-widget elementor-widget-shortcode\" data-id=\"4a51971\" data-element_type=\"widget\" data-widget_type=\"shortcode.default\">\n\t\t\t\t<div class=\"elementor-widget-container\">\n\t\t\t\t\t<div class=\"elementor-shortcode\"><div class=\"wprss_ajax\" data-id=\"rssaee9854113\"><img decoding=\"async\" loading=\"lazy\" src=\"https:\/\/obuda.hu\/gyermekvedelem\/wp-content\/plugins\/wp-rss-retriever\/inc\/imgs\/ajax-loader.gif\" alt=\"Loading RSS Feed\" width=\"16\" height=\"16\"><\/div><\/div>\n\t\t\t\t<\/div>\n\t\t\t\t<\/div>\n\t\t\t\t\t<\/div>\n\t\t<\/div>\n\t\t\t\t\t\t\t<\/div>\n\t\t<\/section>\n\t\t\t\t\t\t\t<\/div>\n\t\t","protected":false},"excerpt":{"rendered":"","protected":false},"author":1,"featured_media":0,"parent":0,"menu_order":0,"comment_status":"closed","ping_status":"closed","template":"elementor_header_footer","meta":{"footnotes":""},"yoast_head":"<!-- This site is optimized with the Yoast SEO plugin v21.5 - https:\/\/yoast.com\/wordpress\/plugins\/seo\/ -->\n<title>H\u00edrek, aktualit\u00e1sok - \u00d3buda<\/title>\n<meta name=\"robots\" content=\"index, follow, max-snippet:-1, max-image-preview:large, max-video-preview:-1\" \/>\n<link rel=\"canonical\" href=\"https:\/\/obuda.hu\/gyermekvedelem\/hirek-aktualitasok\/\" \/>\n<meta property=\"og:locale\" content=\"en_US\" \/>\n<meta property=\"og:type\" content=\"article\" \/>\n<meta property=\"og:title\" content=\"H\u00edrek, aktualit\u00e1sok - \u00d3buda\" \/>\n<meta property=\"og:url\" content=\"https:\/\/obuda.hu\/gyermekvedelem\/hirek-aktualitasok\/\" \/>\n<meta property=\"og:site_name\" content=\"\u00d3buda\" \/>\n<meta property=\"article:modified_time\" content=\"2025-11-10T13:48:36+00:00\" \/>\n<meta property=\"og:image\" content=\"https:\/\/obuda.hu\/gyermekvedelem\/wp-content\/uploads\/2020\/10\/gyermekvedelem_meta_fb.jpg\" \/>\n\t<meta property=\"og:image:width\" content=\"1200\" \/>\n\t<meta property=\"og:image:height\" content=\"630\" \/>\n\t<meta property=\"og:image:type\" content=\"image\/jpeg\" \/>\n<meta name=\"twitter:card\" content=\"summary_large_image\" \/>\n<meta name=\"twitter:label1\" content=\"Est. reading time\" \/>\n\t<meta name=\"twitter:data1\" content=\"1 minute\" \/>\n<script type=\"application\/ld+json\" class=\"yoast-schema-graph\">{\"@context\":\"https:\/\/schema.org\",\"@graph\":[{\"@type\":\"WebPage\",\"@id\":\"https:\/\/obuda.hu\/gyermekvedelem\/hirek-aktualitasok\/\",\"url\":\"https:\/\/obuda.hu\/gyermekvedelem\/hirek-aktualitasok\/\",\"name\":\"H\u00edrek, aktualit\u00e1sok - \u00d3buda\",\"isPartOf\":{\"@id\":\"https:\/\/obuda.hu\/gyermekvedelem\/#website\"},\"datePublished\":\"2025-08-25T09:44:15+00:00\",\"dateModified\":\"2025-11-10T13:48:36+00:00\",\"breadcrumb\":{\"@id\":\"https:\/\/obuda.hu\/gyermekvedelem\/hirek-aktualitasok\/#breadcrumb\"},\"inLanguage\":\"en-US\",\"potentialAction\":[{\"@type\":\"ReadAction\",\"target\":[\"https:\/\/obuda.hu\/gyermekvedelem\/hirek-aktualitasok\/\"]}]},{\"@type\":\"BreadcrumbList\",\"@id\":\"https:\/\/obuda.hu\/gyermekvedelem\/hirek-aktualitasok\/#breadcrumb\",\"itemListElement\":[{\"@type\":\"ListItem\",\"position\":1,\"name\":\"Kezd\u0151lap\",\"item\":\"https:\/\/obuda.hu\/gyermekvedelem\/\"},{\"@type\":\"ListItem\",\"position\":2,\"name\":\"H\u00edrek, aktualit\u00e1sok\"}]},{\"@type\":\"WebSite\",\"@id\":\"https:\/\/obuda.hu\/gyermekvedelem\/#website\",\"url\":\"https:\/\/obuda.hu\/gyermekvedelem\/\",\"name\":\"\u00d3buda\",\"description\":\"Gyermekv\u00e9delem\",\"potentialAction\":[{\"@type\":\"SearchAction\",\"target\":{\"@type\":\"EntryPoint\",\"urlTemplate\":\"https:\/\/obuda.hu\/gyermekvedelem\/?s={search_term_string}\"},\"query-input\":\"required name=search_term_string\"}],\"inLanguage\":\"en-US\"}]}<\/script>\n<!-- \/ Yoast SEO plugin. -->","yoast_head_json":{"title":"H\u00edrek, aktualit\u00e1sok - \u00d3buda","robots":{"index":"index","follow":"follow","max-snippet":"max-snippet:-1","max-image-preview":"max-image-preview:large","max-video-preview":"max-video-preview:-1"},"canonical":"https:\/\/obuda.hu\/gyermekvedelem\/hirek-aktualitasok\/","og_locale":"en_US","og_type":"article","og_title":"H\u00edrek, aktualit\u00e1sok - \u00d3buda","og_url":"https:\/\/obuda.hu\/gyermekvedelem\/hirek-aktualitasok\/","og_site_name":"\u00d3buda","article_modified_time":"2025-11-10T13:48:36+00:00","og_image":[{"width":1200,"height":630,"url":"https:\/\/obuda.hu\/gyermekvedelem\/wp-content\/uploads\/2020\/10\/gyermekvedelem_meta_fb.jpg","type":"image\/jpeg"}],"twitter_card":"summary_large_image","twitter_misc":{"Est. reading time":"1 minute"},"schema":{"@context":"https:\/\/schema.org","@graph":[{"@type":"WebPage","@id":"https:\/\/obuda.hu\/gyermekvedelem\/hirek-aktualitasok\/","url":"https:\/\/obuda.hu\/gyermekvedelem\/hirek-aktualitasok\/","name":"H\u00edrek, aktualit\u00e1sok - \u00d3buda","isPartOf":{"@id":"https:\/\/obuda.hu\/gyermekvedelem\/#website"},"datePublished":"2025-08-25T09:44:15+00:00","dateModified":"2025-11-10T13:48:36+00:00","breadcrumb":{"@id":"https:\/\/obuda.hu\/gyermekvedelem\/hirek-aktualitasok\/#breadcrumb"},"inLanguage":"en-US","potentialAction":[{"@type":"ReadAction","target":["https:\/\/obuda.hu\/gyermekvedelem\/hirek-aktualitasok\/"]}]},{"@type":"BreadcrumbList","@id":"https:\/\/obuda.hu\/gyermekvedelem\/hirek-aktualitasok\/#breadcrumb","itemListElement":[{"@type":"ListItem","position":1,"name":"Kezd\u0151lap","item":"https:\/\/obuda.hu\/gyermekvedelem\/"},{"@type":"ListItem","position":2,"name":"H\u00edrek, aktualit\u00e1sok"}]},{"@type":"WebSite","@id":"https:\/\/obuda.hu\/gyermekvedelem\/#website","url":"https:\/\/obuda.hu\/gyermekvedelem\/","name":"\u00d3buda","description":"Gyermekv\u00e9delem","potentialAction":[{"@type":"SearchAction","target":{"@type":"EntryPoint","urlTemplate":"https:\/\/obuda.hu\/gyermekvedelem\/?s={search_term_string}"},"query-input":"required name=search_term_string"}],"inLanguage":"en-US"}]}},"_links":{"self":[{"href":"https:\/\/obuda.hu\/gyermekvedelem\/wp-json\/wp\/v2\/pages\/384"}],"collection":[{"href":"https:\/\/obuda.hu\/gyermekvedelem\/wp-json\/wp\/v2\/pages"}],"about":[{"href":"https:\/\/obuda.hu\/gyermekvedelem\/wp-json\/wp\/v2\/types\/page"}],"author":[{"embeddable":true,"href":"https:\/\/obuda.hu\/gyermekvedelem\/wp-json\/wp\/v2\/users\/1"}],"replies":[{"embeddable":true,"href":"https:\/\/obuda.hu\/gyermekvedelem\/wp-json\/wp\/v2\/comments?post=384"}],"version-history":[{"count":34,"href":"https:\/\/obuda.hu\/gyermekvedelem\/wp-json\/wp\/v2\/pages\/384\/revisions"}],"predecessor-version":[{"id":526,"href":"https:\/\/obuda.hu\/gyermekvedelem\/wp-json\/wp\/v2\/pages\/384\/revisions\/526"}],"wp:attachment":[{"href":"https:\/\/obuda.hu\/gyermekvedelem\/wp-json\/wp\/v2\/media?parent=384"}],"curies":[{"name":"wp","href":"https:\/\/api.w.org\/{rel}","templated":true}]}}