{"id":1412,"date":"2024-07-02T20:25:44","date_gmt":"2024-07-02T20:25:44","guid":{"rendered":"https:\/\/obuda.hu\/kozossegikoltsegvetes\/?page_id=1412"},"modified":"2024-07-02T20:30:36","modified_gmt":"2024-07-02T20:30:36","slug":"eredmenyek-2024","status":"publish","type":"page","link":"https:\/\/obuda.hu\/kozossegikoltsegvetes\/eredmenyek-2024\/","title":{"rendered":"Eredm\u00e9nyek 2024"},"content":{"rendered":"\t\t<div data-elementor-type=\"wp-page\" data-elementor-id=\"1412\" class=\"elementor elementor-1412\" data-elementor-post-type=\"page\">\n\t\t\t\t\t\t\t\t\t<section class=\"elementor-section elementor-top-section elementor-element elementor-element-bde0a4a elementor-section-boxed elementor-section-height-default elementor-section-height-default\" data-id=\"bde0a4a\" data-element_type=\"section\" data-settings=\"{&quot;background_background&quot;:&quot;classic&quot;}\">\n\t\t\t\t\t\t\t<div class=\"elementor-background-overlay\"><\/div>\n\t\t\t\t\t\t\t<div class=\"elementor-container elementor-column-gap-default\">\n\t\t\t\t\t<div class=\"elementor-column elementor-col-100 elementor-top-column elementor-element elementor-element-85384c5\" data-id=\"85384c5\" data-element_type=\"column\">\n\t\t\t<div class=\"elementor-widget-wrap elementor-element-populated\">\n\t\t\t\t\t\t\t\t<div class=\"elementor-element elementor-element-6e48948 elementor-widget elementor-widget-heading\" data-id=\"6e48948\" data-element_type=\"widget\" data-widget_type=\"heading.default\">\n\t\t\t\t<div class=\"elementor-widget-container\">\n\t\t\t<h2 class=\"elementor-heading-title elementor-size-default\">\nK\u00d6Z\u00d6SS\u00c9GI K\u00d6LTS\u00c9GVET\u00c9S 2024 \u2013 K\u00f6sz\u00f6nj\u00fck a r\u00e9szv\u00e9telt!\n<\/h2>\t\t<\/div>\n\t\t\t\t<\/div>\n\t\t\t\t<div class=\"elementor-element elementor-element-8d1884a elementor-widget elementor-widget-text-editor\" data-id=\"8d1884a\" data-element_type=\"widget\" data-widget_type=\"text-editor.default\">\n\t\t\t\t<div class=\"elementor-widget-container\">\n\t\t\t\t\t\t\t<p>K\u00f6sz\u00f6nj\u00fck, hogy id\u00e9n is vel\u00fcnk tartottak a K\u00f6z\u00f6ss\u00e9gi K\u00f6lts\u00e9gvet\u00e9s kamp\u00e1nyban. K\u00fcl\u00f6n \u00f6r\u00f6mmel l\u00e1tjuk, hogy a K\u00f6z\u00f6ss\u00e9gi K\u00f6lts\u00e9gvet\u00e9s r\u00e9sz\u00e9v\u00e9 v\u00e1lt a harmadik ker\u00fcletiek mindennapjainak: ebben az \u00e9vben a kor\u00e1bbi rekordhoz k\u00e9pest is t\u00f6bb, mint m\u00e1sf\u00e9lszeres\u00e9re n\u0151tt a pap\u00edron \u00e9s online bek\u00fcld\u00f6tt szavaz\u00f3lapok sz\u00e1ma. Brav\u00f3, lok\u00e1lpatri\u00f3t\u00e1k!<br \/>A nyertes fejleszt\u00e9sekkel kapcsolatban hamarosan megindul a munka, az el\u0151z\u0151 \u00e9vekhez hasonl\u00f3an r\u00f6vid helysz\u00ednfelm\u00e9r\u00e9st k\u00f6vet\u0151en \u00d3buda-B\u00e9k\u00e1smegyer V\u00e1rosfejleszt\u0151 szak\u00e9rt\u0151i megkezdik a kivitelez\u00e9ssel j\u00e1r\u00f3 adminisztrat\u00edv \u00e9s operat\u00edv munk\u00e1t.<\/p>\t\t\t\t\t\t<\/div>\n\t\t\t\t<\/div>\n\t\t\t\t<div class=\"elementor-element elementor-element-4b438fb elementor-widget elementor-widget-image\" data-id=\"4b438fb\" data-element_type=\"widget\" data-widget_type=\"image.default\">\n\t\t\t\t<div class=\"elementor-widget-container\">\n\t\t\t\t\t\t\t\t\t\t\t\t\t\t\t<img loading=\"lazy\" decoding=\"async\" width=\"1024\" height=\"1452\" src=\"https:\/\/obuda.hu\/kozossegikoltsegvetes\/wp-content\/uploads\/2024\/07\/KKTSV24_nyertesek_poszt-b.png\" class=\"attachment-full size-full wp-image-1414\" alt=\"\" srcset=\"https:\/\/obuda.hu\/kozossegikoltsegvetes\/wp-content\/uploads\/2024\/07\/KKTSV24_nyertesek_poszt-b.png 1024w, https:\/\/obuda.hu\/kozossegikoltsegvetes\/wp-content\/uploads\/2024\/07\/KKTSV24_nyertesek_poszt-b-212x300.png 212w, https:\/\/obuda.hu\/kozossegikoltsegvetes\/wp-content\/uploads\/2024\/07\/KKTSV24_nyertesek_poszt-b-722x1024.png 722w, https:\/\/obuda.hu\/kozossegikoltsegvetes\/wp-content\/uploads\/2024\/07\/KKTSV24_nyertesek_poszt-b-768x1089.png 768w\" sizes=\"auto, (max-width: 1024px) 100vw, 1024px\" \/>\t\t\t\t\t\t\t\t\t\t\t\t\t\t\t<\/div>\n\t\t\t\t<\/div>\n\t\t\t\t\t<\/div>\n\t\t<\/div>\n\t\t\t\t\t\t\t<\/div>\n\t\t<\/section>\n\t\t\t\t\t\t\t<\/div>\n\t\t","protected":false},"excerpt":{"rendered":"<p>K\u00d6Z\u00d6SS\u00c9GI K\u00d6LTS\u00c9GVET\u00c9S 2024 \u2013 K\u00f6sz\u00f6nj\u00fck a r\u00e9szv\u00e9telt! K\u00f6sz\u00f6nj\u00fck, hogy id\u00e9n is vel\u00fcnk tartottak a K\u00f6z\u00f6ss\u00e9gi K\u00f6lts\u00e9gvet\u00e9s kamp\u00e1nyban. K\u00fcl\u00f6n \u00f6r\u00f6mmel l\u00e1tjuk, hogy a K\u00f6z\u00f6ss\u00e9gi K\u00f6lts\u00e9gvet\u00e9s r\u00e9sz\u00e9v\u00e9 v\u00e1lt a harmadik ker\u00fcletiek mindennapjainak: ebben az \u00e9vben a kor\u00e1bbi rekordhoz k\u00e9pest is t\u00f6bb, mint m\u00e1sf\u00e9lszeres\u00e9re n\u0151tt a pap\u00edron \u00e9s online bek\u00fcld\u00f6tt szavaz\u00f3lapok sz\u00e1ma. Brav\u00f3, lok\u00e1lpatri\u00f3t\u00e1k! A nyertes fejleszt\u00e9sekkel kapcsolatban [&hellip;]<\/p>\n","protected":false},"author":1,"featured_media":0,"parent":1226,"menu_order":0,"comment_status":"closed","ping_status":"closed","template":"elementor_header_footer","meta":{"footnotes":""},"class_list":["post-1412","page","type-page","status-publish","hentry"],"yoast_head":"<!-- This site is optimized with the Yoast SEO plugin v21.5 - https:\/\/yoast.com\/wordpress\/plugins\/seo\/ -->\n<title>Eredm\u00e9nyek 2024 - K\u00f6z\u00f6ss\u00e9gi k\u00f6lts\u00e9gvet\u00e9s 2025 \u2013 \u00cdrja meg v\u00e9lem\u00e9ny\u00e9t!<\/title>\n<meta name=\"robots\" content=\"index, follow, max-snippet:-1, max-image-preview:large, max-video-preview:-1\" \/>\n<link rel=\"canonical\" href=\"https:\/\/obuda.hu\/kozossegikoltsegvetes\/eredmenyek-2024\/\" \/>\n<meta property=\"og:locale\" content=\"hu_HU\" \/>\n<meta property=\"og:type\" content=\"article\" \/>\n<meta property=\"og:title\" content=\"Eredm\u00e9nyek 2024 - K\u00f6z\u00f6ss\u00e9gi k\u00f6lts\u00e9gvet\u00e9s 2025 \u2013 \u00cdrja meg v\u00e9lem\u00e9ny\u00e9t!\" \/>\n<meta property=\"og:description\" content=\"K\u00d6Z\u00d6SS\u00c9GI K\u00d6LTS\u00c9GVET\u00c9S 2024 \u2013 K\u00f6sz\u00f6nj\u00fck a r\u00e9szv\u00e9telt! K\u00f6sz\u00f6nj\u00fck, hogy id\u00e9n is vel\u00fcnk tartottak a K\u00f6z\u00f6ss\u00e9gi K\u00f6lts\u00e9gvet\u00e9s kamp\u00e1nyban. K\u00fcl\u00f6n \u00f6r\u00f6mmel l\u00e1tjuk, hogy a K\u00f6z\u00f6ss\u00e9gi K\u00f6lts\u00e9gvet\u00e9s r\u00e9sz\u00e9v\u00e9 v\u00e1lt a harmadik ker\u00fcletiek mindennapjainak: ebben az \u00e9vben a kor\u00e1bbi rekordhoz k\u00e9pest is t\u00f6bb, mint m\u00e1sf\u00e9lszeres\u00e9re n\u0151tt a pap\u00edron \u00e9s online bek\u00fcld\u00f6tt szavaz\u00f3lapok sz\u00e1ma. Brav\u00f3, lok\u00e1lpatri\u00f3t\u00e1k! A nyertes fejleszt\u00e9sekkel kapcsolatban [&hellip;]\" \/>\n<meta property=\"og:url\" content=\"https:\/\/obuda.hu\/kozossegikoltsegvetes\/eredmenyek-2024\/\" \/>\n<meta property=\"og:site_name\" content=\"K\u00f6z\u00f6ss\u00e9gi k\u00f6lts\u00e9gvet\u00e9s 2025 \u2013 \u00cdrja meg v\u00e9lem\u00e9ny\u00e9t!\" \/>\n<meta property=\"article:modified_time\" content=\"2024-07-02T20:30:36+00:00\" \/>\n<meta property=\"og:image\" content=\"https:\/\/obuda.hu\/kozossegikoltsegvetes\/wp-content\/uploads\/2024\/07\/KKTSV24_nyertesek_poszt-b.png\" \/>\n<meta name=\"twitter:card\" content=\"summary_large_image\" \/>\n<meta name=\"twitter:label1\" content=\"Becs\u00fclt olvas\u00e1si id\u0151\" \/>\n\t<meta name=\"twitter:data1\" content=\"1 perc\" \/>\n<script type=\"application\/ld+json\" class=\"yoast-schema-graph\">{\"@context\":\"https:\/\/schema.org\",\"@graph\":[{\"@type\":\"WebPage\",\"@id\":\"https:\/\/obuda.hu\/kozossegikoltsegvetes\/eredmenyek-2024\/\",\"url\":\"https:\/\/obuda.hu\/kozossegikoltsegvetes\/eredmenyek-2024\/\",\"name\":\"Eredm\u00e9nyek 2024 - K\u00f6z\u00f6ss\u00e9gi k\u00f6lts\u00e9gvet\u00e9s 2025 \u2013 \u00cdrja meg v\u00e9lem\u00e9ny\u00e9t!\",\"isPartOf\":{\"@id\":\"https:\/\/obuda.hu\/kozossegikoltsegvetes\/#website\"},\"datePublished\":\"2024-07-02T20:25:44+00:00\",\"dateModified\":\"2024-07-02T20:30:36+00:00\",\"breadcrumb\":{\"@id\":\"https:\/\/obuda.hu\/kozossegikoltsegvetes\/eredmenyek-2024\/#breadcrumb\"},\"inLanguage\":\"hu\",\"potentialAction\":[{\"@type\":\"ReadAction\",\"target\":[\"https:\/\/obuda.hu\/kozossegikoltsegvetes\/eredmenyek-2024\/\"]}]},{\"@type\":\"BreadcrumbList\",\"@id\":\"https:\/\/obuda.hu\/kozossegikoltsegvetes\/eredmenyek-2024\/#breadcrumb\",\"itemListElement\":[{\"@type\":\"ListItem\",\"position\":1,\"name\":\"Home\",\"item\":\"https:\/\/obuda.hu\/kozossegikoltsegvetes\/\"},{\"@type\":\"ListItem\",\"position\":2,\"name\":\"K\u00f6z\u00f6ss\u00e9gi k\u00f6lts\u00e9gvet\u00e9s 2024\",\"item\":\"https:\/\/obuda.hu\/kozossegikoltsegvetes\/kozossegi-koltsegvetes-2024\/\"},{\"@type\":\"ListItem\",\"position\":3,\"name\":\"Eredm\u00e9nyek 2024\"}]},{\"@type\":\"WebSite\",\"@id\":\"https:\/\/obuda.hu\/kozossegikoltsegvetes\/#website\",\"url\":\"https:\/\/obuda.hu\/kozossegikoltsegvetes\/\",\"name\":\"K\u00f6z\u00f6ss\u00e9gi k\u00f6lts\u00e9gvet\u00e9s 2025 \u2013 \u00cdrja meg v\u00e9lem\u00e9ny\u00e9t!\",\"description\":\"\",\"potentialAction\":[{\"@type\":\"SearchAction\",\"target\":{\"@type\":\"EntryPoint\",\"urlTemplate\":\"https:\/\/obuda.hu\/kozossegikoltsegvetes\/?s={search_term_string}\"},\"query-input\":\"required name=search_term_string\"}],\"inLanguage\":\"hu\"}]}<\/script>\n<!-- \/ Yoast SEO plugin. -->","yoast_head_json":{"title":"Eredm\u00e9nyek 2024 - K\u00f6z\u00f6ss\u00e9gi k\u00f6lts\u00e9gvet\u00e9s 2025 \u2013 \u00cdrja meg v\u00e9lem\u00e9ny\u00e9t!","robots":{"index":"index","follow":"follow","max-snippet":"max-snippet:-1","max-image-preview":"max-image-preview:large","max-video-preview":"max-video-preview:-1"},"canonical":"https:\/\/obuda.hu\/kozossegikoltsegvetes\/eredmenyek-2024\/","og_locale":"hu_HU","og_type":"article","og_title":"Eredm\u00e9nyek 2024 - K\u00f6z\u00f6ss\u00e9gi k\u00f6lts\u00e9gvet\u00e9s 2025 \u2013 \u00cdrja meg v\u00e9lem\u00e9ny\u00e9t!","og_description":"K\u00d6Z\u00d6SS\u00c9GI K\u00d6LTS\u00c9GVET\u00c9S 2024 \u2013 K\u00f6sz\u00f6nj\u00fck a r\u00e9szv\u00e9telt! K\u00f6sz\u00f6nj\u00fck, hogy id\u00e9n is vel\u00fcnk tartottak a K\u00f6z\u00f6ss\u00e9gi K\u00f6lts\u00e9gvet\u00e9s kamp\u00e1nyban. K\u00fcl\u00f6n \u00f6r\u00f6mmel l\u00e1tjuk, hogy a K\u00f6z\u00f6ss\u00e9gi K\u00f6lts\u00e9gvet\u00e9s r\u00e9sz\u00e9v\u00e9 v\u00e1lt a harmadik ker\u00fcletiek mindennapjainak: ebben az \u00e9vben a kor\u00e1bbi rekordhoz k\u00e9pest is t\u00f6bb, mint m\u00e1sf\u00e9lszeres\u00e9re n\u0151tt a pap\u00edron \u00e9s online bek\u00fcld\u00f6tt szavaz\u00f3lapok sz\u00e1ma. Brav\u00f3, lok\u00e1lpatri\u00f3t\u00e1k! A nyertes fejleszt\u00e9sekkel kapcsolatban [&hellip;]","og_url":"https:\/\/obuda.hu\/kozossegikoltsegvetes\/eredmenyek-2024\/","og_site_name":"K\u00f6z\u00f6ss\u00e9gi k\u00f6lts\u00e9gvet\u00e9s 2025 \u2013 \u00cdrja meg v\u00e9lem\u00e9ny\u00e9t!","article_modified_time":"2024-07-02T20:30:36+00:00","og_image":[{"url":"https:\/\/obuda.hu\/kozossegikoltsegvetes\/wp-content\/uploads\/2024\/07\/KKTSV24_nyertesek_poszt-b.png"}],"twitter_card":"summary_large_image","twitter_misc":{"Becs\u00fclt olvas\u00e1si id\u0151":"1 perc"},"schema":{"@context":"https:\/\/schema.org","@graph":[{"@type":"WebPage","@id":"https:\/\/obuda.hu\/kozossegikoltsegvetes\/eredmenyek-2024\/","url":"https:\/\/obuda.hu\/kozossegikoltsegvetes\/eredmenyek-2024\/","name":"Eredm\u00e9nyek 2024 - K\u00f6z\u00f6ss\u00e9gi k\u00f6lts\u00e9gvet\u00e9s 2025 \u2013 \u00cdrja meg v\u00e9lem\u00e9ny\u00e9t!","isPartOf":{"@id":"https:\/\/obuda.hu\/kozossegikoltsegvetes\/#website"},"datePublished":"2024-07-02T20:25:44+00:00","dateModified":"2024-07-02T20:30:36+00:00","breadcrumb":{"@id":"https:\/\/obuda.hu\/kozossegikoltsegvetes\/eredmenyek-2024\/#breadcrumb"},"inLanguage":"hu","potentialAction":[{"@type":"ReadAction","target":["https:\/\/obuda.hu\/kozossegikoltsegvetes\/eredmenyek-2024\/"]}]},{"@type":"BreadcrumbList","@id":"https:\/\/obuda.hu\/kozossegikoltsegvetes\/eredmenyek-2024\/#breadcrumb","itemListElement":[{"@type":"ListItem","position":1,"name":"Home","item":"https:\/\/obuda.hu\/kozossegikoltsegvetes\/"},{"@type":"ListItem","position":2,"name":"K\u00f6z\u00f6ss\u00e9gi k\u00f6lts\u00e9gvet\u00e9s 2024","item":"https:\/\/obuda.hu\/kozossegikoltsegvetes\/kozossegi-koltsegvetes-2024\/"},{"@type":"ListItem","position":3,"name":"Eredm\u00e9nyek 2024"}]},{"@type":"WebSite","@id":"https:\/\/obuda.hu\/kozossegikoltsegvetes\/#website","url":"https:\/\/obuda.hu\/kozossegikoltsegvetes\/","name":"K\u00f6z\u00f6ss\u00e9gi k\u00f6lts\u00e9gvet\u00e9s 2025 \u2013 \u00cdrja meg v\u00e9lem\u00e9ny\u00e9t!","description":"","potentialAction":[{"@type":"SearchAction","target":{"@type":"EntryPoint","urlTemplate":"https:\/\/obuda.hu\/kozossegikoltsegvetes\/?s={search_term_string}"},"query-input":"required name=search_term_string"}],"inLanguage":"hu"}]}},"publishpress_future_action":{"enabled":false,"date":"2026-05-03 02:05:29","action":"change-status","newStatus":"draft","terms":[],"taxonomy":""},"publishpress_future_workflow_manual_trigger":{"enabledWorkflows":[]},"_links":{"self":[{"href":"https:\/\/obuda.hu\/kozossegikoltsegvetes\/wp-json\/wp\/v2\/pages\/1412","targetHints":{"allow":["GET"]}}],"collection":[{"href":"https:\/\/obuda.hu\/kozossegikoltsegvetes\/wp-json\/wp\/v2\/pages"}],"about":[{"href":"https:\/\/obuda.hu\/kozossegikoltsegvetes\/wp-json\/wp\/v2\/types\/page"}],"author":[{"embeddable":true,"href":"https:\/\/obuda.hu\/kozossegikoltsegvetes\/wp-json\/wp\/v2\/users\/1"}],"replies":[{"embeddable":true,"href":"https:\/\/obuda.hu\/kozossegikoltsegvetes\/wp-json\/wp\/v2\/comments?post=1412"}],"version-history":[{"count":5,"href":"https:\/\/obuda.hu\/kozossegikoltsegvetes\/wp-json\/wp\/v2\/pages\/1412\/revisions"}],"predecessor-version":[{"id":1419,"href":"https:\/\/obuda.hu\/kozossegikoltsegvetes\/wp-json\/wp\/v2\/pages\/1412\/revisions\/1419"}],"up":[{"embeddable":true,"href":"https:\/\/obuda.hu\/kozossegikoltsegvetes\/wp-json\/wp\/v2\/pages\/1226"}],"wp:attachment":[{"href":"https:\/\/obuda.hu\/kozossegikoltsegvetes\/wp-json\/wp\/v2\/media?parent=1412"}],"curies":[{"name":"wp","href":"https:\/\/api.w.org\/{rel}","templated":true}]}}