{"id":260,"date":"2021-01-30T07:44:04","date_gmt":"2021-01-30T07:44:04","guid":{"rendered":"https:\/\/obuda.hu\/kozossegikoltsegvetes\/?page_id=260"},"modified":"2021-03-31T20:16:57","modified_gmt":"2021-03-31T20:16:57","slug":"beerkezett-javaslatok","status":"publish","type":"page","link":"https:\/\/obuda.hu\/kozossegikoltsegvetes\/2021\/beerkezett-javaslatok\/","title":{"rendered":"Be\u00e9rkezett javaslatok"},"content":{"rendered":"\t\t<div data-elementor-type=\"wp-page\" data-elementor-id=\"260\" class=\"elementor elementor-260\" data-elementor-post-type=\"page\">\n\t\t\t\t\t\t\t\t\t<section class=\"elementor-section elementor-top-section elementor-element elementor-element-72ccea7 elementor-section-boxed elementor-section-height-default elementor-section-height-default\" data-id=\"72ccea7\" data-element_type=\"section\" data-settings=\"{&quot;background_background&quot;:&quot;classic&quot;}\">\n\t\t\t\t\t\t\t<div class=\"elementor-background-overlay\"><\/div>\n\t\t\t\t\t\t\t<div class=\"elementor-container elementor-column-gap-default\">\n\t\t\t\t\t<div class=\"elementor-column elementor-col-100 elementor-top-column elementor-element elementor-element-4c9c7fc\" data-id=\"4c9c7fc\" data-element_type=\"column\">\n\t\t\t<div class=\"elementor-widget-wrap elementor-element-populated\">\n\t\t\t\t\t\t\t\t<div class=\"elementor-element elementor-element-685858d elementor-widget elementor-widget-heading\" data-id=\"685858d\" data-element_type=\"widget\" data-widget_type=\"heading.default\">\n\t\t\t\t<div class=\"elementor-widget-container\">\n\t\t\t<h2 class=\"elementor-heading-title elementor-size-default\">Be\u00e9rkezett javaslatok<\/h2>\t\t<\/div>\n\t\t\t\t<\/div>\n\t\t\t\t<div class=\"elementor-element elementor-element-a2d72b9 elementor-widget elementor-widget-text-editor\" data-id=\"a2d72b9\" data-element_type=\"widget\" data-widget_type=\"text-editor.default\">\n\t\t\t\t<div class=\"elementor-widget-container\">\n\t\t\t\t\t\t\t<p>2020-ban \u00d3buda-B\u00e9k\u00e1smegyer t\u00f6rt\u00e9net\u00e9ben el\u0151sz\u00f6r ker\u00fclt sor K\u00f6z\u00f6ss\u00e9gi K\u00f6lts\u00e9gvet\u00e9s kezdem\u00e9nyez\u00e9sre. A ker\u00fclet lak\u00f3i k\u00f6z\u00fcl sokan megl\u00e1tt\u00e1k a felh\u00edv\u00e1sban rejl\u0151 lehet\u0151s\u00e9get, a civil kur\u00e1zsi jelent\u0151s\u00e9g\u00e9t, \u00e9s hamar h\u00edr\u00e9t vitt\u00e9k, hogy a kamp\u00e1ny f\u0151 \u00fczenete nem csup\u00e1n a k\u00f6lts\u00e9gvet\u00e9s egy r\u00e9sz\u00e9nek felhaszn\u00e1l\u00e1sa \u2013 ann\u00e1l sokkal t\u00f6bb. A K\u00f6z\u00f6ss\u00e9gi K\u00f6lts\u00e9gvet\u00e9s a szeml\u00e9letv\u00e1lt\u00e1sr\u00f3l, a k\u00f6z\u00f6ss\u00e9g erej\u00e9r\u0151l \u00e9s a k\u00f6z\u00f6ss\u00e9g form\u00e1l\u00e1s\u00e1r\u00f3l is sz\u00f3l. Ha a lak\u00f3hely\u00fcnk k\u00f6z\u00f6s, legyen a d\u00f6nt\u00e9s is az.<\/p><p>B\u00edzunk abban, hogy 2021-ben m\u00e9g t\u00f6bben ragadnak tollat, billenty\u0171zetet, \u00e9s javaslataikkal, szavazataikkal, azzal, hogy m\u00e1sokat is erre buzd\u00edtanak, r\u00e9szesei lesznek a kamp\u00e1nynak.<\/p>\t\t\t\t\t\t<\/div>\n\t\t\t\t<\/div>\n\t\t\t\t\t<\/div>\n\t\t<\/div>\n\t\t\t\t\t\t\t<\/div>\n\t\t<\/section>\n\t\t\t\t<section class=\"elementor-section elementor-top-section elementor-element elementor-element-5a3c05b elementor-section-boxed elementor-section-height-default elementor-section-height-default\" data-id=\"5a3c05b\" data-element_type=\"section\" data-settings=\"{&quot;background_background&quot;:&quot;classic&quot;}\">\n\t\t\t\t\t\t\t<div class=\"elementor-background-overlay\"><\/div>\n\t\t\t\t\t\t\t<div class=\"elementor-container elementor-column-gap-default\">\n\t\t\t\t\t<div class=\"elementor-column elementor-col-100 elementor-top-column elementor-element elementor-element-5190c3e\" data-id=\"5190c3e\" data-element_type=\"column\">\n\t\t\t<div class=\"elementor-widget-wrap elementor-element-populated\">\n\t\t\t\t\t\t\t\t<div class=\"elementor-element elementor-element-d1d61e2 elementor-widget elementor-widget-html\" data-id=\"d1d61e2\" data-element_type=\"widget\" data-widget_type=\"html.default\">\n\t\t\t\t<div class=\"elementor-widget-container\">\n\t\t\t<iframe loading=\"lazy\" class=\"terkep\" src=\"https:\/\/www.google.com\/maps\/d\/embed?mid=1wzMHamXVRtzAekdmTf2kMXqwoG3kJPT_\" width=\"640\" height=\"480\"><\/iframe>\t\t<\/div>\n\t\t\t\t<\/div>\n\t\t\t\t<div class=\"elementor-element elementor-element-8f0f283 elementor-widget elementor-widget-html\" data-id=\"8f0f283\" data-element_type=\"widget\" data-widget_type=\"html.default\">\n\t\t\t\t<div class=\"elementor-widget-container\">\n\t\t\t<div id=\"footable_parent_293\"\n     class=\"footable_parent ninja_table_wrapper loading_ninja_table wp_table_data_press_parent semantic_ui \">\n                <table data-ninja_table_instance=\"ninja_table_instance_0\" data-footable_id=\"293\" data-filter-delay=\"500\" aria-label=\"K\u00f6z\u00f6ss\u00e9gi k\u00f6lts\u00e9gvet\u00e9s 2021\"            id=\"footable_293\"\n           data-unique_identifier=\"ninja_table_unique_id_23366115_293\"\n           class=\" foo-table ninja_footable foo_table_293 ninja_table_unique_id_23366115_293 ui table  nt_type_legacy_table vertical_centered  footable-paging-right ninja_table_pro\">\n                <colgroup>\n                            <col class=\"ninja_column_0 \">\n                            <col class=\"ninja_column_1 \">\n                            <col class=\"ninja_column_2 \">\n                            <col class=\"ninja_column_3 \">\n                    <\/colgroup>\n        <thead>\n<tr class=\"footable-header\">\n                                                                        <th scope=\"col\"  class=\"ninja_column_0 ninja_clmn_nm_javaslatomalakkrnyezetemettlafejlesztstlvlnajobb \">Javaslatom - a lak\u00f3k\u00f6rnyezetem ett\u0151l a fejleszt\u00e9st\u0151l v\u00e1lna jobb\u00e1:<\/th><th scope=\"col\"  class=\"ninja_column_1 ninja_clmn_nm_amegvalstspontoshelyeikzterletneve \">A megval\u00f3s\u00edt\u00e1s pontos helye I K\u00f6zter\u00fclet neve<\/th><th scope=\"col\"  class=\"ninja_column_2 ninja_clmn_nm_kzterlethzszma \">K\u00f6zter\u00fclet h\u00e1zsz\u00e1ma<\/th><th scope=\"col\"  class=\"ninja_column_3 ninja_clmn_nm_rvidindokls \">R\u00f6vid indokl\u00e1s:<\/th><\/tr>\n<\/thead>\n<tbody>\n\n<\/tbody><!--ninja_tobody_rendering_done-->\n    <\/table>\n    <style id=\"ninja_table_custom_css_293\" type=\"text\/css\">\n\n\n.ninja_table_row_0.nt_row_id_0 {display: none;}\n\n.btn.btn-primary {background-color: #35a8e0;}\n\n.form-control {font-size: 18px !important; font-family: Roboto !important;}<\/style>\n\n    \n    \n<\/div>\n\t\t<\/div>\n\t\t\t\t<\/div>\n\t\t\t\t\t<\/div>\n\t\t<\/div>\n\t\t\t\t\t\t\t<\/div>\n\t\t<\/section>\n\t\t\t\t\t\t\t<\/div>\n\t\t","protected":false},"excerpt":{"rendered":"<p>Be\u00e9rkezett javaslatok 2020-ban \u00d3buda-B\u00e9k\u00e1smegyer t\u00f6rt\u00e9net\u00e9ben el\u0151sz\u00f6r ker\u00fclt sor K\u00f6z\u00f6ss\u00e9gi K\u00f6lts\u00e9gvet\u00e9s kezdem\u00e9nyez\u00e9sre. A ker\u00fclet lak\u00f3i k\u00f6z\u00fcl sokan megl\u00e1tt\u00e1k a felh\u00edv\u00e1sban rejl\u0151 lehet\u0151s\u00e9get, a civil kur\u00e1zsi jelent\u0151s\u00e9g\u00e9t, \u00e9s hamar h\u00edr\u00e9t vitt\u00e9k, hogy a kamp\u00e1ny f\u0151 \u00fczenete nem csup\u00e1n a k\u00f6lts\u00e9gvet\u00e9s egy r\u00e9sz\u00e9nek felhaszn\u00e1l\u00e1sa \u2013 ann\u00e1l sokkal t\u00f6bb. A K\u00f6z\u00f6ss\u00e9gi K\u00f6lts\u00e9gvet\u00e9s a szeml\u00e9letv\u00e1lt\u00e1sr\u00f3l, a k\u00f6z\u00f6ss\u00e9g erej\u00e9r\u0151l \u00e9s a [&hellip;]<\/p>\n","protected":false},"author":1,"featured_media":0,"parent":0,"menu_order":0,"comment_status":"closed","ping_status":"closed","template":"elementor_header_footer","meta":{"footnotes":""},"class_list":["post-260","page","type-page","status-publish","hentry"],"yoast_head":"<!-- This site is optimized with the Yoast SEO plugin v21.5 - https:\/\/yoast.com\/wordpress\/plugins\/seo\/ -->\n<title>Be\u00e9rkezett javaslatok - K\u00f6z\u00f6ss\u00e9gi k\u00f6lts\u00e9gvet\u00e9s 2025 \u2013 \u00cdrja meg v\u00e9lem\u00e9ny\u00e9t!<\/title>\n<meta name=\"robots\" content=\"index, follow, max-snippet:-1, max-image-preview:large, max-video-preview:-1\" \/>\n<link rel=\"canonical\" href=\"https:\/\/obuda.hu\/kozossegikoltsegvetes\/2021\/beerkezett-javaslatok\/\" \/>\n<meta property=\"og:locale\" content=\"hu_HU\" \/>\n<meta property=\"og:type\" content=\"article\" \/>\n<meta property=\"og:title\" content=\"Be\u00e9rkezett javaslatok - K\u00f6z\u00f6ss\u00e9gi k\u00f6lts\u00e9gvet\u00e9s 2025 \u2013 \u00cdrja meg v\u00e9lem\u00e9ny\u00e9t!\" \/>\n<meta property=\"og:description\" content=\"Be\u00e9rkezett javaslatok 2020-ban \u00d3buda-B\u00e9k\u00e1smegyer t\u00f6rt\u00e9net\u00e9ben el\u0151sz\u00f6r ker\u00fclt sor K\u00f6z\u00f6ss\u00e9gi K\u00f6lts\u00e9gvet\u00e9s kezdem\u00e9nyez\u00e9sre. A ker\u00fclet lak\u00f3i k\u00f6z\u00fcl sokan megl\u00e1tt\u00e1k a felh\u00edv\u00e1sban rejl\u0151 lehet\u0151s\u00e9get, a civil kur\u00e1zsi jelent\u0151s\u00e9g\u00e9t, \u00e9s hamar h\u00edr\u00e9t vitt\u00e9k, hogy a kamp\u00e1ny f\u0151 \u00fczenete nem csup\u00e1n a k\u00f6lts\u00e9gvet\u00e9s egy r\u00e9sz\u00e9nek felhaszn\u00e1l\u00e1sa \u2013 ann\u00e1l sokkal t\u00f6bb. A K\u00f6z\u00f6ss\u00e9gi K\u00f6lts\u00e9gvet\u00e9s a szeml\u00e9letv\u00e1lt\u00e1sr\u00f3l, a k\u00f6z\u00f6ss\u00e9g erej\u00e9r\u0151l \u00e9s a [&hellip;]\" \/>\n<meta property=\"og:url\" content=\"https:\/\/obuda.hu\/kozossegikoltsegvetes\/2021\/beerkezett-javaslatok\/\" \/>\n<meta property=\"og:site_name\" content=\"K\u00f6z\u00f6ss\u00e9gi k\u00f6lts\u00e9gvet\u00e9s 2025 \u2013 \u00cdrja meg v\u00e9lem\u00e9ny\u00e9t!\" \/>\n<meta property=\"article:modified_time\" content=\"2021-03-31T20:16:57+00:00\" \/>\n<meta property=\"og:image\" content=\"https:\/\/obuda.hu\/kozossegikoltsegvetes\/wp-content\/uploads\/2021\/01\/KKTSV2021_hero.jpg\" \/>\n\t<meta property=\"og:image:width\" content=\"720\" \/>\n\t<meta property=\"og:image:height\" content=\"450\" \/>\n\t<meta property=\"og:image:type\" content=\"image\/jpeg\" \/>\n<meta name=\"twitter:card\" content=\"summary_large_image\" \/>\n<meta name=\"twitter:label1\" content=\"Becs\u00fclt olvas\u00e1si id\u0151\" \/>\n\t<meta name=\"twitter:data1\" content=\"1 perc\" \/>\n<script type=\"application\/ld+json\" class=\"yoast-schema-graph\">{\"@context\":\"https:\/\/schema.org\",\"@graph\":[{\"@type\":\"WebPage\",\"@id\":\"https:\/\/obuda.hu\/kozossegikoltsegvetes\/2021\/beerkezett-javaslatok\/\",\"url\":\"https:\/\/obuda.hu\/kozossegikoltsegvetes\/2021\/beerkezett-javaslatok\/\",\"name\":\"Be\u00e9rkezett javaslatok - K\u00f6z\u00f6ss\u00e9gi k\u00f6lts\u00e9gvet\u00e9s 2025 \u2013 \u00cdrja meg v\u00e9lem\u00e9ny\u00e9t!\",\"isPartOf\":{\"@id\":\"https:\/\/obuda.hu\/kozossegikoltsegvetes\/#website\"},\"datePublished\":\"2021-01-30T07:44:04+00:00\",\"dateModified\":\"2021-03-31T20:16:57+00:00\",\"breadcrumb\":{\"@id\":\"https:\/\/obuda.hu\/kozossegikoltsegvetes\/2021\/beerkezett-javaslatok\/#breadcrumb\"},\"inLanguage\":\"hu\",\"potentialAction\":[{\"@type\":\"ReadAction\",\"target\":[\"https:\/\/obuda.hu\/kozossegikoltsegvetes\/2021\/beerkezett-javaslatok\/\"]}]},{\"@type\":\"BreadcrumbList\",\"@id\":\"https:\/\/obuda.hu\/kozossegikoltsegvetes\/2021\/beerkezett-javaslatok\/#breadcrumb\",\"itemListElement\":[{\"@type\":\"ListItem\",\"position\":1,\"name\":\"Home\",\"item\":\"https:\/\/obuda.hu\/kozossegikoltsegvetes\/\"},{\"@type\":\"ListItem\",\"position\":2,\"name\":\"Be\u00e9rkezett javaslatok\"}]},{\"@type\":\"WebSite\",\"@id\":\"https:\/\/obuda.hu\/kozossegikoltsegvetes\/#website\",\"url\":\"https:\/\/obuda.hu\/kozossegikoltsegvetes\/\",\"name\":\"K\u00f6z\u00f6ss\u00e9gi k\u00f6lts\u00e9gvet\u00e9s 2025 \u2013 \u00cdrja meg v\u00e9lem\u00e9ny\u00e9t!\",\"description\":\"\",\"potentialAction\":[{\"@type\":\"SearchAction\",\"target\":{\"@type\":\"EntryPoint\",\"urlTemplate\":\"https:\/\/obuda.hu\/kozossegikoltsegvetes\/?s={search_term_string}\"},\"query-input\":\"required name=search_term_string\"}],\"inLanguage\":\"hu\"}]}<\/script>\n<!-- \/ Yoast SEO plugin. -->","yoast_head_json":{"title":"Be\u00e9rkezett javaslatok - K\u00f6z\u00f6ss\u00e9gi k\u00f6lts\u00e9gvet\u00e9s 2025 \u2013 \u00cdrja meg v\u00e9lem\u00e9ny\u00e9t!","robots":{"index":"index","follow":"follow","max-snippet":"max-snippet:-1","max-image-preview":"max-image-preview:large","max-video-preview":"max-video-preview:-1"},"canonical":"https:\/\/obuda.hu\/kozossegikoltsegvetes\/2021\/beerkezett-javaslatok\/","og_locale":"hu_HU","og_type":"article","og_title":"Be\u00e9rkezett javaslatok - K\u00f6z\u00f6ss\u00e9gi k\u00f6lts\u00e9gvet\u00e9s 2025 \u2013 \u00cdrja meg v\u00e9lem\u00e9ny\u00e9t!","og_description":"Be\u00e9rkezett javaslatok 2020-ban \u00d3buda-B\u00e9k\u00e1smegyer t\u00f6rt\u00e9net\u00e9ben el\u0151sz\u00f6r ker\u00fclt sor K\u00f6z\u00f6ss\u00e9gi K\u00f6lts\u00e9gvet\u00e9s kezdem\u00e9nyez\u00e9sre. A ker\u00fclet lak\u00f3i k\u00f6z\u00fcl sokan megl\u00e1tt\u00e1k a felh\u00edv\u00e1sban rejl\u0151 lehet\u0151s\u00e9get, a civil kur\u00e1zsi jelent\u0151s\u00e9g\u00e9t, \u00e9s hamar h\u00edr\u00e9t vitt\u00e9k, hogy a kamp\u00e1ny f\u0151 \u00fczenete nem csup\u00e1n a k\u00f6lts\u00e9gvet\u00e9s egy r\u00e9sz\u00e9nek felhaszn\u00e1l\u00e1sa \u2013 ann\u00e1l sokkal t\u00f6bb. A K\u00f6z\u00f6ss\u00e9gi K\u00f6lts\u00e9gvet\u00e9s a szeml\u00e9letv\u00e1lt\u00e1sr\u00f3l, a k\u00f6z\u00f6ss\u00e9g erej\u00e9r\u0151l \u00e9s a [&hellip;]","og_url":"https:\/\/obuda.hu\/kozossegikoltsegvetes\/2021\/beerkezett-javaslatok\/","og_site_name":"K\u00f6z\u00f6ss\u00e9gi k\u00f6lts\u00e9gvet\u00e9s 2025 \u2013 \u00cdrja meg v\u00e9lem\u00e9ny\u00e9t!","article_modified_time":"2021-03-31T20:16:57+00:00","og_image":[{"width":720,"height":450,"url":"https:\/\/obuda.hu\/kozossegikoltsegvetes\/wp-content\/uploads\/2021\/01\/KKTSV2021_hero.jpg","type":"image\/jpeg"}],"twitter_card":"summary_large_image","twitter_misc":{"Becs\u00fclt olvas\u00e1si id\u0151":"1 perc"},"schema":{"@context":"https:\/\/schema.org","@graph":[{"@type":"WebPage","@id":"https:\/\/obuda.hu\/kozossegikoltsegvetes\/2021\/beerkezett-javaslatok\/","url":"https:\/\/obuda.hu\/kozossegikoltsegvetes\/2021\/beerkezett-javaslatok\/","name":"Be\u00e9rkezett javaslatok - K\u00f6z\u00f6ss\u00e9gi k\u00f6lts\u00e9gvet\u00e9s 2025 \u2013 \u00cdrja meg v\u00e9lem\u00e9ny\u00e9t!","isPartOf":{"@id":"https:\/\/obuda.hu\/kozossegikoltsegvetes\/#website"},"datePublished":"2021-01-30T07:44:04+00:00","dateModified":"2021-03-31T20:16:57+00:00","breadcrumb":{"@id":"https:\/\/obuda.hu\/kozossegikoltsegvetes\/2021\/beerkezett-javaslatok\/#breadcrumb"},"inLanguage":"hu","potentialAction":[{"@type":"ReadAction","target":["https:\/\/obuda.hu\/kozossegikoltsegvetes\/2021\/beerkezett-javaslatok\/"]}]},{"@type":"BreadcrumbList","@id":"https:\/\/obuda.hu\/kozossegikoltsegvetes\/2021\/beerkezett-javaslatok\/#breadcrumb","itemListElement":[{"@type":"ListItem","position":1,"name":"Home","item":"https:\/\/obuda.hu\/kozossegikoltsegvetes\/"},{"@type":"ListItem","position":2,"name":"Be\u00e9rkezett javaslatok"}]},{"@type":"WebSite","@id":"https:\/\/obuda.hu\/kozossegikoltsegvetes\/#website","url":"https:\/\/obuda.hu\/kozossegikoltsegvetes\/","name":"K\u00f6z\u00f6ss\u00e9gi k\u00f6lts\u00e9gvet\u00e9s 2025 \u2013 \u00cdrja meg v\u00e9lem\u00e9ny\u00e9t!","description":"","potentialAction":[{"@type":"SearchAction","target":{"@type":"EntryPoint","urlTemplate":"https:\/\/obuda.hu\/kozossegikoltsegvetes\/?s={search_term_string}"},"query-input":"required name=search_term_string"}],"inLanguage":"hu"}]}},"publishpress_future_action":{"enabled":false,"date":"2026-05-22 13:53:55","action":"change-status","newStatus":"draft","terms":[],"taxonomy":""},"publishpress_future_workflow_manual_trigger":{"enabledWorkflows":[]},"_links":{"self":[{"href":"https:\/\/obuda.hu\/kozossegikoltsegvetes\/wp-json\/wp\/v2\/pages\/260","targetHints":{"allow":["GET"]}}],"collection":[{"href":"https:\/\/obuda.hu\/kozossegikoltsegvetes\/wp-json\/wp\/v2\/pages"}],"about":[{"href":"https:\/\/obuda.hu\/kozossegikoltsegvetes\/wp-json\/wp\/v2\/types\/page"}],"author":[{"embeddable":true,"href":"https:\/\/obuda.hu\/kozossegikoltsegvetes\/wp-json\/wp\/v2\/users\/1"}],"replies":[{"embeddable":true,"href":"https:\/\/obuda.hu\/kozossegikoltsegvetes\/wp-json\/wp\/v2\/comments?post=260"}],"version-history":[{"count":41,"href":"https:\/\/obuda.hu\/kozossegikoltsegvetes\/wp-json\/wp\/v2\/pages\/260\/revisions"}],"predecessor-version":[{"id":417,"href":"https:\/\/obuda.hu\/kozossegikoltsegvetes\/wp-json\/wp\/v2\/pages\/260\/revisions\/417"}],"wp:attachment":[{"href":"https:\/\/obuda.hu\/kozossegikoltsegvetes\/wp-json\/wp\/v2\/media?parent=260"}],"curies":[{"name":"wp","href":"https:\/\/api.w.org\/{rel}","templated":true}]}}