{"id":401,"date":"2021-01-31T23:39:40","date_gmt":"2021-01-31T23:39:40","guid":{"rendered":"https:\/\/obuda.hu\/kozossegikoltsegvetes\/?page_id=401"},"modified":"2021-01-31T23:45:54","modified_gmt":"2021-01-31T23:45:54","slug":"eredmenyek","status":"publish","type":"page","link":"https:\/\/obuda.hu\/kozossegikoltsegvetes\/2020\/eredmenyek\/","title":{"rendered":"Eredm\u00e9nyek"},"content":{"rendered":"\t\t<div data-elementor-type=\"wp-page\" data-elementor-id=\"401\" class=\"elementor elementor-401\" data-elementor-post-type=\"page\">\n\t\t\t\t\t\t\t\t\t<section class=\"elementor-section elementor-top-section elementor-element elementor-element-59177351 elementor-section-boxed elementor-section-height-default elementor-section-height-default\" data-id=\"59177351\" data-element_type=\"section\" data-settings=\"{&quot;background_background&quot;:&quot;classic&quot;}\">\n\t\t\t\t\t\t<div class=\"elementor-container elementor-column-gap-default\">\n\t\t\t\t\t<div class=\"elementor-column elementor-col-50 elementor-top-column elementor-element elementor-element-76995a83\" data-id=\"76995a83\" data-element_type=\"column\">\n\t\t\t<div class=\"elementor-widget-wrap elementor-element-populated\">\n\t\t\t\t\t\t\t\t<div class=\"elementor-element elementor-element-6fbfc9c8 elementor-widget elementor-widget-image\" data-id=\"6fbfc9c8\" data-element_type=\"widget\" data-widget_type=\"image.default\">\n\t\t\t\t<div class=\"elementor-widget-container\">\n\t\t\t\t\t\t\t\t\t\t\t\t\t\t\t\t<a href=\"https:\/\/obuda.hu\/kozossegikoltsegvetes\/\">\n\t\t\t\t\t\t\t<img loading=\"lazy\" decoding=\"async\" width=\"158\" height=\"176\" src=\"https:\/\/obuda.hu\/kozossegikoltsegvetes\/wp-content\/uploads\/2021\/01\/obuda_logo.png\" class=\"attachment-large size-large wp-image-323\" alt=\"\" \/>\t\t\t\t\t\t\t\t<\/a>\n\t\t\t\t\t\t\t\t\t\t\t\t\t\t\t<\/div>\n\t\t\t\t<\/div>\n\t\t\t\t\t<\/div>\n\t\t<\/div>\n\t\t\t\t<div class=\"elementor-column elementor-col-50 elementor-top-column elementor-element elementor-element-60e66f1c\" data-id=\"60e66f1c\" data-element_type=\"column\">\n\t\t\t<div class=\"elementor-widget-wrap elementor-element-populated\">\n\t\t\t\t\t\t\t\t<div class=\"elementor-element elementor-element-1a8d74f4 elementor-widget elementor-widget-heading\" data-id=\"1a8d74f4\" data-element_type=\"widget\" data-widget_type=\"heading.default\">\n\t\t\t\t<div class=\"elementor-widget-container\">\n\t\t\t<h2 class=\"elementor-heading-title elementor-size-default\">K\u00d6Z\u00d6SS\u00c9GI K\u00d6LTS\u00c9GVET\u00c9S <a style=\"color:#3a85c1\">2020<\/a><\/h2>\t\t<\/div>\n\t\t\t\t<\/div>\n\t\t\t\t<div class=\"elementor-element elementor-element-5959fe2d elementor-widget elementor-widget-text-editor\" data-id=\"5959fe2d\" data-element_type=\"widget\" data-widget_type=\"text-editor.default\">\n\t\t\t\t<div class=\"elementor-widget-container\">\n\t\t\t\t\t\t\t<p>Arra k\u00e9rj\u00fck ker\u00fclet\u00fcnk lak\u00f3it, ossz\u00e1k meg vel\u00fcnk javaslataikat, mire k\u00f6lts\u00fck a K\u00f6z\u00f6ss\u00e9gi K\u00f6lts\u00e9gvet\u00e9s 2020 programunk keret\u00e9ben rendelkez\u00e9s\u00fcnkre \u00e1ll\u00f3 \u00f6tvenmilli\u00f3 forintot. Minden egyes, a v\u00e1rosfejleszt\u00e9st szolg\u00e1l\u00f3, a k\u00f6z\u00f6ss\u00e9get gazdag\u00edt\u00f3 \u00f6tletet megvizsg\u00e1lnak szak\u00e9rt\u0151ink. Arr\u00f3l, hogy a kivitelezhet\u0151 tervek k\u00f6z\u00fcl v\u00e9g\u00fcl melyek val\u00f3suljanak meg, szavaz\u00e1sunkon szint\u00e9n \u00f6n\u00f6k d\u00f6ntenek.<\/p>\t\t\t\t\t\t<\/div>\n\t\t\t\t<\/div>\n\t\t\t\t\t<\/div>\n\t\t<\/div>\n\t\t\t\t\t\t\t<\/div>\n\t\t<\/section>\n\t\t\t\t<section class=\"elementor-section elementor-top-section elementor-element elementor-element-499b29ab elementor-section-boxed elementor-section-height-default elementor-section-height-default\" data-id=\"499b29ab\" data-element_type=\"section\" data-settings=\"{&quot;background_background&quot;:&quot;classic&quot;}\">\n\t\t\t\t\t\t<div class=\"elementor-container elementor-column-gap-default\">\n\t\t\t\t\t<div class=\"elementor-column elementor-col-100 elementor-top-column elementor-element elementor-element-417f1f60\" data-id=\"417f1f60\" data-element_type=\"column\">\n\t\t\t<div class=\"elementor-widget-wrap elementor-element-populated\">\n\t\t\t\t\t\t\t\t<div class=\"elementor-element elementor-element-676d79e2 elementor-widget elementor-widget-spacer\" data-id=\"676d79e2\" data-element_type=\"widget\" data-widget_type=\"spacer.default\">\n\t\t\t\t<div class=\"elementor-widget-container\">\n\t\t\t\t\t<div class=\"elementor-spacer\">\n\t\t\t<div class=\"elementor-spacer-inner\"><\/div>\n\t\t<\/div>\n\t\t\t\t<\/div>\n\t\t\t\t<\/div>\n\t\t\t\t<div class=\"elementor-element elementor-element-7c58aba9 elementor-widget elementor-widget-video\" data-id=\"7c58aba9\" data-element_type=\"widget\" data-settings=\"{&quot;youtube_url&quot;:&quot;https:\\\/\\\/www.youtube.com\\\/embed\\\/2h56OGRnczU&quot;,&quot;video_type&quot;:&quot;youtube&quot;,&quot;controls&quot;:&quot;yes&quot;}\" data-widget_type=\"video.default\">\n\t\t\t\t<div class=\"elementor-widget-container\">\n\t\t\t\t\t<div class=\"elementor-wrapper elementor-open-inline\">\n\t\t\t<div class=\"elementor-video\"><\/div>\t\t<\/div>\n\t\t\t\t<\/div>\n\t\t\t\t<\/div>\n\t\t\t\t<div class=\"elementor-element elementor-element-2620404d elementor-widget elementor-widget-image\" data-id=\"2620404d\" data-element_type=\"widget\" data-widget_type=\"image.default\">\n\t\t\t\t<div class=\"elementor-widget-container\">\n\t\t\t\t\t\t\t\t\t\t\t\t\t\t\t<img loading=\"lazy\" decoding=\"async\" width=\"1084\" height=\"1630\" src=\"https:\/\/obuda.hu\/kozossegikoltsegvetes\/wp-content\/uploads\/2021\/01\/nyertes_projectek.jpg\" class=\"attachment-full size-full wp-image-405\" alt=\"\" srcset=\"https:\/\/obuda.hu\/kozossegikoltsegvetes\/wp-content\/uploads\/2021\/01\/nyertes_projectek.jpg 1084w, https:\/\/obuda.hu\/kozossegikoltsegvetes\/wp-content\/uploads\/2021\/01\/nyertes_projectek-200x300.jpg 200w, https:\/\/obuda.hu\/kozossegikoltsegvetes\/wp-content\/uploads\/2021\/01\/nyertes_projectek-681x1024.jpg 681w, https:\/\/obuda.hu\/kozossegikoltsegvetes\/wp-content\/uploads\/2021\/01\/nyertes_projectek-768x1155.jpg 768w, https:\/\/obuda.hu\/kozossegikoltsegvetes\/wp-content\/uploads\/2021\/01\/nyertes_projectek-1021x1536.jpg 1021w\" sizes=\"auto, (max-width: 1084px) 100vw, 1084px\" \/>\t\t\t\t\t\t\t\t\t\t\t\t\t\t\t<\/div>\n\t\t\t\t<\/div>\n\t\t\t\t<div class=\"elementor-element elementor-element-39087004 elementor-widget elementor-widget-html\" data-id=\"39087004\" data-element_type=\"widget\" data-widget_type=\"html.default\">\n\t\t\t\t<div class=\"elementor-widget-container\">\n\t\t\t<iframe loading=\"lazy\" src=\"https:\/\/www.google.com\/maps\/d\/u\/1\/embed?mid=1IOXORTVmsRC1ZmCHHkD_6Qc7aqNU8K9Y\" width=\"640\" height=\"800\"><\/iframe>\t\t<\/div>\n\t\t\t\t<\/div>\n\t\t\t\t<div class=\"elementor-element elementor-element-75c80b01 elementor-widget elementor-widget-spacer\" data-id=\"75c80b01\" data-element_type=\"widget\" data-widget_type=\"spacer.default\">\n\t\t\t\t<div class=\"elementor-widget-container\">\n\t\t\t\t\t<div class=\"elementor-spacer\">\n\t\t\t<div class=\"elementor-spacer-inner\"><\/div>\n\t\t<\/div>\n\t\t\t\t<\/div>\n\t\t\t\t<\/div>\n\t\t\t\t\t<\/div>\n\t\t<\/div>\n\t\t\t\t\t\t\t<\/div>\n\t\t<\/section>\n\t\t\t\t\t\t\t<\/div>\n\t\t","protected":false},"excerpt":{"rendered":"<p>K\u00d6Z\u00d6SS\u00c9GI K\u00d6LTS\u00c9GVET\u00c9S 2020 Arra k\u00e9rj\u00fck ker\u00fclet\u00fcnk lak\u00f3it, ossz\u00e1k meg vel\u00fcnk javaslataikat, mire k\u00f6lts\u00fck a K\u00f6z\u00f6ss\u00e9gi K\u00f6lts\u00e9gvet\u00e9s 2020 programunk keret\u00e9ben rendelkez\u00e9s\u00fcnkre \u00e1ll\u00f3 \u00f6tvenmilli\u00f3 forintot. Minden egyes, a v\u00e1rosfejleszt\u00e9st szolg\u00e1l\u00f3, a k\u00f6z\u00f6ss\u00e9get gazdag\u00edt\u00f3 \u00f6tletet megvizsg\u00e1lnak szak\u00e9rt\u0151ink. Arr\u00f3l, hogy a kivitelezhet\u0151 tervek k\u00f6z\u00fcl v\u00e9g\u00fcl melyek val\u00f3suljanak meg, szavaz\u00e1sunkon szint\u00e9n \u00f6n\u00f6k d\u00f6ntenek.<\/p>\n","protected":false},"author":1,"featured_media":0,"parent":316,"menu_order":0,"comment_status":"closed","ping_status":"closed","template":"elementor_header_footer","meta":{"footnotes":""},"class_list":["post-401","page","type-page","status-publish","hentry"],"yoast_head":"<!-- This site is optimized with the Yoast SEO plugin v21.5 - https:\/\/yoast.com\/wordpress\/plugins\/seo\/ -->\n<title>Eredm\u00e9nyek - K\u00f6z\u00f6ss\u00e9gi k\u00f6lts\u00e9gvet\u00e9s 2025 \u2013 \u00cdrja meg v\u00e9lem\u00e9ny\u00e9t!<\/title>\n<meta name=\"robots\" content=\"index, follow, max-snippet:-1, max-image-preview:large, max-video-preview:-1\" \/>\n<link rel=\"canonical\" href=\"https:\/\/obuda.hu\/kozossegikoltsegvetes\/2020\/eredmenyek\/\" \/>\n<meta property=\"og:locale\" content=\"hu_HU\" \/>\n<meta property=\"og:type\" content=\"article\" \/>\n<meta property=\"og:title\" content=\"Eredm\u00e9nyek - K\u00f6z\u00f6ss\u00e9gi k\u00f6lts\u00e9gvet\u00e9s 2025 \u2013 \u00cdrja meg v\u00e9lem\u00e9ny\u00e9t!\" \/>\n<meta property=\"og:description\" content=\"K\u00d6Z\u00d6SS\u00c9GI K\u00d6LTS\u00c9GVET\u00c9S 2020 Arra k\u00e9rj\u00fck ker\u00fclet\u00fcnk lak\u00f3it, ossz\u00e1k meg vel\u00fcnk javaslataikat, mire k\u00f6lts\u00fck a K\u00f6z\u00f6ss\u00e9gi K\u00f6lts\u00e9gvet\u00e9s 2020 programunk keret\u00e9ben rendelkez\u00e9s\u00fcnkre \u00e1ll\u00f3 \u00f6tvenmilli\u00f3 forintot. Minden egyes, a v\u00e1rosfejleszt\u00e9st szolg\u00e1l\u00f3, a k\u00f6z\u00f6ss\u00e9get gazdag\u00edt\u00f3 \u00f6tletet megvizsg\u00e1lnak szak\u00e9rt\u0151ink. Arr\u00f3l, hogy a kivitelezhet\u0151 tervek k\u00f6z\u00fcl v\u00e9g\u00fcl melyek val\u00f3suljanak meg, szavaz\u00e1sunkon szint\u00e9n \u00f6n\u00f6k d\u00f6ntenek.\" \/>\n<meta property=\"og:url\" content=\"https:\/\/obuda.hu\/kozossegikoltsegvetes\/2020\/eredmenyek\/\" \/>\n<meta property=\"og:site_name\" content=\"K\u00f6z\u00f6ss\u00e9gi k\u00f6lts\u00e9gvet\u00e9s 2025 \u2013 \u00cdrja meg v\u00e9lem\u00e9ny\u00e9t!\" \/>\n<meta property=\"article:modified_time\" content=\"2021-01-31T23:45:54+00:00\" \/>\n<meta property=\"og:image\" content=\"https:\/\/obuda.hu\/kozossegikoltsegvetes\/wp-content\/uploads\/2021\/01\/obuda_logo.png\" \/>\n<meta name=\"twitter:card\" content=\"summary_large_image\" \/>\n<meta name=\"twitter:label1\" content=\"Becs\u00fclt olvas\u00e1si id\u0151\" \/>\n\t<meta name=\"twitter:data1\" content=\"1 perc\" \/>\n<script type=\"application\/ld+json\" class=\"yoast-schema-graph\">{\"@context\":\"https:\/\/schema.org\",\"@graph\":[{\"@type\":\"WebPage\",\"@id\":\"https:\/\/obuda.hu\/kozossegikoltsegvetes\/2020\/eredmenyek\/\",\"url\":\"https:\/\/obuda.hu\/kozossegikoltsegvetes\/2020\/eredmenyek\/\",\"name\":\"Eredm\u00e9nyek - K\u00f6z\u00f6ss\u00e9gi k\u00f6lts\u00e9gvet\u00e9s 2025 \u2013 \u00cdrja meg v\u00e9lem\u00e9ny\u00e9t!\",\"isPartOf\":{\"@id\":\"https:\/\/obuda.hu\/kozossegikoltsegvetes\/#website\"},\"datePublished\":\"2021-01-31T23:39:40+00:00\",\"dateModified\":\"2021-01-31T23:45:54+00:00\",\"breadcrumb\":{\"@id\":\"https:\/\/obuda.hu\/kozossegikoltsegvetes\/2020\/eredmenyek\/#breadcrumb\"},\"inLanguage\":\"hu\",\"potentialAction\":[{\"@type\":\"ReadAction\",\"target\":[\"https:\/\/obuda.hu\/kozossegikoltsegvetes\/2020\/eredmenyek\/\"]}]},{\"@type\":\"BreadcrumbList\",\"@id\":\"https:\/\/obuda.hu\/kozossegikoltsegvetes\/2020\/eredmenyek\/#breadcrumb\",\"itemListElement\":[{\"@type\":\"ListItem\",\"position\":1,\"name\":\"Home\",\"item\":\"https:\/\/obuda.hu\/kozossegikoltsegvetes\/\"},{\"@type\":\"ListItem\",\"position\":2,\"name\":\"Eredm\u00e9nyek 2020\",\"item\":\"https:\/\/obuda.hu\/kozossegikoltsegvetes\/2020\/\"},{\"@type\":\"ListItem\",\"position\":3,\"name\":\"Eredm\u00e9nyek\"}]},{\"@type\":\"WebSite\",\"@id\":\"https:\/\/obuda.hu\/kozossegikoltsegvetes\/#website\",\"url\":\"https:\/\/obuda.hu\/kozossegikoltsegvetes\/\",\"name\":\"K\u00f6z\u00f6ss\u00e9gi k\u00f6lts\u00e9gvet\u00e9s 2025 \u2013 \u00cdrja meg v\u00e9lem\u00e9ny\u00e9t!\",\"description\":\"\",\"potentialAction\":[{\"@type\":\"SearchAction\",\"target\":{\"@type\":\"EntryPoint\",\"urlTemplate\":\"https:\/\/obuda.hu\/kozossegikoltsegvetes\/?s={search_term_string}\"},\"query-input\":\"required name=search_term_string\"}],\"inLanguage\":\"hu\"}]}<\/script>\n<!-- \/ Yoast SEO plugin. -->","yoast_head_json":{"title":"Eredm\u00e9nyek - K\u00f6z\u00f6ss\u00e9gi k\u00f6lts\u00e9gvet\u00e9s 2025 \u2013 \u00cdrja meg v\u00e9lem\u00e9ny\u00e9t!","robots":{"index":"index","follow":"follow","max-snippet":"max-snippet:-1","max-image-preview":"max-image-preview:large","max-video-preview":"max-video-preview:-1"},"canonical":"https:\/\/obuda.hu\/kozossegikoltsegvetes\/2020\/eredmenyek\/","og_locale":"hu_HU","og_type":"article","og_title":"Eredm\u00e9nyek - K\u00f6z\u00f6ss\u00e9gi k\u00f6lts\u00e9gvet\u00e9s 2025 \u2013 \u00cdrja meg v\u00e9lem\u00e9ny\u00e9t!","og_description":"K\u00d6Z\u00d6SS\u00c9GI K\u00d6LTS\u00c9GVET\u00c9S 2020 Arra k\u00e9rj\u00fck ker\u00fclet\u00fcnk lak\u00f3it, ossz\u00e1k meg vel\u00fcnk javaslataikat, mire k\u00f6lts\u00fck a K\u00f6z\u00f6ss\u00e9gi K\u00f6lts\u00e9gvet\u00e9s 2020 programunk keret\u00e9ben rendelkez\u00e9s\u00fcnkre \u00e1ll\u00f3 \u00f6tvenmilli\u00f3 forintot. Minden egyes, a v\u00e1rosfejleszt\u00e9st szolg\u00e1l\u00f3, a k\u00f6z\u00f6ss\u00e9get gazdag\u00edt\u00f3 \u00f6tletet megvizsg\u00e1lnak szak\u00e9rt\u0151ink. Arr\u00f3l, hogy a kivitelezhet\u0151 tervek k\u00f6z\u00fcl v\u00e9g\u00fcl melyek val\u00f3suljanak meg, szavaz\u00e1sunkon szint\u00e9n \u00f6n\u00f6k d\u00f6ntenek.","og_url":"https:\/\/obuda.hu\/kozossegikoltsegvetes\/2020\/eredmenyek\/","og_site_name":"K\u00f6z\u00f6ss\u00e9gi k\u00f6lts\u00e9gvet\u00e9s 2025 \u2013 \u00cdrja meg v\u00e9lem\u00e9ny\u00e9t!","article_modified_time":"2021-01-31T23:45:54+00:00","og_image":[{"url":"https:\/\/obuda.hu\/kozossegikoltsegvetes\/wp-content\/uploads\/2021\/01\/obuda_logo.png"}],"twitter_card":"summary_large_image","twitter_misc":{"Becs\u00fclt olvas\u00e1si id\u0151":"1 perc"},"schema":{"@context":"https:\/\/schema.org","@graph":[{"@type":"WebPage","@id":"https:\/\/obuda.hu\/kozossegikoltsegvetes\/2020\/eredmenyek\/","url":"https:\/\/obuda.hu\/kozossegikoltsegvetes\/2020\/eredmenyek\/","name":"Eredm\u00e9nyek - K\u00f6z\u00f6ss\u00e9gi k\u00f6lts\u00e9gvet\u00e9s 2025 \u2013 \u00cdrja meg v\u00e9lem\u00e9ny\u00e9t!","isPartOf":{"@id":"https:\/\/obuda.hu\/kozossegikoltsegvetes\/#website"},"datePublished":"2021-01-31T23:39:40+00:00","dateModified":"2021-01-31T23:45:54+00:00","breadcrumb":{"@id":"https:\/\/obuda.hu\/kozossegikoltsegvetes\/2020\/eredmenyek\/#breadcrumb"},"inLanguage":"hu","potentialAction":[{"@type":"ReadAction","target":["https:\/\/obuda.hu\/kozossegikoltsegvetes\/2020\/eredmenyek\/"]}]},{"@type":"BreadcrumbList","@id":"https:\/\/obuda.hu\/kozossegikoltsegvetes\/2020\/eredmenyek\/#breadcrumb","itemListElement":[{"@type":"ListItem","position":1,"name":"Home","item":"https:\/\/obuda.hu\/kozossegikoltsegvetes\/"},{"@type":"ListItem","position":2,"name":"Eredm\u00e9nyek 2020","item":"https:\/\/obuda.hu\/kozossegikoltsegvetes\/2020\/"},{"@type":"ListItem","position":3,"name":"Eredm\u00e9nyek"}]},{"@type":"WebSite","@id":"https:\/\/obuda.hu\/kozossegikoltsegvetes\/#website","url":"https:\/\/obuda.hu\/kozossegikoltsegvetes\/","name":"K\u00f6z\u00f6ss\u00e9gi k\u00f6lts\u00e9gvet\u00e9s 2025 \u2013 \u00cdrja meg v\u00e9lem\u00e9ny\u00e9t!","description":"","potentialAction":[{"@type":"SearchAction","target":{"@type":"EntryPoint","urlTemplate":"https:\/\/obuda.hu\/kozossegikoltsegvetes\/?s={search_term_string}"},"query-input":"required name=search_term_string"}],"inLanguage":"hu"}]}},"publishpress_future_action":{"enabled":false,"date":"2026-05-03 03:33:00","action":"change-status","newStatus":"draft","terms":[],"taxonomy":""},"publishpress_future_workflow_manual_trigger":{"enabledWorkflows":[]},"_links":{"self":[{"href":"https:\/\/obuda.hu\/kozossegikoltsegvetes\/wp-json\/wp\/v2\/pages\/401","targetHints":{"allow":["GET"]}}],"collection":[{"href":"https:\/\/obuda.hu\/kozossegikoltsegvetes\/wp-json\/wp\/v2\/pages"}],"about":[{"href":"https:\/\/obuda.hu\/kozossegikoltsegvetes\/wp-json\/wp\/v2\/types\/page"}],"author":[{"embeddable":true,"href":"https:\/\/obuda.hu\/kozossegikoltsegvetes\/wp-json\/wp\/v2\/users\/1"}],"replies":[{"embeddable":true,"href":"https:\/\/obuda.hu\/kozossegikoltsegvetes\/wp-json\/wp\/v2\/comments?post=401"}],"version-history":[{"count":6,"href":"https:\/\/obuda.hu\/kozossegikoltsegvetes\/wp-json\/wp\/v2\/pages\/401\/revisions"}],"predecessor-version":[{"id":416,"href":"https:\/\/obuda.hu\/kozossegikoltsegvetes\/wp-json\/wp\/v2\/pages\/401\/revisions\/416"}],"up":[{"embeddable":true,"href":"https:\/\/obuda.hu\/kozossegikoltsegvetes\/wp-json\/wp\/v2\/pages\/316"}],"wp:attachment":[{"href":"https:\/\/obuda.hu\/kozossegikoltsegvetes\/wp-json\/wp\/v2\/media?parent=401"}],"curies":[{"name":"wp","href":"https:\/\/api.w.org\/{rel}","templated":true}]}}