{"id":622,"date":"2022-02-17T10:06:14","date_gmt":"2022-02-17T10:06:14","guid":{"rendered":"https:\/\/obuda.hu\/kozossegikoltsegvetes\/?page_id=622"},"modified":"2022-03-22T15:40:36","modified_gmt":"2022-03-22T15:40:36","slug":"nagykovetek","status":"publish","type":"page","link":"https:\/\/obuda.hu\/kozossegikoltsegvetes\/2022\/nagykovetek\/","title":{"rendered":"Nagyk\u00f6vetek"},"content":{"rendered":"\t\t<div data-elementor-type=\"wp-page\" data-elementor-id=\"622\" class=\"elementor elementor-622\" data-elementor-post-type=\"page\">\n\t\t\t\t\t\t\t\t\t<section class=\"elementor-section elementor-top-section elementor-element elementor-element-1bc3d8e4 elementor-section-boxed elementor-section-height-default elementor-section-height-default\" data-id=\"1bc3d8e4\" data-element_type=\"section\" data-settings=\"{&quot;background_background&quot;:&quot;classic&quot;}\">\n\t\t\t\t\t\t\t<div class=\"elementor-background-overlay\"><\/div>\n\t\t\t\t\t\t\t<div class=\"elementor-container elementor-column-gap-default\">\n\t\t\t\t\t<div class=\"elementor-column elementor-col-100 elementor-top-column elementor-element elementor-element-560430cd\" data-id=\"560430cd\" data-element_type=\"column\">\n\t\t\t<div class=\"elementor-widget-wrap elementor-element-populated\">\n\t\t\t\t\t\t\t\t<section class=\"elementor-section elementor-inner-section elementor-element elementor-element-863a463 elementor-section-boxed elementor-section-height-default elementor-section-height-default\" data-id=\"863a463\" data-element_type=\"section\">\n\t\t\t\t\t\t<div class=\"elementor-container elementor-column-gap-default\">\n\t\t\t\t\t<div class=\"elementor-column elementor-col-33 elementor-inner-column elementor-element elementor-element-db5b887\" data-id=\"db5b887\" data-element_type=\"column\">\n\t\t\t<div class=\"elementor-widget-wrap elementor-element-populated\">\n\t\t\t\t\t\t\t\t<div class=\"elementor-element elementor-element-5281044e elementor-position-top elementor-widget elementor-widget-image-box\" data-id=\"5281044e\" data-element_type=\"widget\" data-widget_type=\"image-box.default\">\n\t\t\t\t<div class=\"elementor-widget-container\">\n\t\t\t<div class=\"elementor-image-box-wrapper\"><figure class=\"elementor-image-box-img\"><img loading=\"lazy\" decoding=\"async\" width=\"600\" height=\"600\" src=\"https:\/\/obuda.hu\/kozossegikoltsegvetes\/wp-content\/uploads\/2022\/03\/mihalyfi_klara.jpg\" class=\"attachment-full size-full wp-image-677\" alt=\"\" srcset=\"https:\/\/obuda.hu\/kozossegikoltsegvetes\/wp-content\/uploads\/2022\/03\/mihalyfi_klara.jpg 600w, https:\/\/obuda.hu\/kozossegikoltsegvetes\/wp-content\/uploads\/2022\/03\/mihalyfi_klara-300x300.jpg 300w, https:\/\/obuda.hu\/kozossegikoltsegvetes\/wp-content\/uploads\/2022\/03\/mihalyfi_klara-150x150.jpg 150w\" sizes=\"auto, (max-width: 600px) 100vw, 600px\" \/><\/figure><div class=\"elementor-image-box-content\"><h3 class=\"elementor-image-box-title\">Mih\u00e1lyfy Kl\u00e1ra, az Aquincum-Mocs\u00e1ros K\u00f6zhaszn\u00fa Egyes\u00fclet eln\u00f6ke<\/h3><p class=\"elementor-image-box-description\">\u201eMocs\u00e1rosd\u0171l\u0151 lak\u00f3i \u00f6sszetart\u00f3, egym\u00e1sra figyel\u0151 \u00e9s \u00f6nmaguk sors\u00e1\u00e9rt\nfelel\u0151ss\u00e9get v\u00e1llal\u00f3 k\u00f6z\u00f6ss\u00e9g tagjai. A K\u00f6z\u00f6ss\u00e9gi K\u00f6lts\u00e9gvet\u00e9s pontosan\nerr\u0151l sz\u00f3l. Ez\u00e9rt arra biztatom \u00d6n\u00f6ket, hogy vegyenek r\u00e9szt a kamp\u00e1nyban\n\u00f6tlettel, szavazattal, hogy legyenek akt\u00edv r\u00e9szesei a ker\u00fclet\nfejl\u0151d\u00e9s\u00e9nek. Ragadjuk meg az alkalmat, \u00e9s \u00e9lj\u00fcnk a lehet\u0151s\u00e9ggel!\u201d<\/p><\/div><\/div>\t\t<\/div>\n\t\t\t\t<\/div>\n\t\t\t\t\t<\/div>\n\t\t<\/div>\n\t\t\t\t<div class=\"elementor-column elementor-col-33 elementor-inner-column elementor-element elementor-element-588dfdf0\" data-id=\"588dfdf0\" data-element_type=\"column\">\n\t\t\t<div class=\"elementor-widget-wrap elementor-element-populated\">\n\t\t\t\t\t\t\t\t<div class=\"elementor-element elementor-element-7bdc52df elementor-position-top elementor-widget elementor-widget-image-box\" data-id=\"7bdc52df\" data-element_type=\"widget\" data-widget_type=\"image-box.default\">\n\t\t\t\t<div class=\"elementor-widget-container\">\n\t\t\t<div class=\"elementor-image-box-wrapper\"><figure class=\"elementor-image-box-img\"><img loading=\"lazy\" decoding=\"async\" width=\"600\" height=\"600\" src=\"https:\/\/obuda.hu\/kozossegikoltsegvetes\/wp-content\/uploads\/2022\/03\/toth_katinka.jpg\" class=\"attachment-full size-full wp-image-678\" alt=\"\" srcset=\"https:\/\/obuda.hu\/kozossegikoltsegvetes\/wp-content\/uploads\/2022\/03\/toth_katinka.jpg 600w, https:\/\/obuda.hu\/kozossegikoltsegvetes\/wp-content\/uploads\/2022\/03\/toth_katinka-300x300.jpg 300w, https:\/\/obuda.hu\/kozossegikoltsegvetes\/wp-content\/uploads\/2022\/03\/toth_katinka-150x150.jpg 150w\" sizes=\"auto, (max-width: 600px) 100vw, 600px\" \/><\/figure><div class=\"elementor-image-box-content\"><h3 class=\"elementor-image-box-title\">T\u00f3th Katinka, kutyaviselked\u00e9s-kutat\u00f3, a SciDog \u2013 A Kutyaegyetem iskolavezet\u0151je<\/h3><p class=\"elementor-image-box-description\">\u201eA kuty\u00e1z\u00e1s, a kuty\u00e1sok vil\u00e1ga nagyon saj\u00e1ts\u00e1gos. A kutya annyif\u00e9lek\u00e9pp hozhat \u00f6ssze vagy t\u00e1vol\u00edthat el embereket \u2013 kuty\u00e1sokat \u00e9s kuty\u00e1tlanokat egyar\u00e1nt. A kutya ma m\u00e1r rengeteg embernek csal\u00e1dtag, ez az \u00faj szerep azonban \u00faj kih\u00edv\u00e1sokat is jelent. Hogyan tudn\u00e1nk kuty\u00e1ink \u00e9s a k\u00f6rnyezet\u00fcnk sz\u00e1m\u00e1ra kellemesebb\u00e9, s\u00farl\u00f3d\u00e1smentesebb\u00e9 tenni az \u00e9letet? A K\u00f6z\u00f6ss\u00e9gi K\u00f6lts\u00e9gvet\u00e9s kamp\u00e1ny lehet\u0151s\u00e9get ad r\u00e1, hogy \u00f6tletelj\u00fcnk, szavazzunk, v\u00e1ltoztassunk k\u00f6z\u00f6sen.\"<\/p><\/div><\/div>\t\t<\/div>\n\t\t\t\t<\/div>\n\t\t\t\t\t<\/div>\n\t\t<\/div>\n\t\t\t\t<div class=\"elementor-column elementor-col-33 elementor-inner-column elementor-element elementor-element-2373f7a2\" data-id=\"2373f7a2\" data-element_type=\"column\">\n\t\t\t<div class=\"elementor-widget-wrap elementor-element-populated\">\n\t\t\t\t\t\t\t\t<div class=\"elementor-element elementor-element-7e1fd5ae elementor-position-top elementor-widget elementor-widget-image-box\" data-id=\"7e1fd5ae\" data-element_type=\"widget\" data-widget_type=\"image-box.default\">\n\t\t\t\t<div class=\"elementor-widget-container\">\n\t\t\t<div class=\"elementor-image-box-wrapper\"><figure class=\"elementor-image-box-img\"><img loading=\"lazy\" decoding=\"async\" width=\"600\" height=\"600\" src=\"https:\/\/obuda.hu\/kozossegikoltsegvetes\/wp-content\/uploads\/2022\/03\/mihaly_tibor.jpg\" class=\"attachment-full size-full wp-image-679\" alt=\"\" srcset=\"https:\/\/obuda.hu\/kozossegikoltsegvetes\/wp-content\/uploads\/2022\/03\/mihaly_tibor.jpg 600w, https:\/\/obuda.hu\/kozossegikoltsegvetes\/wp-content\/uploads\/2022\/03\/mihaly_tibor-300x300.jpg 300w, https:\/\/obuda.hu\/kozossegikoltsegvetes\/wp-content\/uploads\/2022\/03\/mihaly_tibor-150x150.jpg 150w\" sizes=\"auto, (max-width: 600px) 100vw, 600px\" \/><\/figure><div class=\"elementor-image-box-content\"><h3 class=\"elementor-image-box-title\">Mih\u00e1ly Tibor, a K\u00fclker Evez\u0151s Klub \u00d3buda eln\u00f6ke<\/h3><p class=\"elementor-image-box-description\">\n\u201eA sport \u00f6sszehoz benn\u00fcnket, hiszen k\u00f6z\u00f6s c\u00e9l\u00e9rt k\u00fczd\u00fcnk. A K\u00f6z\u00f6ss\u00e9gi\nK\u00f6lts\u00e9gvet\u00e9s ugyan\u00edgy a k\u00f6z\u00f6s c\u00e9lok el\u00e9r\u00e9s\u00e9r\u0151l sz\u00f3l. Arr\u00f3l, hogy egy\u00fctt\nd\u00f6nts\u00fck el, milyen legyen a ker\u00fclet. Javasoljanak, majd szavazzanak\narra, amit fontosnak \u00e9reznek. Egy\u00fctt eredm\u00e9nyesebbek vagyunk.\u201d<\/p><\/div><\/div>\t\t<\/div>\n\t\t\t\t<\/div>\n\t\t\t\t\t<\/div>\n\t\t<\/div>\n\t\t\t\t\t\t\t<\/div>\n\t\t<\/section>\n\t\t\t\t<section class=\"elementor-section elementor-inner-section elementor-element elementor-element-7f2b5703 elementor-section-boxed elementor-section-height-default elementor-section-height-default\" data-id=\"7f2b5703\" data-element_type=\"section\">\n\t\t\t\t\t\t<div class=\"elementor-container elementor-column-gap-default\">\n\t\t\t\t\t<div class=\"elementor-column elementor-col-50 elementor-inner-column elementor-element elementor-element-3e852e3f\" data-id=\"3e852e3f\" data-element_type=\"column\">\n\t\t\t<div class=\"elementor-widget-wrap\">\n\t\t\t\t\t\t\t\t\t<\/div>\n\t\t<\/div>\n\t\t\t\t<div class=\"elementor-column elementor-col-50 elementor-inner-column elementor-element elementor-element-336d5e90\" data-id=\"336d5e90\" data-element_type=\"column\">\n\t\t\t<div class=\"elementor-widget-wrap\">\n\t\t\t\t\t\t\t\t\t<\/div>\n\t\t<\/div>\n\t\t\t\t\t\t\t<\/div>\n\t\t<\/section>\n\t\t\t\t\t<\/div>\n\t\t<\/div>\n\t\t\t\t\t\t\t<\/div>\n\t\t<\/section>\n\t\t\t\t\t\t\t<\/div>\n\t\t","protected":false},"excerpt":{"rendered":"<p>Mih\u00e1lyfy Kl\u00e1ra, az Aquincum-Mocs\u00e1ros K\u00f6zhaszn\u00fa Egyes\u00fclet eln\u00f6ke \u201eMocs\u00e1rosd\u0171l\u0151 lak\u00f3i \u00f6sszetart\u00f3, egym\u00e1sra figyel\u0151 \u00e9s \u00f6nmaguk sors\u00e1\u00e9rt felel\u0151ss\u00e9get v\u00e1llal\u00f3 k\u00f6z\u00f6ss\u00e9g tagjai. A K\u00f6z\u00f6ss\u00e9gi K\u00f6lts\u00e9gvet\u00e9s pontosan err\u0151l sz\u00f3l. Ez\u00e9rt arra biztatom \u00d6n\u00f6ket, hogy vegyenek r\u00e9szt a kamp\u00e1nyban \u00f6tlettel, szavazattal, hogy legyenek akt\u00edv r\u00e9szesei a ker\u00fclet fejl\u0151d\u00e9s\u00e9nek. Ragadjuk meg az alkalmat, \u00e9s \u00e9lj\u00fcnk a lehet\u0151s\u00e9ggel!\u201d T\u00f3th Katinka, kutyaviselked\u00e9s-kutat\u00f3, a [&hellip;]<\/p>\n","protected":false},"author":1,"featured_media":0,"parent":549,"menu_order":0,"comment_status":"closed","ping_status":"closed","template":"elementor_header_footer","meta":{"footnotes":""},"class_list":["post-622","page","type-page","status-publish","hentry"],"yoast_head":"<!-- This site is optimized with the Yoast SEO plugin v21.5 - https:\/\/yoast.com\/wordpress\/plugins\/seo\/ -->\n<title>Nagyk\u00f6vetek - K\u00f6z\u00f6ss\u00e9gi k\u00f6lts\u00e9gvet\u00e9s 2025 \u2013 \u00cdrja meg v\u00e9lem\u00e9ny\u00e9t!<\/title>\n<meta name=\"robots\" content=\"index, follow, max-snippet:-1, max-image-preview:large, max-video-preview:-1\" \/>\n<link rel=\"canonical\" href=\"https:\/\/obuda.hu\/kozossegikoltsegvetes\/2022\/nagykovetek\/\" \/>\n<meta property=\"og:locale\" content=\"hu_HU\" \/>\n<meta property=\"og:type\" content=\"article\" \/>\n<meta property=\"og:title\" content=\"Nagyk\u00f6vetek - K\u00f6z\u00f6ss\u00e9gi k\u00f6lts\u00e9gvet\u00e9s 2025 \u2013 \u00cdrja meg v\u00e9lem\u00e9ny\u00e9t!\" \/>\n<meta property=\"og:description\" content=\"Mih\u00e1lyfy Kl\u00e1ra, az Aquincum-Mocs\u00e1ros K\u00f6zhaszn\u00fa Egyes\u00fclet eln\u00f6ke \u201eMocs\u00e1rosd\u0171l\u0151 lak\u00f3i \u00f6sszetart\u00f3, egym\u00e1sra figyel\u0151 \u00e9s \u00f6nmaguk sors\u00e1\u00e9rt felel\u0151ss\u00e9get v\u00e1llal\u00f3 k\u00f6z\u00f6ss\u00e9g tagjai. A K\u00f6z\u00f6ss\u00e9gi K\u00f6lts\u00e9gvet\u00e9s pontosan err\u0151l sz\u00f3l. Ez\u00e9rt arra biztatom \u00d6n\u00f6ket, hogy vegyenek r\u00e9szt a kamp\u00e1nyban \u00f6tlettel, szavazattal, hogy legyenek akt\u00edv r\u00e9szesei a ker\u00fclet fejl\u0151d\u00e9s\u00e9nek. Ragadjuk meg az alkalmat, \u00e9s \u00e9lj\u00fcnk a lehet\u0151s\u00e9ggel!\u201d T\u00f3th Katinka, kutyaviselked\u00e9s-kutat\u00f3, a [&hellip;]\" \/>\n<meta property=\"og:url\" content=\"https:\/\/obuda.hu\/kozossegikoltsegvetes\/2022\/nagykovetek\/\" \/>\n<meta property=\"og:site_name\" content=\"K\u00f6z\u00f6ss\u00e9gi k\u00f6lts\u00e9gvet\u00e9s 2025 \u2013 \u00cdrja meg v\u00e9lem\u00e9ny\u00e9t!\" \/>\n<meta property=\"article:modified_time\" content=\"2022-03-22T15:40:36+00:00\" \/>\n<meta property=\"og:image\" content=\"https:\/\/obuda.hu\/kozossegikoltsegvetes\/wp-content\/uploads\/2022\/03\/mihalyfi_klara.jpg\" \/>\n<meta name=\"twitter:card\" content=\"summary_large_image\" \/>\n<meta name=\"twitter:label1\" content=\"Becs\u00fclt olvas\u00e1si id\u0151\" \/>\n\t<meta name=\"twitter:data1\" content=\"2 perc\" \/>\n<script type=\"application\/ld+json\" class=\"yoast-schema-graph\">{\"@context\":\"https:\/\/schema.org\",\"@graph\":[{\"@type\":\"WebPage\",\"@id\":\"https:\/\/obuda.hu\/kozossegikoltsegvetes\/2022\/nagykovetek\/\",\"url\":\"https:\/\/obuda.hu\/kozossegikoltsegvetes\/2022\/nagykovetek\/\",\"name\":\"Nagyk\u00f6vetek - K\u00f6z\u00f6ss\u00e9gi k\u00f6lts\u00e9gvet\u00e9s 2025 \u2013 \u00cdrja meg v\u00e9lem\u00e9ny\u00e9t!\",\"isPartOf\":{\"@id\":\"https:\/\/obuda.hu\/kozossegikoltsegvetes\/#website\"},\"datePublished\":\"2022-02-17T10:06:14+00:00\",\"dateModified\":\"2022-03-22T15:40:36+00:00\",\"breadcrumb\":{\"@id\":\"https:\/\/obuda.hu\/kozossegikoltsegvetes\/2022\/nagykovetek\/#breadcrumb\"},\"inLanguage\":\"hu\",\"potentialAction\":[{\"@type\":\"ReadAction\",\"target\":[\"https:\/\/obuda.hu\/kozossegikoltsegvetes\/2022\/nagykovetek\/\"]}]},{\"@type\":\"BreadcrumbList\",\"@id\":\"https:\/\/obuda.hu\/kozossegikoltsegvetes\/2022\/nagykovetek\/#breadcrumb\",\"itemListElement\":[{\"@type\":\"ListItem\",\"position\":1,\"name\":\"Home\",\"item\":\"https:\/\/obuda.hu\/kozossegikoltsegvetes\/\"},{\"@type\":\"ListItem\",\"position\":2,\"name\":\"K\u00f6z\u00f6ss\u00e9gi k\u00f6lts\u00e9gvet\u00e9s 2022\",\"item\":\"https:\/\/obuda.hu\/kozossegikoltsegvetes\/\"},{\"@type\":\"ListItem\",\"position\":3,\"name\":\"Nagyk\u00f6vetek\"}]},{\"@type\":\"WebSite\",\"@id\":\"https:\/\/obuda.hu\/kozossegikoltsegvetes\/#website\",\"url\":\"https:\/\/obuda.hu\/kozossegikoltsegvetes\/\",\"name\":\"K\u00f6z\u00f6ss\u00e9gi k\u00f6lts\u00e9gvet\u00e9s 2025 \u2013 \u00cdrja meg v\u00e9lem\u00e9ny\u00e9t!\",\"description\":\"\",\"potentialAction\":[{\"@type\":\"SearchAction\",\"target\":{\"@type\":\"EntryPoint\",\"urlTemplate\":\"https:\/\/obuda.hu\/kozossegikoltsegvetes\/?s={search_term_string}\"},\"query-input\":\"required name=search_term_string\"}],\"inLanguage\":\"hu\"}]}<\/script>\n<!-- \/ Yoast SEO plugin. -->","yoast_head_json":{"title":"Nagyk\u00f6vetek - K\u00f6z\u00f6ss\u00e9gi k\u00f6lts\u00e9gvet\u00e9s 2025 \u2013 \u00cdrja meg v\u00e9lem\u00e9ny\u00e9t!","robots":{"index":"index","follow":"follow","max-snippet":"max-snippet:-1","max-image-preview":"max-image-preview:large","max-video-preview":"max-video-preview:-1"},"canonical":"https:\/\/obuda.hu\/kozossegikoltsegvetes\/2022\/nagykovetek\/","og_locale":"hu_HU","og_type":"article","og_title":"Nagyk\u00f6vetek - K\u00f6z\u00f6ss\u00e9gi k\u00f6lts\u00e9gvet\u00e9s 2025 \u2013 \u00cdrja meg v\u00e9lem\u00e9ny\u00e9t!","og_description":"Mih\u00e1lyfy Kl\u00e1ra, az Aquincum-Mocs\u00e1ros K\u00f6zhaszn\u00fa Egyes\u00fclet eln\u00f6ke \u201eMocs\u00e1rosd\u0171l\u0151 lak\u00f3i \u00f6sszetart\u00f3, egym\u00e1sra figyel\u0151 \u00e9s \u00f6nmaguk sors\u00e1\u00e9rt felel\u0151ss\u00e9get v\u00e1llal\u00f3 k\u00f6z\u00f6ss\u00e9g tagjai. A K\u00f6z\u00f6ss\u00e9gi K\u00f6lts\u00e9gvet\u00e9s pontosan err\u0151l sz\u00f3l. Ez\u00e9rt arra biztatom \u00d6n\u00f6ket, hogy vegyenek r\u00e9szt a kamp\u00e1nyban \u00f6tlettel, szavazattal, hogy legyenek akt\u00edv r\u00e9szesei a ker\u00fclet fejl\u0151d\u00e9s\u00e9nek. Ragadjuk meg az alkalmat, \u00e9s \u00e9lj\u00fcnk a lehet\u0151s\u00e9ggel!\u201d T\u00f3th Katinka, kutyaviselked\u00e9s-kutat\u00f3, a [&hellip;]","og_url":"https:\/\/obuda.hu\/kozossegikoltsegvetes\/2022\/nagykovetek\/","og_site_name":"K\u00f6z\u00f6ss\u00e9gi k\u00f6lts\u00e9gvet\u00e9s 2025 \u2013 \u00cdrja meg v\u00e9lem\u00e9ny\u00e9t!","article_modified_time":"2022-03-22T15:40:36+00:00","og_image":[{"url":"https:\/\/obuda.hu\/kozossegikoltsegvetes\/wp-content\/uploads\/2022\/03\/mihalyfi_klara.jpg"}],"twitter_card":"summary_large_image","twitter_misc":{"Becs\u00fclt olvas\u00e1si id\u0151":"2 perc"},"schema":{"@context":"https:\/\/schema.org","@graph":[{"@type":"WebPage","@id":"https:\/\/obuda.hu\/kozossegikoltsegvetes\/2022\/nagykovetek\/","url":"https:\/\/obuda.hu\/kozossegikoltsegvetes\/2022\/nagykovetek\/","name":"Nagyk\u00f6vetek - K\u00f6z\u00f6ss\u00e9gi k\u00f6lts\u00e9gvet\u00e9s 2025 \u2013 \u00cdrja meg v\u00e9lem\u00e9ny\u00e9t!","isPartOf":{"@id":"https:\/\/obuda.hu\/kozossegikoltsegvetes\/#website"},"datePublished":"2022-02-17T10:06:14+00:00","dateModified":"2022-03-22T15:40:36+00:00","breadcrumb":{"@id":"https:\/\/obuda.hu\/kozossegikoltsegvetes\/2022\/nagykovetek\/#breadcrumb"},"inLanguage":"hu","potentialAction":[{"@type":"ReadAction","target":["https:\/\/obuda.hu\/kozossegikoltsegvetes\/2022\/nagykovetek\/"]}]},{"@type":"BreadcrumbList","@id":"https:\/\/obuda.hu\/kozossegikoltsegvetes\/2022\/nagykovetek\/#breadcrumb","itemListElement":[{"@type":"ListItem","position":1,"name":"Home","item":"https:\/\/obuda.hu\/kozossegikoltsegvetes\/"},{"@type":"ListItem","position":2,"name":"K\u00f6z\u00f6ss\u00e9gi k\u00f6lts\u00e9gvet\u00e9s 2022","item":"https:\/\/obuda.hu\/kozossegikoltsegvetes\/"},{"@type":"ListItem","position":3,"name":"Nagyk\u00f6vetek"}]},{"@type":"WebSite","@id":"https:\/\/obuda.hu\/kozossegikoltsegvetes\/#website","url":"https:\/\/obuda.hu\/kozossegikoltsegvetes\/","name":"K\u00f6z\u00f6ss\u00e9gi k\u00f6lts\u00e9gvet\u00e9s 2025 \u2013 \u00cdrja meg v\u00e9lem\u00e9ny\u00e9t!","description":"","potentialAction":[{"@type":"SearchAction","target":{"@type":"EntryPoint","urlTemplate":"https:\/\/obuda.hu\/kozossegikoltsegvetes\/?s={search_term_string}"},"query-input":"required name=search_term_string"}],"inLanguage":"hu"}]}},"publishpress_future_action":{"enabled":false,"date":"2026-05-13 13:35:54","action":"change-status","newStatus":"draft","terms":[],"taxonomy":""},"publishpress_future_workflow_manual_trigger":{"enabledWorkflows":[]},"_links":{"self":[{"href":"https:\/\/obuda.hu\/kozossegikoltsegvetes\/wp-json\/wp\/v2\/pages\/622","targetHints":{"allow":["GET"]}}],"collection":[{"href":"https:\/\/obuda.hu\/kozossegikoltsegvetes\/wp-json\/wp\/v2\/pages"}],"about":[{"href":"https:\/\/obuda.hu\/kozossegikoltsegvetes\/wp-json\/wp\/v2\/types\/page"}],"author":[{"embeddable":true,"href":"https:\/\/obuda.hu\/kozossegikoltsegvetes\/wp-json\/wp\/v2\/users\/1"}],"replies":[{"embeddable":true,"href":"https:\/\/obuda.hu\/kozossegikoltsegvetes\/wp-json\/wp\/v2\/comments?post=622"}],"version-history":[{"count":4,"href":"https:\/\/obuda.hu\/kozossegikoltsegvetes\/wp-json\/wp\/v2\/pages\/622\/revisions"}],"predecessor-version":[{"id":685,"href":"https:\/\/obuda.hu\/kozossegikoltsegvetes\/wp-json\/wp\/v2\/pages\/622\/revisions\/685"}],"up":[{"embeddable":true,"href":"https:\/\/obuda.hu\/kozossegikoltsegvetes\/wp-json\/wp\/v2\/pages\/549"}],"wp:attachment":[{"href":"https:\/\/obuda.hu\/kozossegikoltsegvetes\/wp-json\/wp\/v2\/media?parent=622"}],"curies":[{"name":"wp","href":"https:\/\/api.w.org\/{rel}","templated":true}]}}