{"id":749,"date":"2023-01-24T14:58:08","date_gmt":"2023-01-24T14:58:08","guid":{"rendered":"https:\/\/obuda.hu\/kozossegikoltsegvetes\/?page_id=749"},"modified":"2023-03-20T11:47:25","modified_gmt":"2023-03-20T11:47:25","slug":"hirek","status":"publish","type":"page","link":"https:\/\/obuda.hu\/kozossegikoltsegvetes\/kozossegi-koltsegvetes-2023\/hirek\/","title":{"rendered":"H\u00edrek"},"content":{"rendered":"\t\t<div data-elementor-type=\"wp-page\" data-elementor-id=\"749\" class=\"elementor elementor-749\" data-elementor-post-type=\"page\">\n\t\t\t\t\t\t\t\t\t<section class=\"elementor-section elementor-top-section elementor-element elementor-element-c07a40a elementor-section-boxed elementor-section-height-default elementor-section-height-default\" data-id=\"c07a40a\" data-element_type=\"section\" data-settings=\"{&quot;background_background&quot;:&quot;classic&quot;}\">\n\t\t\t\t\t\t\t<div class=\"elementor-background-overlay\"><\/div>\n\t\t\t\t\t\t\t<div class=\"elementor-container elementor-column-gap-default\">\n\t\t\t\t\t<div class=\"elementor-column elementor-col-100 elementor-top-column elementor-element elementor-element-26cd970\" data-id=\"26cd970\" data-element_type=\"column\">\n\t\t\t<div class=\"elementor-widget-wrap elementor-element-populated\">\n\t\t\t\t\t\t\t\t<section class=\"elementor-section elementor-inner-section elementor-element elementor-element-46cd422 elementor-section-boxed elementor-section-height-default elementor-section-height-default\" data-id=\"46cd422\" data-element_type=\"section\">\n\t\t\t\t\t\t<div class=\"elementor-container elementor-column-gap-default\">\n\t\t\t\t\t<div class=\"elementor-column elementor-col-50 elementor-inner-column elementor-element elementor-element-bf207d5\" data-id=\"bf207d5\" data-element_type=\"column\">\n\t\t\t<div class=\"elementor-widget-wrap elementor-element-populated\">\n\t\t\t\t\t\t\t\t<div class=\"elementor-element elementor-element-bd84b84 elementor-widget elementor-widget-heading\" data-id=\"bd84b84\" data-element_type=\"widget\" data-widget_type=\"heading.default\">\n\t\t\t\t<div class=\"elementor-widget-container\">\n\t\t\t<h2 class=\"elementor-heading-title elementor-size-default\">H\u00edrek<\/h2>\t\t<\/div>\n\t\t\t\t<\/div>\n\t\t\t\t<div class=\"elementor-element elementor-element-7c30327 elementor-widget elementor-widget-text-editor\" data-id=\"7c30327\" data-element_type=\"widget\" data-widget_type=\"text-editor.default\">\n\t\t\t\t<div class=\"elementor-widget-container\">\n\t\t\t\t\t\t\t<p><span style=\"color: #333333;\">A K\u00f6z\u00f6ss\u00e9gi K\u00f6lts\u00e9gvet\u00e9s sikeress\u00e9g\u00e9t az \u00e9vr\u0151l \u00e9vre n\u00f6vekv\u0151 javaslat- \u00e9s szavazatsz\u00e1m is mutatja. <br \/>Ebben a men\u00fcpontban a K\u00f6z\u00f6ss\u00e9gi K\u00f6lts\u00e9gvet\u00e9s aktu\u00e1lis h\u00edrei mellett az elm\u00falt \u00e9vek fejleszt\u00e9seit is megn\u00e9zhetik, illetve b\u0151vebb inform\u00e1ci\u00f3t is tal\u00e1lnak egy-egy projekt megval\u00f3s\u00edt\u00e1s\u00e1r\u00f3l.<\/span><\/p>\t\t\t\t\t\t<\/div>\n\t\t\t\t<\/div>\n\t\t\t\t\t<\/div>\n\t\t<\/div>\n\t\t\t\t<div class=\"elementor-column elementor-col-50 elementor-inner-column elementor-element elementor-element-f8395a8\" data-id=\"f8395a8\" data-element_type=\"column\">\n\t\t\t<div class=\"elementor-widget-wrap elementor-element-populated\">\n\t\t\t\t\t\t\t\t<div class=\"elementor-element elementor-element-5e3bb0d elementor-widget elementor-widget-image\" data-id=\"5e3bb0d\" data-element_type=\"widget\" data-widget_type=\"image.default\">\n\t\t\t\t<div class=\"elementor-widget-container\">\n\t\t\t\t\t\t\t\t\t\t\t\t\t\t\t<img loading=\"lazy\" decoding=\"async\" width=\"720\" height=\"450\" src=\"https:\/\/obuda.hu\/kozossegikoltsegvetes\/wp-content\/uploads\/2023\/03\/KKTSV23_720x450_hero-javaslat.png\" class=\"attachment-large size-large wp-image-1181\" alt=\"\" srcset=\"https:\/\/obuda.hu\/kozossegikoltsegvetes\/wp-content\/uploads\/2023\/03\/KKTSV23_720x450_hero-javaslat.png 720w, https:\/\/obuda.hu\/kozossegikoltsegvetes\/wp-content\/uploads\/2023\/03\/KKTSV23_720x450_hero-javaslat-300x188.png 300w\" sizes=\"auto, (max-width: 720px) 100vw, 720px\" \/>\t\t\t\t\t\t\t\t\t\t\t\t\t\t\t<\/div>\n\t\t\t\t<\/div>\n\t\t\t\t\t<\/div>\n\t\t<\/div>\n\t\t\t\t\t\t\t<\/div>\n\t\t<\/section>\n\t\t\t\t<div class=\"elementor-element elementor-element-f8997b5 elementor-widget elementor-widget-shortcode\" data-id=\"f8997b5\" data-element_type=\"widget\" data-widget_type=\"shortcode.default\">\n\t\t\t\t<div class=\"elementor-widget-container\">\n\t\t\t\t\t<div class=\"elementor-shortcode\"><div class=\"wprss_ajax\" data-id=\"rssd8eb8cf3c9\"><img loading=\"lazy\" decoding=\"async\" src=\"https:\/\/obuda.hu\/kozossegikoltsegvetes\/wp-content\/plugins\/wp-rss-retriever\/inc\/imgs\/ajax-loader.gif\" alt=\"Loading RSS Feed\" width=\"16\" height=\"16\"><\/div><\/div>\n\t\t\t\t<\/div>\n\t\t\t\t<\/div>\n\t\t\t\t<div class=\"elementor-element elementor-element-9cc2e9c elementor-widget elementor-widget-heading\" data-id=\"9cc2e9c\" data-element_type=\"widget\" data-widget_type=\"heading.default\">\n\t\t\t\t<div class=\"elementor-widget-container\">\n\t\t\t<h2 class=\"elementor-heading-title elementor-size-default\">Vide\u00f3k <\/h2>\t\t<\/div>\n\t\t\t\t<\/div>\n\t\t\t\t<section class=\"elementor-section elementor-inner-section elementor-element elementor-element-7b6ec43 elementor-section-boxed elementor-section-height-default elementor-section-height-default\" data-id=\"7b6ec43\" data-element_type=\"section\">\n\t\t\t\t\t\t<div class=\"elementor-container elementor-column-gap-default\">\n\t\t\t\t\t<div class=\"elementor-column elementor-col-50 elementor-inner-column elementor-element elementor-element-6695746\" data-id=\"6695746\" data-element_type=\"column\">\n\t\t\t<div class=\"elementor-widget-wrap elementor-element-populated\">\n\t\t\t\t\t\t\t\t<div class=\"elementor-element elementor-element-a54eb92 elementor-widget elementor-widget-video\" data-id=\"a54eb92\" data-element_type=\"widget\" data-settings=\"{&quot;youtube_url&quot;:&quot;https:\\\/\\\/www.youtube.com\\\/watch?v=Er7nSTJ6iTc&quot;,&quot;video_type&quot;:&quot;youtube&quot;,&quot;controls&quot;:&quot;yes&quot;}\" data-widget_type=\"video.default\">\n\t\t\t\t<div class=\"elementor-widget-container\">\n\t\t\t\t\t<div class=\"elementor-wrapper elementor-open-inline\">\n\t\t\t<div class=\"elementor-video\"><\/div>\t\t<\/div>\n\t\t\t\t<\/div>\n\t\t\t\t<\/div>\n\t\t\t\t<div class=\"elementor-element elementor-element-8307aa9 elementor-widget elementor-widget-video\" data-id=\"8307aa9\" data-element_type=\"widget\" data-settings=\"{&quot;youtube_url&quot;:&quot;https:\\\/\\\/www.youtube.com\\\/watch?v=o68jmwu1Qcs&quot;,&quot;video_type&quot;:&quot;youtube&quot;,&quot;controls&quot;:&quot;yes&quot;}\" data-widget_type=\"video.default\">\n\t\t\t\t<div class=\"elementor-widget-container\">\n\t\t\t\t\t<div class=\"elementor-wrapper elementor-open-inline\">\n\t\t\t<div class=\"elementor-video\"><\/div>\t\t<\/div>\n\t\t\t\t<\/div>\n\t\t\t\t<\/div>\n\t\t\t\t\t<\/div>\n\t\t<\/div>\n\t\t\t\t<div class=\"elementor-column elementor-col-50 elementor-inner-column elementor-element elementor-element-614534d\" data-id=\"614534d\" data-element_type=\"column\">\n\t\t\t<div class=\"elementor-widget-wrap elementor-element-populated\">\n\t\t\t\t\t\t\t\t<div class=\"elementor-element elementor-element-69b4efc elementor-widget elementor-widget-video\" data-id=\"69b4efc\" data-element_type=\"widget\" data-settings=\"{&quot;youtube_url&quot;:&quot;https:\\\/\\\/www.youtube.com\\\/watch?v=XZlfWG2dgV8&quot;,&quot;video_type&quot;:&quot;youtube&quot;,&quot;controls&quot;:&quot;yes&quot;}\" data-widget_type=\"video.default\">\n\t\t\t\t<div class=\"elementor-widget-container\">\n\t\t\t\t\t<div class=\"elementor-wrapper elementor-open-inline\">\n\t\t\t<div class=\"elementor-video\"><\/div>\t\t<\/div>\n\t\t\t\t<\/div>\n\t\t\t\t<\/div>\n\t\t\t\t\t<\/div>\n\t\t<\/div>\n\t\t\t\t\t\t\t<\/div>\n\t\t<\/section>\n\t\t\t\t\t<\/div>\n\t\t<\/div>\n\t\t\t\t\t\t\t<\/div>\n\t\t<\/section>\n\t\t\t\t\t\t\t<\/div>\n\t\t","protected":false},"excerpt":{"rendered":"<p>H\u00edrek A K\u00f6z\u00f6ss\u00e9gi K\u00f6lts\u00e9gvet\u00e9s sikeress\u00e9g\u00e9t az \u00e9vr\u0151l \u00e9vre n\u00f6vekv\u0151 javaslat- \u00e9s szavazatsz\u00e1m is mutatja. Ebben a men\u00fcpontban a K\u00f6z\u00f6ss\u00e9gi K\u00f6lts\u00e9gvet\u00e9s aktu\u00e1lis h\u00edrei mellett az elm\u00falt \u00e9vek fejleszt\u00e9seit is megn\u00e9zhetik, illetve b\u0151vebb inform\u00e1ci\u00f3t is tal\u00e1lnak egy-egy projekt megval\u00f3s\u00edt\u00e1s\u00e1r\u00f3l. Vide\u00f3k https:\/\/www.youtube.com\/watch?v=Er7nSTJ6iTchttps:\/\/www.youtube.com\/watch?v=o68jmwu1Qcshttps:\/\/www.youtube.com\/watch?v=XZlfWG2dgV8<\/p>\n","protected":false},"author":1,"featured_media":0,"parent":726,"menu_order":0,"comment_status":"closed","ping_status":"closed","template":"elementor_header_footer","meta":{"footnotes":""},"class_list":["post-749","page","type-page","status-publish","hentry"],"yoast_head":"<!-- This site is optimized with the Yoast SEO plugin v21.5 - https:\/\/yoast.com\/wordpress\/plugins\/seo\/ -->\n<title>H\u00edrek - K\u00f6z\u00f6ss\u00e9gi k\u00f6lts\u00e9gvet\u00e9s 2025 \u2013 \u00cdrja meg v\u00e9lem\u00e9ny\u00e9t!<\/title>\n<meta name=\"robots\" content=\"index, follow, max-snippet:-1, max-image-preview:large, max-video-preview:-1\" \/>\n<link rel=\"canonical\" href=\"https:\/\/obuda.hu\/kozossegikoltsegvetes\/kozossegi-koltsegvetes-2023\/hirek\/\" \/>\n<meta property=\"og:locale\" content=\"hu_HU\" \/>\n<meta property=\"og:type\" content=\"article\" \/>\n<meta property=\"og:title\" content=\"H\u00edrek - K\u00f6z\u00f6ss\u00e9gi k\u00f6lts\u00e9gvet\u00e9s 2025 \u2013 \u00cdrja meg v\u00e9lem\u00e9ny\u00e9t!\" \/>\n<meta property=\"og:description\" content=\"H\u00edrek A K\u00f6z\u00f6ss\u00e9gi K\u00f6lts\u00e9gvet\u00e9s sikeress\u00e9g\u00e9t az \u00e9vr\u0151l \u00e9vre n\u00f6vekv\u0151 javaslat- \u00e9s szavazatsz\u00e1m is mutatja. Ebben a men\u00fcpontban a K\u00f6z\u00f6ss\u00e9gi K\u00f6lts\u00e9gvet\u00e9s aktu\u00e1lis h\u00edrei mellett az elm\u00falt \u00e9vek fejleszt\u00e9seit is megn\u00e9zhetik, illetve b\u0151vebb inform\u00e1ci\u00f3t is tal\u00e1lnak egy-egy projekt megval\u00f3s\u00edt\u00e1s\u00e1r\u00f3l. Vide\u00f3k https:\/\/www.youtube.com\/watch?v=Er7nSTJ6iTchttps:\/\/www.youtube.com\/watch?v=o68jmwu1Qcshttps:\/\/www.youtube.com\/watch?v=XZlfWG2dgV8\" \/>\n<meta property=\"og:url\" content=\"https:\/\/obuda.hu\/kozossegikoltsegvetes\/kozossegi-koltsegvetes-2023\/hirek\/\" \/>\n<meta property=\"og:site_name\" content=\"K\u00f6z\u00f6ss\u00e9gi k\u00f6lts\u00e9gvet\u00e9s 2025 \u2013 \u00cdrja meg v\u00e9lem\u00e9ny\u00e9t!\" \/>\n<meta property=\"article:modified_time\" content=\"2023-03-20T11:47:25+00:00\" \/>\n<meta property=\"og:image\" content=\"https:\/\/obuda.hu\/kozossegikoltsegvetes\/wp-content\/uploads\/2023\/03\/KKTSV23_720x450_hero-javaslat.png\" \/>\n<meta name=\"twitter:card\" content=\"summary_large_image\" \/>\n<meta name=\"twitter:label1\" content=\"Becs\u00fclt olvas\u00e1si id\u0151\" \/>\n\t<meta name=\"twitter:data1\" content=\"1 perc\" \/>\n<script type=\"application\/ld+json\" class=\"yoast-schema-graph\">{\"@context\":\"https:\/\/schema.org\",\"@graph\":[{\"@type\":\"WebPage\",\"@id\":\"https:\/\/obuda.hu\/kozossegikoltsegvetes\/kozossegi-koltsegvetes-2023\/hirek\/\",\"url\":\"https:\/\/obuda.hu\/kozossegikoltsegvetes\/kozossegi-koltsegvetes-2023\/hirek\/\",\"name\":\"H\u00edrek - K\u00f6z\u00f6ss\u00e9gi k\u00f6lts\u00e9gvet\u00e9s 2025 \u2013 \u00cdrja meg v\u00e9lem\u00e9ny\u00e9t!\",\"isPartOf\":{\"@id\":\"https:\/\/obuda.hu\/kozossegikoltsegvetes\/#website\"},\"datePublished\":\"2023-01-24T14:58:08+00:00\",\"dateModified\":\"2023-03-20T11:47:25+00:00\",\"breadcrumb\":{\"@id\":\"https:\/\/obuda.hu\/kozossegikoltsegvetes\/kozossegi-koltsegvetes-2023\/hirek\/#breadcrumb\"},\"inLanguage\":\"hu\",\"potentialAction\":[{\"@type\":\"ReadAction\",\"target\":[\"https:\/\/obuda.hu\/kozossegikoltsegvetes\/kozossegi-koltsegvetes-2023\/hirek\/\"]}]},{\"@type\":\"BreadcrumbList\",\"@id\":\"https:\/\/obuda.hu\/kozossegikoltsegvetes\/kozossegi-koltsegvetes-2023\/hirek\/#breadcrumb\",\"itemListElement\":[{\"@type\":\"ListItem\",\"position\":1,\"name\":\"Home\",\"item\":\"https:\/\/obuda.hu\/kozossegikoltsegvetes\/\"},{\"@type\":\"ListItem\",\"position\":2,\"name\":\"K\u00f6z\u00f6ss\u00e9gi k\u00f6lts\u00e9gvet\u00e9s 2023\",\"item\":\"https:\/\/obuda.hu\/kozossegikoltsegvetes\/kozossegi-koltsegvetes-2023\/\"},{\"@type\":\"ListItem\",\"position\":3,\"name\":\"H\u00edrek\"}]},{\"@type\":\"WebSite\",\"@id\":\"https:\/\/obuda.hu\/kozossegikoltsegvetes\/#website\",\"url\":\"https:\/\/obuda.hu\/kozossegikoltsegvetes\/\",\"name\":\"K\u00f6z\u00f6ss\u00e9gi k\u00f6lts\u00e9gvet\u00e9s 2025 \u2013 \u00cdrja meg v\u00e9lem\u00e9ny\u00e9t!\",\"description\":\"\",\"potentialAction\":[{\"@type\":\"SearchAction\",\"target\":{\"@type\":\"EntryPoint\",\"urlTemplate\":\"https:\/\/obuda.hu\/kozossegikoltsegvetes\/?s={search_term_string}\"},\"query-input\":\"required name=search_term_string\"}],\"inLanguage\":\"hu\"}]}<\/script>\n<!-- \/ Yoast SEO plugin. -->","yoast_head_json":{"title":"H\u00edrek - K\u00f6z\u00f6ss\u00e9gi k\u00f6lts\u00e9gvet\u00e9s 2025 \u2013 \u00cdrja meg v\u00e9lem\u00e9ny\u00e9t!","robots":{"index":"index","follow":"follow","max-snippet":"max-snippet:-1","max-image-preview":"max-image-preview:large","max-video-preview":"max-video-preview:-1"},"canonical":"https:\/\/obuda.hu\/kozossegikoltsegvetes\/kozossegi-koltsegvetes-2023\/hirek\/","og_locale":"hu_HU","og_type":"article","og_title":"H\u00edrek - K\u00f6z\u00f6ss\u00e9gi k\u00f6lts\u00e9gvet\u00e9s 2025 \u2013 \u00cdrja meg v\u00e9lem\u00e9ny\u00e9t!","og_description":"H\u00edrek A K\u00f6z\u00f6ss\u00e9gi K\u00f6lts\u00e9gvet\u00e9s sikeress\u00e9g\u00e9t az \u00e9vr\u0151l \u00e9vre n\u00f6vekv\u0151 javaslat- \u00e9s szavazatsz\u00e1m is mutatja. Ebben a men\u00fcpontban a K\u00f6z\u00f6ss\u00e9gi K\u00f6lts\u00e9gvet\u00e9s aktu\u00e1lis h\u00edrei mellett az elm\u00falt \u00e9vek fejleszt\u00e9seit is megn\u00e9zhetik, illetve b\u0151vebb inform\u00e1ci\u00f3t is tal\u00e1lnak egy-egy projekt megval\u00f3s\u00edt\u00e1s\u00e1r\u00f3l. Vide\u00f3k https:\/\/www.youtube.com\/watch?v=Er7nSTJ6iTchttps:\/\/www.youtube.com\/watch?v=o68jmwu1Qcshttps:\/\/www.youtube.com\/watch?v=XZlfWG2dgV8","og_url":"https:\/\/obuda.hu\/kozossegikoltsegvetes\/kozossegi-koltsegvetes-2023\/hirek\/","og_site_name":"K\u00f6z\u00f6ss\u00e9gi k\u00f6lts\u00e9gvet\u00e9s 2025 \u2013 \u00cdrja meg v\u00e9lem\u00e9ny\u00e9t!","article_modified_time":"2023-03-20T11:47:25+00:00","og_image":[{"url":"https:\/\/obuda.hu\/kozossegikoltsegvetes\/wp-content\/uploads\/2023\/03\/KKTSV23_720x450_hero-javaslat.png"}],"twitter_card":"summary_large_image","twitter_misc":{"Becs\u00fclt olvas\u00e1si id\u0151":"1 perc"},"schema":{"@context":"https:\/\/schema.org","@graph":[{"@type":"WebPage","@id":"https:\/\/obuda.hu\/kozossegikoltsegvetes\/kozossegi-koltsegvetes-2023\/hirek\/","url":"https:\/\/obuda.hu\/kozossegikoltsegvetes\/kozossegi-koltsegvetes-2023\/hirek\/","name":"H\u00edrek - K\u00f6z\u00f6ss\u00e9gi k\u00f6lts\u00e9gvet\u00e9s 2025 \u2013 \u00cdrja meg v\u00e9lem\u00e9ny\u00e9t!","isPartOf":{"@id":"https:\/\/obuda.hu\/kozossegikoltsegvetes\/#website"},"datePublished":"2023-01-24T14:58:08+00:00","dateModified":"2023-03-20T11:47:25+00:00","breadcrumb":{"@id":"https:\/\/obuda.hu\/kozossegikoltsegvetes\/kozossegi-koltsegvetes-2023\/hirek\/#breadcrumb"},"inLanguage":"hu","potentialAction":[{"@type":"ReadAction","target":["https:\/\/obuda.hu\/kozossegikoltsegvetes\/kozossegi-koltsegvetes-2023\/hirek\/"]}]},{"@type":"BreadcrumbList","@id":"https:\/\/obuda.hu\/kozossegikoltsegvetes\/kozossegi-koltsegvetes-2023\/hirek\/#breadcrumb","itemListElement":[{"@type":"ListItem","position":1,"name":"Home","item":"https:\/\/obuda.hu\/kozossegikoltsegvetes\/"},{"@type":"ListItem","position":2,"name":"K\u00f6z\u00f6ss\u00e9gi k\u00f6lts\u00e9gvet\u00e9s 2023","item":"https:\/\/obuda.hu\/kozossegikoltsegvetes\/kozossegi-koltsegvetes-2023\/"},{"@type":"ListItem","position":3,"name":"H\u00edrek"}]},{"@type":"WebSite","@id":"https:\/\/obuda.hu\/kozossegikoltsegvetes\/#website","url":"https:\/\/obuda.hu\/kozossegikoltsegvetes\/","name":"K\u00f6z\u00f6ss\u00e9gi k\u00f6lts\u00e9gvet\u00e9s 2025 \u2013 \u00cdrja meg v\u00e9lem\u00e9ny\u00e9t!","description":"","potentialAction":[{"@type":"SearchAction","target":{"@type":"EntryPoint","urlTemplate":"https:\/\/obuda.hu\/kozossegikoltsegvetes\/?s={search_term_string}"},"query-input":"required name=search_term_string"}],"inLanguage":"hu"}]}},"publishpress_future_action":{"enabled":false,"date":"2026-05-13 10:38:04","action":"change-status","newStatus":"draft","terms":[],"taxonomy":""},"publishpress_future_workflow_manual_trigger":{"enabledWorkflows":[]},"_links":{"self":[{"href":"https:\/\/obuda.hu\/kozossegikoltsegvetes\/wp-json\/wp\/v2\/pages\/749","targetHints":{"allow":["GET"]}}],"collection":[{"href":"https:\/\/obuda.hu\/kozossegikoltsegvetes\/wp-json\/wp\/v2\/pages"}],"about":[{"href":"https:\/\/obuda.hu\/kozossegikoltsegvetes\/wp-json\/wp\/v2\/types\/page"}],"author":[{"embeddable":true,"href":"https:\/\/obuda.hu\/kozossegikoltsegvetes\/wp-json\/wp\/v2\/users\/1"}],"replies":[{"embeddable":true,"href":"https:\/\/obuda.hu\/kozossegikoltsegvetes\/wp-json\/wp\/v2\/comments?post=749"}],"version-history":[{"count":194,"href":"https:\/\/obuda.hu\/kozossegikoltsegvetes\/wp-json\/wp\/v2\/pages\/749\/revisions"}],"predecessor-version":[{"id":1223,"href":"https:\/\/obuda.hu\/kozossegikoltsegvetes\/wp-json\/wp\/v2\/pages\/749\/revisions\/1223"}],"up":[{"embeddable":true,"href":"https:\/\/obuda.hu\/kozossegikoltsegvetes\/wp-json\/wp\/v2\/pages\/726"}],"wp:attachment":[{"href":"https:\/\/obuda.hu\/kozossegikoltsegvetes\/wp-json\/wp\/v2\/media?parent=749"}],"curies":[{"name":"wp","href":"https:\/\/api.w.org\/{rel}","templated":true}]}}